{"id":149328,"date":"2021-01-15T10:59:19","date_gmt":"2021-01-15T10:59:19","guid":{"rendered":"https:\/\/codengine3.ch\/?product=import-placeholder-for-200994"},"modified":"2025-12-12T14:20:03","modified_gmt":"2025-12-12T13:20:03","slug":"derborence","status":"publish","type":"product","link":"https:\/\/pizbube.ch\/en\/shop\/derborence\/","title":{"rendered":"Derborence"},"content":{"rendered":"<p>Als 1714 der erste Bergsturz auf die Weiden von Derborence niedergeht, glaubt<br \/>\nniemand daran, dass einer der M\u00e4nner, die oben waren, das Ungl\u00fcck \u00fcberlebt<br \/>\nhaben k\u00f6nnte. Doch rund drei Monate sp\u00e4ter taucht der Hirt Antoine wieder im<br \/>\nDorf auf. Seine Frau Th\u00e9r\u00e8se kann im abgemagerten und verwirrten Mann ihren<br \/>\nGatten kaum mehr erkennen.<\/p>\n<p>Antoine, der die Zeit in einer halbzerst\u00f6rten Bergh\u00fctte verbracht hat, gleicht<br \/>\nwohl tats\u00e4chlich eher einem Geist, f\u00fcr den er gehalten wird, als einem<br \/>\nMenschen.<\/p>\n<p>Th\u00e9r\u00e8se l\u00e4sst sich davon nicht abschrecken. Auch nicht, als Antoine sich<br \/>\nerneut in die Berge zur\u00fcckzieht. Sie folgt ihm und holt ihn zu den Lebenden<br \/>\nzur\u00fcck.<\/p>\n<p>\u00dcbersetzt von Hanno Helbling<\/p>\n<div class=\"details\">200 Seiten, Leinen bedruckt<br \/>\n3., Aufl., M\u00e4rz 2021<\/div>","protected":false},"excerpt":{"rendered":"<p>Als 1714 der erste Bergsturz auf die Weiden von Derborence niedergeht, glaubt niemand daran, dass einer der M\u00e4nner, die oben waren, das Ungl\u00fcck \u00fcberlebt haben k\u00f6nnte. Doch rund drei Monate sp\u00e4ter taucht der Hirt Antoine wieder im Dorf auf. Seine Frau Th\u00e9r\u00e8se kann im abgemagerten und verwirrten Mann ihren Gatten kaum mehr erkennen. Antoine, der [&#8230;]\n","protected":false},"featured_media":156381,"template":"","meta":[],"product_brand":[],"product_cat":[21629],"product_tag":[],"class_list":{"0":"post-149328","1":"product","2":"type-product","3":"status-publish","4":"has-post-thumbnail","6":"product_cat-belletristik","7":"pa_autor-ramuz","8":"pa_erscheinungsjahr-25440","9":"pa_region-schweiz","10":"pa_sprache-de","12":"first","13":"instock","14":"taxable","15":"shipping-taxable","16":"purchasable","17":"product-type-simple"},"_links":{"self":[{"href":"https:\/\/pizbube.ch\/en\/wp-json\/wp\/v2\/product\/149328","targetHints":{"allow":["GET"]}}],"collection":[{"href":"https:\/\/pizbube.ch\/en\/wp-json\/wp\/v2\/product"}],"about":[{"href":"https:\/\/pizbube.ch\/en\/wp-json\/wp\/v2\/types\/product"}],"wp:featuredmedia":[{"embeddable":true,"href":"https:\/\/pizbube.ch\/en\/wp-json\/wp\/v2\/media\/156381"}],"wp:attachment":[{"href":"https:\/\/pizbube.ch\/en\/wp-json\/wp\/v2\/media?parent=149328"}],"wp:term":[{"taxonomy":"product_brand","embeddable":true,"href":"https:\/\/pizbube.ch\/en\/wp-json\/wp\/v2\/product_brand?post=149328"},{"taxonomy":"product_cat","embeddable":true,"href":"https:\/\/pizbube.ch\/en\/wp-json\/wp\/v2\/product_cat?post=149328"},{"taxonomy":"product_tag","embeddable":true,"href":"https:\/\/pizbube.ch\/en\/wp-json\/wp\/v2\/product_tag?post=149328"}],"curies":[{"name":"wp","href":"https:\/\/api.w.org\/{rel}","templated":true}]}}