{"id":149329,"date":"2021-01-15T10:59:19","date_gmt":"2021-01-15T10:59:19","guid":{"rendered":"https:\/\/codengine3.ch\/?product=import-placeholder-for-207221"},"modified":"2025-11-14T12:18:09","modified_gmt":"2025-11-14T11:18:09","slug":"berge-entstehen-berge-vergehen","status":"publish","type":"product","link":"https:\/\/pizbube.ch\/en\/shop\/berge-entstehen-berge-vergehen\/","title":{"rendered":"Berge entstehen &#8211; Berge vergehen"},"content":{"rendered":"<p>Wanderungen zu Bergst\u00fcrzen entlang der Alpen<\/p>\n<p>100 Millionen Jahre dauerte die Alpenbildung, vor rund 1,5 Millionen Jahren<br \/>\nendete sie. Seither sind die Berge den Kr\u00e4ften der Natur ausgesetzt. Von uns<br \/>\nMenschen meist unbemerkt, langsam und stetig nagen Wind und Wetter an ihnen,<br \/>\nver\u00e4ndern Form und Gestalt.<br \/>\nBergst\u00fcrze sind Teil dieses Prozesses. Doch sie sind pl\u00f6tzlich und schnell,<br \/>\nihre Auswirkungen sind verheerend. M\u00e4chtige Gesteinsmassen l\u00f6sen sich von den<br \/>\nFelsen. Sie st\u00fcrzen mit grosser Kraft zu Tal, so weit und lange bis sich ihre<br \/>\nEnergie ersch\u00f6pft.<\/p>\n<p>Dieses Buch f\u00fchrt entlang des n\u00f6rdlichen Alpenrands zu zehn Schaupl\u00e4tzen von<br \/>\nBergst\u00fcrzen. Wandernd geht es der Frage nach, welche Spuren sie hinterlassen<br \/>\nhaben, wie sich die Landschaft ver\u00e4nderte und wie sich die Menschen dieser<br \/>\nHerausforderung stellten. Denn wo es Menschen gibt, werden Bergst\u00fcrze zur<br \/>\nKatastrophe. Immer sind sie schrecklich und faszinierend zugleich.<\/p>","protected":false},"excerpt":{"rendered":"<p>Wanderungen zu Bergst\u00fcrzen entlang der Alpen 100 Millionen Jahre dauerte die Alpenbildung, vor rund 1,5 Millionen Jahren endete sie. Seither sind die Berge den Kr\u00e4ften der Natur ausgesetzt. Von uns Menschen meist unbemerkt, langsam und stetig nagen Wind und Wetter an ihnen, ver\u00e4ndern Form und Gestalt. Bergst\u00fcrze sind Teil dieses Prozesses. Doch sie sind pl\u00f6tzlich [&#8230;]\n","protected":false},"featured_media":182164,"template":"","meta":[],"product_brand":[],"product_cat":[21605],"product_tag":[],"class_list":{"0":"post-149329","1":"product","2":"type-product","3":"status-publish","4":"has-post-thumbnail","6":"product_cat-wanderfuehrer-trekking","7":"pa_autor-flueeler","8":"pa_erscheinungsjahr-21610","9":"pa_region-schweiz","10":"pa_sprache-de","12":"first","13":"instock","14":"taxable","15":"shipping-taxable","16":"purchasable","17":"product-type-simple"},"_links":{"self":[{"href":"https:\/\/pizbube.ch\/en\/wp-json\/wp\/v2\/product\/149329","targetHints":{"allow":["GET"]}}],"collection":[{"href":"https:\/\/pizbube.ch\/en\/wp-json\/wp\/v2\/product"}],"about":[{"href":"https:\/\/pizbube.ch\/en\/wp-json\/wp\/v2\/types\/product"}],"wp:featuredmedia":[{"embeddable":true,"href":"https:\/\/pizbube.ch\/en\/wp-json\/wp\/v2\/media\/182164"}],"wp:attachment":[{"href":"https:\/\/pizbube.ch\/en\/wp-json\/wp\/v2\/media?parent=149329"}],"wp:term":[{"taxonomy":"product_brand","embeddable":true,"href":"https:\/\/pizbube.ch\/en\/wp-json\/wp\/v2\/product_brand?post=149329"},{"taxonomy":"product_cat","embeddable":true,"href":"https:\/\/pizbube.ch\/en\/wp-json\/wp\/v2\/product_cat?post=149329"},{"taxonomy":"product_tag","embeddable":true,"href":"https:\/\/pizbube.ch\/en\/wp-json\/wp\/v2\/product_tag?post=149329"}],"curies":[{"name":"wp","href":"https:\/\/api.w.org\/{rel}","templated":true}]}}