{"id":149339,"date":"2021-01-15T10:59:20","date_gmt":"2021-01-15T10:59:20","guid":{"rendered":"https:\/\/codengine3.ch\/?product=import-placeholder-for-204276"},"modified":"2021-01-15T14:31:33","modified_gmt":"2021-01-15T14:31:33","slug":"wanderkarte-obertoggenburg-alpstein-125000","status":"publish","type":"product","link":"https:\/\/pizbube.ch\/en\/shop\/wanderkarte-obertoggenburg-alpstein-125000\/","title":{"rendered":"Wanderkarte Obertoggenburg Alpstein 1:25`000"},"content":{"rendered":"<p>Wanderkarte Oberetoggenburg Alpstein 1:25 000 mit Wander- und Bergwanderwegen<br \/>\nund neu mit<br \/>\n10 attraktiven Wandervorschl\u00e4gen auf der R\u00fcckseite!<\/p>\n<p>Kartenzusammensetzung im Massstab 1:25&#8217;000. Alle signalisierten Wanderwege.<br \/>\nN\u00fctzliche Informationen f\u00fcr Outdoor-Geniesser. \/ Map composition at scale<br \/>\n1:25&#8217;000. All signalized hiking trails. Providing useful information for<br \/>\noutdoor lovers  <\/p>","protected":false},"excerpt":{"rendered":"<p>Wanderkarte Oberetoggenburg Alpstein 1:25 000 mit Wander- und Bergwanderwegen und neu mit 10 attraktiven Wandervorschl\u00e4gen auf der R\u00fcckseite! Kartenzusammensetzung im Massstab 1:25&#8217;000. Alle signalisierten Wanderwege. N\u00fctzliche Informationen f\u00fcr Outdoor-Geniesser. \/ Map composition at scale 1:25&#8217;000. All signalized hiking trails. Providing useful information for outdoor lovers<\/p>","protected":false},"featured_media":39436,"template":"","meta":[],"product_brand":[],"product_cat":[21543],"product_tag":[],"class_list":{"0":"post-149339","1":"product","2":"type-product","3":"status-publish","4":"has-post-thumbnail","6":"product_cat-landkarten","7":"pa_autor-sg-wanderwege-of","8":"pa_erscheinungsjahr-21546","9":"pa_region-schweiz","10":"pa_sprache-de","12":"first","13":"instock","14":"taxable","15":"shipping-taxable","16":"purchasable","17":"product-type-simple"},"_links":{"self":[{"href":"https:\/\/pizbube.ch\/en\/wp-json\/wp\/v2\/product\/149339","targetHints":{"allow":["GET"]}}],"collection":[{"href":"https:\/\/pizbube.ch\/en\/wp-json\/wp\/v2\/product"}],"about":[{"href":"https:\/\/pizbube.ch\/en\/wp-json\/wp\/v2\/types\/product"}],"wp:featuredmedia":[{"embeddable":true,"href":"https:\/\/pizbube.ch\/en\/wp-json\/wp\/v2\/media\/39436"}],"wp:attachment":[{"href":"https:\/\/pizbube.ch\/en\/wp-json\/wp\/v2\/media?parent=149339"}],"wp:term":[{"taxonomy":"product_brand","embeddable":true,"href":"https:\/\/pizbube.ch\/en\/wp-json\/wp\/v2\/product_brand?post=149339"},{"taxonomy":"product_cat","embeddable":true,"href":"https:\/\/pizbube.ch\/en\/wp-json\/wp\/v2\/product_cat?post=149339"},{"taxonomy":"product_tag","embeddable":true,"href":"https:\/\/pizbube.ch\/en\/wp-json\/wp\/v2\/product_tag?post=149339"}],"curies":[{"name":"wp","href":"https:\/\/api.w.org\/{rel}","templated":true}]}}