{"id":149341,"date":"2021-01-15T10:59:20","date_gmt":"2021-01-15T10:59:20","guid":{"rendered":"https:\/\/codengine3.ch\/?product=import-placeholder-for-202431"},"modified":"2021-01-15T12:36:13","modified_gmt":"2021-01-15T12:36:13","slug":"appenzeller-land","status":"publish","type":"product","link":"https:\/\/pizbube.ch\/en\/shop\/appenzeller-land\/","title":{"rendered":"Appenzeller Land"},"content":{"rendered":"<p>\nDie sch\u00f6nsten Tal- und H\u00f6henwanderungen &#8211; 50 Touren<\/p>\n<p>Vielfalt auf kleinstem Raum \u2013 von sanften H\u00fcgeln und Alpweiden bis zur<br \/>\nhochalpinen Felsszenerie ist im Appenzellerland alles geboten. Auf \u00fcber 1200<br \/>\nKilometern markierter Wege kann die Region zwischen Bodensee und Alpstein<br \/>\nerkundet werden. Der Rother Wanderf\u00fchrer \u00bbAppenzellerland\u00ab stellt 50<br \/>\nausgew\u00e4hlte Touren in diesem Wander-Eldorado vor.  <\/p>\n<p>Genusswanderer durchstreifen das Vogelparadies G\u00fcbsensee oder schlendern \u00fcber<br \/>\ndie au\u00dfergew\u00f6hnlich blumenreiche Alp Sigel. Beschauliche Touren f\u00fchren auch<br \/>\nauf herrliche Aussichtsberge wie den Hohen Hirschberg und den Kronberg.<br \/>\nAmbitionierteren Wanderer bieten sich auch hochalpine, zum Teil mehrt\u00e4gige<br \/>\nBergtouren durch den Alpstein an \u2013 mit dem k\u00fchnen Altmann oder dem imposan-ten<br \/>\nS\u00e4ntis, wo sogar ein kleiner Gletscherrest dem Klimawandel trotzt. Dazu bieten<br \/>\nhistorische St\u00e4tten wie die Burgruine Clanx und die Gedenkkapelle am Stoss,<br \/>\ndie an den Appenzeller Freiheitskampf erinnert, spannende Einblicke in die<br \/>\nGeschichte.  <\/p>\n<p>Viele der 50 Wanderungen eignen sich auch gut f\u00fcr Familien mit Kindern. Die<br \/>\nmeisten Ausgangs- und Endpunkte sind mit \u00f6ffentlichen Verkehrsmitteln<br \/>\nerreichbar. \u00dcbersichtliche Kurzinfos, detaillierte Wan-derk\u00e4rtchen mit<br \/>\neingezeichnetem Routenverlauf, H\u00f6henprofile und zuverl\u00e4ssige Wegbeschreibungen<br \/>\nmachen alle Tourenvorschl\u00e4ge leicht und sicher nachvollziehbar.<\/p>\n<p>Erg\u00e4nzend stehen GPS-Daten zum Download von der Internetseite des Bergverlag<br \/>\nRother zur Verf\u00fcgung. Tipps zu Einkehrm\u00f6glichkeiten, Ausflugszielen und<br \/>\nSehensw\u00fcrdigkeiten machen den Wanderurlaub im Appenzellerland perfekt!<\/p>\n<p>10. Auflage 2020; 136 Seiten mit 68 Farbabbildungen<br \/>\n50 H\u00f6henprofile, 50 Wanderk\u00e4rtchen im Ma\u00dfstab 1:50.000, 1:75.000 und<br \/>\n1:100.000, zwei Touren\u00fcbersichtskarten im Ma\u00dfstab 1:200.000 und 1:500.000<\/p>","protected":false},"excerpt":{"rendered":"<ul>\n<li><a href=\"https:\/\/pizbube.ch\/wp-content\/uploads\/attachments\/a_029\/D17039F1AC86850BD38F058819B21BDC.pdf\" target=\"_blank\" rel=\"noopener\">PDF: appenzellerland_inhalt.pdf<\/a><\/li>\n<\/ul>","protected":false},"featured_media":40714,"template":"","meta":[],"product_brand":[],"product_cat":[21605],"product_tag":[],"class_list":{"0":"post-149341","1":"product","2":"type-product","3":"status-publish","4":"has-post-thumbnail","6":"product_cat-wanderfuehrer-trekking","7":"pa_autor-lippuner","8":"pa_erscheinungsjahr-21558","9":"pa_region-schweiz","10":"pa_sprache-de","12":"first","13":"instock","14":"taxable","15":"shipping-taxable","16":"purchasable","17":"product-type-simple"},"_links":{"self":[{"href":"https:\/\/pizbube.ch\/en\/wp-json\/wp\/v2\/product\/149341","targetHints":{"allow":["GET"]}}],"collection":[{"href":"https:\/\/pizbube.ch\/en\/wp-json\/wp\/v2\/product"}],"about":[{"href":"https:\/\/pizbube.ch\/en\/wp-json\/wp\/v2\/types\/product"}],"wp:featuredmedia":[{"embeddable":true,"href":"https:\/\/pizbube.ch\/en\/wp-json\/wp\/v2\/media\/40714"}],"wp:attachment":[{"href":"https:\/\/pizbube.ch\/en\/wp-json\/wp\/v2\/media?parent=149341"}],"wp:term":[{"taxonomy":"product_brand","embeddable":true,"href":"https:\/\/pizbube.ch\/en\/wp-json\/wp\/v2\/product_brand?post=149341"},{"taxonomy":"product_cat","embeddable":true,"href":"https:\/\/pizbube.ch\/en\/wp-json\/wp\/v2\/product_cat?post=149341"},{"taxonomy":"product_tag","embeddable":true,"href":"https:\/\/pizbube.ch\/en\/wp-json\/wp\/v2\/product_tag?post=149341"}],"curies":[{"name":"wp","href":"https:\/\/api.w.org\/{rel}","templated":true}]}}