{"id":149342,"date":"2021-01-15T10:59:20","date_gmt":"2021-01-15T10:59:20","guid":{"rendered":"https:\/\/codengine3.ch\/?product=import-placeholder-for-203813"},"modified":"2022-12-13T14:12:51","modified_gmt":"2022-12-13T13:12:51","slug":"kreuz-und-quer-durchs-toggenburg","status":"publish","type":"product","link":"https:\/\/pizbube.ch\/en\/shop\/kreuz-und-quer-durchs-toggenburg\/","title":{"rendered":"Kreuz und quer durchs Toggenburg"},"content":{"rendered":"<p>17 Wanderungen zwischen S\u00e4ntis und Schnebelhorn. Dyttrich stellt 12 eint\u00e4gige<br \/>\nund 5 zweit\u00e4gige Touren vor: Sie f\u00fchren vorbei an H\u00f6hlen und Hochmooren, \u00fcber<br \/>\nGrate und Karrenfelder zu bekannteren und unbekannteren Gipfeln wie dem Speer,<br \/>\ndem Leistchamm oder dem L\u00fctispitz. Passwanderungen f\u00fchren in angrenzende<br \/>\nRegionen, etwa an die sonnigen Ufer des Walensees.<\/p>\n<p>Der Serviceteil enth\u00e4lt alle n\u00f6tigen Angaben f\u00fcr Anreise, Unterkunft,<br \/>\nSicherheit und Besichtigungen unterwegs. Daneben Wissenswertes \u00fcber die<br \/>\naufm\u00fcpfigen Toggenburger, die jahrhundertelang von der Unabh\u00e4ngigkeit<br \/>\ntr\u00e4umten, \u00fcber die Bl\u00fctezeit der Textilheimindustrie im 18. Jahrhundert, \u00fcber<br \/>\ndie erste Bauernmalerin der Schweiz. Auch die Gegenwart kommt nicht zu kurz:<br \/>\nBegegnungen mit K\u00e4sern und Kulturschaffenden und mit der au\u00dfergew\u00f6hnlichen<br \/>\nMusiktheatergruppe Die Regierung. Dank der zahlreichen Hinweise auf Standorte<br \/>\nspezieller Pflanzen ist das Buch auch f\u00fcr Bergblumenfans eine Fundgrube.<\/p>","protected":false},"excerpt":{"rendered":"<p>17 Wanderungen zwischen S\u00e4ntis und Schnebelhorn. Dyttrich stellt 12 eint\u00e4gige und 5 zweit\u00e4gige Touren vor: Sie f\u00fchren vorbei an H\u00f6hlen und Hochmooren, \u00fcber Grate und Karrenfelder zu bekannteren und unbekannteren Gipfeln wie dem Speer, dem Leistchamm oder dem L\u00fctispitz. Passwanderungen f\u00fchren in angrenzende Regionen, etwa an die sonnigen Ufer des Walensees. Der Serviceteil enth\u00e4lt alle [&#8230;]\n","protected":false},"featured_media":31505,"template":"","meta":[],"product_brand":[],"product_cat":[21605],"product_tag":[],"class_list":{"0":"post-149342","1":"product","2":"type-product","3":"status-publish","4":"has-post-thumbnail","6":"product_cat-wanderfuehrer-trekking","7":"pa_autor-dyttich","8":"pa_erscheinungsjahr-21776","9":"pa_region-schweiz","10":"pa_sprache-de","12":"first","13":"outofstock","14":"taxable","15":"shipping-taxable","16":"purchasable","17":"product-type-simple"},"_links":{"self":[{"href":"https:\/\/pizbube.ch\/en\/wp-json\/wp\/v2\/product\/149342","targetHints":{"allow":["GET"]}}],"collection":[{"href":"https:\/\/pizbube.ch\/en\/wp-json\/wp\/v2\/product"}],"about":[{"href":"https:\/\/pizbube.ch\/en\/wp-json\/wp\/v2\/types\/product"}],"wp:featuredmedia":[{"embeddable":true,"href":"https:\/\/pizbube.ch\/en\/wp-json\/wp\/v2\/media\/31505"}],"wp:attachment":[{"href":"https:\/\/pizbube.ch\/en\/wp-json\/wp\/v2\/media?parent=149342"}],"wp:term":[{"taxonomy":"product_brand","embeddable":true,"href":"https:\/\/pizbube.ch\/en\/wp-json\/wp\/v2\/product_brand?post=149342"},{"taxonomy":"product_cat","embeddable":true,"href":"https:\/\/pizbube.ch\/en\/wp-json\/wp\/v2\/product_cat?post=149342"},{"taxonomy":"product_tag","embeddable":true,"href":"https:\/\/pizbube.ch\/en\/wp-json\/wp\/v2\/product_tag?post=149342"}],"curies":[{"name":"wp","href":"https:\/\/api.w.org\/{rel}","templated":true}]}}