{"id":149344,"date":"2021-01-15T10:59:20","date_gmt":"2021-01-15T10:59:20","guid":{"rendered":"https:\/\/codengine3.ch\/?product=import-placeholder-for-204564"},"modified":"2021-01-15T14:34:29","modified_gmt":"2021-01-15T14:34:29","slug":"wandern-rund-um-den-saentis","status":"publish","type":"product","link":"https:\/\/pizbube.ch\/en\/shop\/wandern-rund-um-den-saentis\/","title":{"rendered":"Wandern rund um den S\u00e4ntis"},"content":{"rendered":"<p>Rund um den S\u00e4ntis erstreckt sich ein Wanderparadies, das spektakul\u00e4re Gipfel,<br \/>\nkarge Felsen, gem\u00fctliche Alpbeizli, tiefblaue Seen und kulturell interessante<br \/>\nD\u00f6rfer und St\u00e4dte vereint. 30 Wanderungen erschliessen die vielf\u00e4ltige<br \/>\nLandschaft zwischen S\u00e4ntis, Pizol und Bodensee &#8211; erg\u00e4nzt durch Portr\u00e4ts von<br \/>\nMenschen, die hier leben und arbeiten.<\/p>\n<p>Stimmungsvolle Bilder zeigen die Ostschweiz von ihrer sch\u00f6nsten Seite.<br \/>\nFundierte Texte blicken \u00fcber den Wegrand hinaus und erz\u00e4hlen von spannenden<br \/>\nHintergr\u00fcnden. Die ausgew\u00e4hlten Routen reichen von einfachen Wanderungen im<br \/>\nTal bis zu anspruchsvollen Bergtouren, sie sind mit allen Angaben zu<br \/>\nZeitdauer, Anreise, Einkehrm\u00f6glichkeiten sowie einer \u00dcbersichtskarte versehen.<\/p>\n<p>Die sch\u00f6nsten Wanderungen zwischen Bodensee und Sarganserland, Rheintal und<br \/>\nThurgau.<br \/>\n30 Wanderungen zwischen Pizol, S\u00e4ntis und Bodensee.<br \/>\nMit Hintergrundinformationen und allen praktischen Angaben f\u00fcr unterwegs.  <\/p>","protected":false},"excerpt":{"rendered":"<p>Rund um den S\u00e4ntis erstreckt sich ein Wanderparadies, das spektakul\u00e4re Gipfel, karge Felsen, gem\u00fctliche Alpbeizli, tiefblaue Seen und kulturell interessante D\u00f6rfer und St\u00e4dte vereint. 30 Wanderungen erschliessen die vielf\u00e4ltige Landschaft zwischen S\u00e4ntis, Pizol und Bodensee &#8211; erg\u00e4nzt durch Portr\u00e4ts von Menschen, die hier leben und arbeiten. Stimmungsvolle Bilder zeigen die Ostschweiz von ihrer sch\u00f6nsten Seite. [&#8230;]\n","protected":false},"featured_media":32690,"template":"","meta":[],"product_brand":[],"product_cat":[21605],"product_tag":[],"class_list":{"0":"post-149344","1":"product","2":"type-product","3":"status-publish","4":"has-post-thumbnail","6":"product_cat-wanderfuehrer-trekking","7":"pa_autor-papachristos-rickenbach-gerth","8":"pa_erscheinungsjahr-21597","9":"pa_region-schweiz","10":"pa_sprache-de","12":"first","13":"instock","14":"taxable","15":"shipping-taxable","16":"purchasable","17":"product-type-simple"},"_links":{"self":[{"href":"https:\/\/pizbube.ch\/en\/wp-json\/wp\/v2\/product\/149344","targetHints":{"allow":["GET"]}}],"collection":[{"href":"https:\/\/pizbube.ch\/en\/wp-json\/wp\/v2\/product"}],"about":[{"href":"https:\/\/pizbube.ch\/en\/wp-json\/wp\/v2\/types\/product"}],"wp:featuredmedia":[{"embeddable":true,"href":"https:\/\/pizbube.ch\/en\/wp-json\/wp\/v2\/media\/32690"}],"wp:attachment":[{"href":"https:\/\/pizbube.ch\/en\/wp-json\/wp\/v2\/media?parent=149344"}],"wp:term":[{"taxonomy":"product_brand","embeddable":true,"href":"https:\/\/pizbube.ch\/en\/wp-json\/wp\/v2\/product_brand?post=149344"},{"taxonomy":"product_cat","embeddable":true,"href":"https:\/\/pizbube.ch\/en\/wp-json\/wp\/v2\/product_cat?post=149344"},{"taxonomy":"product_tag","embeddable":true,"href":"https:\/\/pizbube.ch\/en\/wp-json\/wp\/v2\/product_tag?post=149344"}],"curies":[{"name":"wp","href":"https:\/\/api.w.org\/{rel}","templated":true}]}}