{"id":149345,"date":"2021-01-15T10:59:20","date_gmt":"2021-01-15T10:59:20","guid":{"rendered":"https:\/\/codengine3.ch\/?product=import-placeholder-for-206743"},"modified":"2025-10-08T18:11:50","modified_gmt":"2025-10-08T16:11:50","slug":"saentis-berg-mit-bewegter-geschichte","status":"publish","type":"product","link":"https:\/\/pizbube.ch\/en\/shop\/saentis-berg-mit-bewegter-geschichte\/","title":{"rendered":"S\u00e4ntis &#8211; Berg mit bewegter Geschichte"},"content":{"rendered":"<p>Der S\u00e4ntis ist eine eindr\u00fcckliche, weithin sichtbare Landmarke mitten im<br \/>\nH\u00fcgelland der Ostschweiz. F\u00fcr die Bewohner der n\u00e4heren und weiteren Umgebung<br \/>\nist er zudem ein St\u00fcck Heimat. Adi K\u00e4lin ergr\u00fcndet die Faszination, die seit<br \/>\nJahrhunderten von diesem Hochgebirge ausgeht.<br \/>\nDas illustrierte Sachbuch begibt sich auf die Spuren der ersten Besteiger, der<br \/>\nUrgeschichtsforscher und Geologen, der K\u00fcnstler, Gastwirte und Alpinisten, der<br \/>\nWetterwarte, Lastentr\u00e4ger und Swisscom-Techniker.<\/p>\n<p>Anhand von Fakten, Geschichten und Anekdoten beschreibt es, wie Natur und<br \/>\nMensch am S\u00e4ntis zusammen wirkten und wie der Berg die Entwicklung der<br \/>\numliegenden Kantone St. Gallen, Appenzell Inner- und Ausserrhoden<br \/>\nbeeinflusste. Eine Vielzahl von historischen Bildern und stimmungsvollen<br \/>\naktuellen Fotografien l\u00e4dt dazu ein, den S\u00e4ntis in der warmen Stube in aller<br \/>\nRuhe zu erkunden.<\/p>\n<p><span class=\"value\">256 Seiten<\/span>, <span class=\"value\">128 farbige und 86 schwarzweisse Abbildungen<\/span><br \/>\n<span class=\"value\">Breite 230 mm, H\u00f6he 300 mm, Dicke 27 mm<\/span><\/p>","protected":false},"excerpt":{"rendered":"<p>Der S\u00e4ntis ist eine eindr\u00fcckliche, weithin sichtbare Landmarke mitten im H\u00fcgelland der Ostschweiz. F\u00fcr die Bewohner der n\u00e4heren und weiteren Umgebung ist er zudem ein St\u00fcck Heimat. Adi K\u00e4lin ergr\u00fcndet die Faszination, die seit Jahrhunderten von diesem Hochgebirge ausgeht. Das illustrierte Sachbuch begibt sich auf die Spuren der ersten Besteiger, der Urgeschichtsforscher und Geologen, der [&#8230;]\n","protected":false},"featured_media":180611,"template":"","meta":[],"product_brand":[],"product_cat":[21542],"product_tag":[],"class_list":{"0":"post-149345","1":"product","2":"type-product","3":"status-publish","4":"has-post-thumbnail","6":"product_cat-sachbuecher-dokumentationen","7":"pa_autor-kaelin-della-bella","8":"pa_erscheinungsjahr-21597","9":"pa_region-schweiz","10":"pa_sprache-de","12":"first","13":"instock","14":"taxable","15":"shipping-taxable","16":"purchasable","17":"product-type-simple"},"_links":{"self":[{"href":"https:\/\/pizbube.ch\/en\/wp-json\/wp\/v2\/product\/149345","targetHints":{"allow":["GET"]}}],"collection":[{"href":"https:\/\/pizbube.ch\/en\/wp-json\/wp\/v2\/product"}],"about":[{"href":"https:\/\/pizbube.ch\/en\/wp-json\/wp\/v2\/types\/product"}],"wp:featuredmedia":[{"embeddable":true,"href":"https:\/\/pizbube.ch\/en\/wp-json\/wp\/v2\/media\/180611"}],"wp:attachment":[{"href":"https:\/\/pizbube.ch\/en\/wp-json\/wp\/v2\/media?parent=149345"}],"wp:term":[{"taxonomy":"product_brand","embeddable":true,"href":"https:\/\/pizbube.ch\/en\/wp-json\/wp\/v2\/product_brand?post=149345"},{"taxonomy":"product_cat","embeddable":true,"href":"https:\/\/pizbube.ch\/en\/wp-json\/wp\/v2\/product_cat?post=149345"},{"taxonomy":"product_tag","embeddable":true,"href":"https:\/\/pizbube.ch\/en\/wp-json\/wp\/v2\/product_tag?post=149345"}],"curies":[{"name":"wp","href":"https:\/\/api.w.org\/{rel}","templated":true}]}}