{"id":149346,"date":"2021-01-15T10:59:20","date_gmt":"2021-01-15T10:59:20","guid":{"rendered":"https:\/\/codengine3.ch\/?product=import-placeholder-for-207558"},"modified":"2021-01-15T16:04:36","modified_gmt":"2021-01-15T16:04:36","slug":"winterwandern-im-appenzellerland","status":"publish","type":"product","link":"https:\/\/pizbube.ch\/en\/shop\/winterwandern-im-appenzellerland\/","title":{"rendered":"Winterwandern im Appenzellerland"},"content":{"rendered":"<p>Die vorgestellten Winterwanderungen f\u00fchren zu durchwegs gut gef\u00fchrten<br \/>\nBerggasth\u00e4usern auf den sch\u00f6nsten Aussichtspunkten der Appenzeller H\u00fcgel. Vor<br \/>\nallem im Winter ist die Fernsicht umwerfend sch\u00f6n. Die Wege sind im Schnee<br \/>\nbesser zu finden, da die Trampelpfade unweigerlich zu den gastlichen H\u00e4usern<br \/>\nf\u00fchren. Zudem sind Wanderungen \u00fcber dem Smog und Nebel besonders gesund,<br \/>\nwenn\u2019s unten grau und oben blau ist! Notiert sind auch die m\u00f6glichen<br \/>\nSchlittelwege.<\/p>\n<p>Diese Wanderungen k\u00f6nnen selbstverst\u00e4ndlich auch in den andern Jahreszeiten<br \/>\nunter die F\u00fcsse genommen werden. Das Vorwort stammt von Dr. med. Walter Lang<br \/>\nin Landschlacht.<\/p>\n<p>7. Auflage, aktualisiert, 53 Seiten, durchgehend farbig.<\/p>","protected":false},"excerpt":{"rendered":"<p>Die vorgestellten Winterwanderungen f\u00fchren zu durchwegs gut gef\u00fchrten Berggasth\u00e4usern auf den sch\u00f6nsten Aussichtspunkten der Appenzeller H\u00fcgel. Vor allem im Winter ist die Fernsicht umwerfend sch\u00f6n. Die Wege sind im Schnee besser zu finden, da die Trampelpfade unweigerlich zu den gastlichen H\u00e4usern f\u00fchren. Zudem sind Wanderungen \u00fcber dem Smog und Nebel besonders gesund, wenn\u2019s unten grau [&#8230;]\n","protected":false},"featured_media":37804,"template":"","meta":[],"product_brand":[],"product_cat":[21605],"product_tag":[],"class_list":{"0":"post-149346","1":"product","2":"type-product","3":"status-publish","4":"has-post-thumbnail","6":"product_cat-wanderfuehrer-trekking","7":"pa_autor-stricker","8":"pa_erscheinungsjahr-21568","9":"pa_region-schweiz","10":"pa_sprache-de","12":"first","13":"instock","14":"taxable","15":"shipping-taxable","16":"purchasable","17":"product-type-simple"},"_links":{"self":[{"href":"https:\/\/pizbube.ch\/en\/wp-json\/wp\/v2\/product\/149346","targetHints":{"allow":["GET"]}}],"collection":[{"href":"https:\/\/pizbube.ch\/en\/wp-json\/wp\/v2\/product"}],"about":[{"href":"https:\/\/pizbube.ch\/en\/wp-json\/wp\/v2\/types\/product"}],"wp:featuredmedia":[{"embeddable":true,"href":"https:\/\/pizbube.ch\/en\/wp-json\/wp\/v2\/media\/37804"}],"wp:attachment":[{"href":"https:\/\/pizbube.ch\/en\/wp-json\/wp\/v2\/media?parent=149346"}],"wp:term":[{"taxonomy":"product_brand","embeddable":true,"href":"https:\/\/pizbube.ch\/en\/wp-json\/wp\/v2\/product_brand?post=149346"},{"taxonomy":"product_cat","embeddable":true,"href":"https:\/\/pizbube.ch\/en\/wp-json\/wp\/v2\/product_cat?post=149346"},{"taxonomy":"product_tag","embeddable":true,"href":"https:\/\/pizbube.ch\/en\/wp-json\/wp\/v2\/product_tag?post=149346"}],"curies":[{"name":"wp","href":"https:\/\/api.w.org\/{rel}","templated":true}]}}