{"id":149348,"date":"2021-01-15T10:59:25","date_gmt":"2021-01-15T10:59:25","guid":{"rendered":"https:\/\/codengine3.ch\/?product=import-placeholder-for-204758"},"modified":"2022-04-21T08:35:05","modified_gmt":"2022-04-21T06:35:05","slug":"arte-albigna","status":"publish","type":"product","link":"https:\/\/pizbube.ch\/en\/shop\/arte-albigna\/","title":{"rendered":"Arte Albigna"},"content":{"rendered":"<p>Ausstellungskatalog<\/p>\n<p>Wandernd Kunst erleben: \u00abArte Albigna\u00bb f\u00fchrt als Kunstraum unter freiem Himmel<br \/>\nvon der Talstation ewz Seilbahn Albigna in Pranzaira (1200 m) hinauf zur<br \/>\nStaumauer (2165 m) bis zur SAC-\u00adH\u00fctte Capanna da l\u2019Albigna (2333 m) und<br \/>\nerstreckt sich \u00fcber die unmittelbaren Wanderwege.<\/p>\n<p>Eine eindr\u00fcckliche Berglandschaft, umgeben von erhabenen Gipfeln, und ein<br \/>\natemberaubendes Farbenspiel: Die Albigna-\u00adRegion inspirierte als Motiv schon<br \/>\nGiovanni Giacometti, so in seinen Gem\u00e4lden \u00abBlick auf Albigna und die<br \/>\nBondasca-\u00adGruppe\u00bb von 1914 und \u00abAlbigna-Tal\u00bb von 1932, und verf\u00fchrte<br \/>\nzahlreiche BergsteigerInnen zu wagemutigen Erstbesteigungen.<\/p>\n<p>Seit 1961 wird der Stausee mit seiner einzigartigen Form zum geografischen<br \/>\nVerortungspunkt: Wo fr\u00fcher ein tosender Wasserfall herunterst\u00fcrzte, der bei<br \/>\nUnwettern zu verheerenden Hochwassern im Tal f\u00fchrte, wurde zun\u00e4chst ein<br \/>\nkleiner Schutzdamm und sp\u00e4ter, 1955\u20131961, eine gewaltige Gewichts\u00admauer auf<br \/>\nGranitfundament errichtet. Diese h\u00e4lt das Gletscher\u00adwasser auf und macht die<br \/>\nKraft des Wassers f\u00fcr die Stromgewinnung nutzbar. Der Bau der<br \/>\nElektrizit\u00e4tswerke durch die Stadt Z\u00fcrich ver\u00e4nderte das Leben im Bergell<br \/>\ngrundlegend. Technik und Industrie, ihre Auswirkungen auf die Wirtschaft und<br \/>\ndas soziale Leben, der Alpinismus und die Natur in Verbindung mit der Technik<br \/>\nbieten inhaltliche Ankn\u00fcpfungspunkte der Ausstellung \u00abArte Albigna\u00bb.<\/p>\n<p>Das ortsspezifisch angelegte Kunstereignis richtet sich an Alpinisten,<br \/>\nWanderer, Tagestouristen, Einheimische und Kunstinteres\u00adsierte. Es handelt<br \/>\nsich nach \u00abArte Hotel Bregaglia\u00bb (2010\u20132013) und \u00abVideo Arte Palazzo<br \/>\nCastelmur\u00bb (2013\/2015) um das dritte Ausstellungsprojekt des Vereins Progetti<br \/>\nd\u2019arte in Val Bregaglia.<\/p>\n<p>Die sorgf\u00e4ltig gestaltete Publikation, versehen mit herausragenden<br \/>\nWerkabbildungen, Werkbeschreibungen und eine Foto-Insert, ist nicht nur<br \/>\nAusstellungskatalog. Mit seinem Referat \u00abArte Albigna, das Bergell und die<br \/>\nZukunft der peripheren Regionen in den Alpen. Welchen Beitrag k\u00f6nnen Kunst und<br \/>\nKultur dabei leisten?\u00bb verweist der bekannte Alpenforscher, Werner B\u00e4tzing,<br \/>\nauch auf die zuku\u0308nftige Entwicklung des Bergells und die Chance<br \/>\nzeitgen\u00f6ssischer Kunst fu\u0308r dieses Tal.<\/p>\n<p>Der zu den vielseitigsten und experimentierfreudigsten Autoren der Schweizer<br \/>\nGegenwartsliteratur geh\u00f6rende Autor Tim Krohn verknu\u0308pft in seiner Geschichte<br \/>\n\u00abMichael Panda am L\u00e4gh da l\u2019Albigna\u00bb mit Spannung Begebenheiten des<br \/>\nAusstellungsprojektes mit seinen eigenen Beobachtungen und Erfahrungen vor<br \/>\nOrt.<\/p>","protected":false},"excerpt":{"rendered":"<p>Ausstellungskatalog Wandernd Kunst erleben: \u00abArte Albigna\u00bb f\u00fchrt als Kunstraum unter freiem Himmel von der Talstation ewz Seilbahn Albigna in Pranzaira (1200 m) hinauf zur Staumauer (2165 m) bis zur SAC-\u00adH\u00fctte Capanna da l\u2019Albigna (2333 m) und erstreckt sich \u00fcber die unmittelbaren Wanderwege. Eine eindr\u00fcckliche Berglandschaft, umgeben von erhabenen Gipfeln, und ein atemberaubendes Farbenspiel: Die Albigna-\u00adRegion [&#8230;]\n","protected":false},"featured_media":37689,"template":"","meta":[],"product_brand":[],"product_cat":[21580],"product_tag":[],"class_list":{"0":"post-149348","1":"product","2":"type-product","3":"status-publish","4":"has-post-thumbnail","6":"product_cat-kunst-kultur","7":"pa_autor-progetti-darte-in-val-bregaglia-fasciati","8":"pa_erscheinungsjahr-21574","9":"pa_region-schweiz","10":"pa_sprache-de","12":"first","13":"outofstock","14":"taxable","15":"shipping-taxable","16":"purchasable","17":"product-type-simple"},"_links":{"self":[{"href":"https:\/\/pizbube.ch\/en\/wp-json\/wp\/v2\/product\/149348","targetHints":{"allow":["GET"]}}],"collection":[{"href":"https:\/\/pizbube.ch\/en\/wp-json\/wp\/v2\/product"}],"about":[{"href":"https:\/\/pizbube.ch\/en\/wp-json\/wp\/v2\/types\/product"}],"wp:featuredmedia":[{"embeddable":true,"href":"https:\/\/pizbube.ch\/en\/wp-json\/wp\/v2\/media\/37689"}],"wp:attachment":[{"href":"https:\/\/pizbube.ch\/en\/wp-json\/wp\/v2\/media?parent=149348"}],"wp:term":[{"taxonomy":"product_brand","embeddable":true,"href":"https:\/\/pizbube.ch\/en\/wp-json\/wp\/v2\/product_brand?post=149348"},{"taxonomy":"product_cat","embeddable":true,"href":"https:\/\/pizbube.ch\/en\/wp-json\/wp\/v2\/product_cat?post=149348"},{"taxonomy":"product_tag","embeddable":true,"href":"https:\/\/pizbube.ch\/en\/wp-json\/wp\/v2\/product_tag?post=149348"}],"curies":[{"name":"wp","href":"https:\/\/api.w.org\/{rel}","templated":true}]}}