{"id":149349,"date":"2021-01-15T10:59:25","date_gmt":"2021-01-15T10:59:25","guid":{"rendered":"https:\/\/codengine3.ch\/?product=import-placeholder-for-206773"},"modified":"2021-01-15T14:51:50","modified_gmt":"2021-01-15T14:51:50","slug":"manone","status":"publish","type":"product","link":"https:\/\/pizbube.ch\/en\/shop\/manone\/","title":{"rendered":"Manone"},"content":{"rendered":"<p>Erz\u00e4hlt wird in Form eines zweisprachigen Comics die Geschichte italienischer<br \/>\nArbeiter im Bergell.<\/p>\n<p>\u00abManone\u00bb spielt 1959 im Bergell. Die m\u00e4chtige, das Tal beherrschende Albigna-<br \/>\nStaumauer wird gebaut. Die italienischen Arbeiter sind unverzichtbar, und<br \/>\ntrotzdem werden sie von den Einheimischen mehr als skeptisch, ja feindselig<br \/>\nbehandelt und ausgegrenzt. In der Geschichte geht es um Macht und Gewalt, um<br \/>\nEinsamkeit und eine zarte Liebe, um harte Arbeit und Entbehrung, um Rassismus<br \/>\nund grausame Rache.<br \/>\nManone \u2013 er heisst so, ob seiner riesigen H\u00e4nde \u2013 ist der Anf\u00fchrer der<br \/>\nFremdarbeiter mit einem ausgepr\u00e4gten Gef\u00fchl f\u00fcr Gerechtigkeit. Herr Ritter ist<br \/>\nder harte und erbarmungslose Dorfwirt, Vater von Hilde, der jungen<br \/>\nBergellerin, in die sich einer der Arbeiter hoffnungslos verliebt. Eine<br \/>\ntragische Geschichte voller Kraft und Faszination, bei der sich Text und<br \/>\nBilder perfekt erg\u00e4nzen, ja verst\u00e4rken. Beides zusammen l\u00e4sst einen nicht<br \/>\naufh\u00f6ren, zu lesen und zu betrachten, bis hin zum tragischen und letztlich<br \/>\ntrotzdem irgendwie auch vers\u00f6hnlichen Ende.  <\/p>\n<p>In collaborazione con il pittore Bruno Ritter un racconto di andrea vitali<br \/>\naffiancato da i&#187;Manone&#187; non \u00e8 un fumetto nel senso classico del termine, ma<br \/>\npiuttosto una storia, quasi un romanzo illustrato. La storia prende spunto<br \/>\ndagli operai italiani impegnati nel 1959 nella costruzione della diga<br \/>\ndell`Albigna in Val Bregaglia. L`opera in versione bilingue italiano e<br \/>\ntedesco, quasi un fascicolo o comic strip, ricorda nei tratti i fumetti<br \/>\namericani degli anni sessanta, ma \u00e8 interamente legata<br \/>\nall`attualit\u00e0.llustrazioni del pittore<\/p>","protected":false},"excerpt":{"rendered":"<p>Erz\u00e4hlt wird in Form eines zweisprachigen Comics die Geschichte italienischer Arbeiter im Bergell. \u00abManone\u00bb spielt 1959 im Bergell. Die m\u00e4chtige, das Tal beherrschende Albigna- Staumauer wird gebaut. Die italienischen Arbeiter sind unverzichtbar, und trotzdem werden sie von den Einheimischen mehr als skeptisch, ja feindselig behandelt und ausgegrenzt. In der Geschichte geht es um Macht und [&#8230;]\n","protected":false},"featured_media":36095,"template":"","meta":[],"product_brand":[],"product_cat":[21881],"product_tag":[],"class_list":{"0":"post-149349","1":"product","2":"type-product","3":"status-publish","4":"has-post-thumbnail","6":"product_cat-comics","7":"pa_autor-ritter-vitali","8":"pa_erscheinungsjahr-21621","9":"pa_region-schweiz","10":"pa_sprache-de-it","12":"first","13":"instock","14":"taxable","15":"shipping-taxable","16":"purchasable","17":"product-type-simple"},"_links":{"self":[{"href":"https:\/\/pizbube.ch\/en\/wp-json\/wp\/v2\/product\/149349","targetHints":{"allow":["GET"]}}],"collection":[{"href":"https:\/\/pizbube.ch\/en\/wp-json\/wp\/v2\/product"}],"about":[{"href":"https:\/\/pizbube.ch\/en\/wp-json\/wp\/v2\/types\/product"}],"wp:featuredmedia":[{"embeddable":true,"href":"https:\/\/pizbube.ch\/en\/wp-json\/wp\/v2\/media\/36095"}],"wp:attachment":[{"href":"https:\/\/pizbube.ch\/en\/wp-json\/wp\/v2\/media?parent=149349"}],"wp:term":[{"taxonomy":"product_brand","embeddable":true,"href":"https:\/\/pizbube.ch\/en\/wp-json\/wp\/v2\/product_brand?post=149349"},{"taxonomy":"product_cat","embeddable":true,"href":"https:\/\/pizbube.ch\/en\/wp-json\/wp\/v2\/product_cat?post=149349"},{"taxonomy":"product_tag","embeddable":true,"href":"https:\/\/pizbube.ch\/en\/wp-json\/wp\/v2\/product_tag?post=149349"}],"curies":[{"name":"wp","href":"https:\/\/api.w.org\/{rel}","templated":true}]}}