{"id":149350,"date":"2021-01-15T10:59:26","date_gmt":"2021-01-15T10:59:26","guid":{"rendered":"https:\/\/codengine3.ch\/?product=import-placeholder-for-204127"},"modified":"2023-04-05T08:52:12","modified_gmt":"2023-04-05T06:52:12","slug":"unter-strom","status":"publish","type":"product","link":"https:\/\/pizbube.ch\/en\/shop\/unter-strom\/","title":{"rendered":"Unter Strom"},"content":{"rendered":"<p>Wasserkraftwerke und Elektrifizierung in Graub\u00fcnden 1879- 2000 heisst der<br \/>\nTitel des Hauptbandes der Autoren Hansj\u00fcrg Gredig und Walter Willi. Dazu das<br \/>\nBuch &#8218;Politische, rechtliche und wirtschaftliche Aspekte der hundertj\u00e4hrigen<br \/>\nWasserkraftnutzung in Graub\u00fcnden&#8216; von Fadri Ramming, Peter Rieder, Fadri<br \/>\nCaviezel, Silvia Banfi, Aurelio Fetz und Martin Gredig.<\/p>\n<p>DVD: Unter Strom. Das Ende der dunklen N\u00e4chte Text und Fotos von Emmi<br \/>\nCaviezel, Filmauswahl von Hansj\u00fcrg Gredig. Eine ausreichend gr\u00fcndliche<br \/>\nDarstellung des Kraftwerkbaus und seiner Auswirkungen auf das allt\u00e4gliche<br \/>\nLeben der Bev\u00f6lkerung im Kanton war im Rahmen eines Handbuchs nicht m\u00f6glich.<br \/>\nDie hohe Bedeutung der Elektrifizierung durch die Nutzung der Wasserkraft im<br \/>\nKanton rechtfertigte deshalb eine eigene, nur diesem Thema gewidmete<br \/>\nPublikation.<\/p>","protected":false},"excerpt":{"rendered":"<p>Wasserkraftwerke und Elektrifizierung in Graub\u00fcnden 1879- 2000 heisst der Titel des Hauptbandes der Autoren Hansj\u00fcrg Gredig und Walter Willi. Dazu das Buch &#8218;Politische, rechtliche und wirtschaftliche Aspekte der hundertj\u00e4hrigen Wasserkraftnutzung in Graub\u00fcnden&#8216; von Fadri Ramming, Peter Rieder, Fadri Caviezel, Silvia Banfi, Aurelio Fetz und Martin Gredig. DVD: Unter Strom. Das Ende der dunklen N\u00e4chte Text [&#8230;]\n","protected":false},"featured_media":31883,"template":"","meta":[],"product_brand":[],"product_cat":[21542],"product_tag":[],"class_list":{"0":"post-149350","1":"product","2":"type-product","3":"status-publish","4":"has-post-thumbnail","6":"product_cat-sachbuecher-dokumentationen","7":"pa_autor-gredig-willi","8":"pa_erscheinungsjahr-21763","9":"pa_region-schweiz","10":"pa_sprache-de","12":"first","13":"outofstock","14":"taxable","15":"shipping-taxable","16":"purchasable","17":"product-type-simple"},"_links":{"self":[{"href":"https:\/\/pizbube.ch\/en\/wp-json\/wp\/v2\/product\/149350","targetHints":{"allow":["GET"]}}],"collection":[{"href":"https:\/\/pizbube.ch\/en\/wp-json\/wp\/v2\/product"}],"about":[{"href":"https:\/\/pizbube.ch\/en\/wp-json\/wp\/v2\/types\/product"}],"wp:featuredmedia":[{"embeddable":true,"href":"https:\/\/pizbube.ch\/en\/wp-json\/wp\/v2\/media\/31883"}],"wp:attachment":[{"href":"https:\/\/pizbube.ch\/en\/wp-json\/wp\/v2\/media?parent=149350"}],"wp:term":[{"taxonomy":"product_brand","embeddable":true,"href":"https:\/\/pizbube.ch\/en\/wp-json\/wp\/v2\/product_brand?post=149350"},{"taxonomy":"product_cat","embeddable":true,"href":"https:\/\/pizbube.ch\/en\/wp-json\/wp\/v2\/product_cat?post=149350"},{"taxonomy":"product_tag","embeddable":true,"href":"https:\/\/pizbube.ch\/en\/wp-json\/wp\/v2\/product_tag?post=149350"}],"curies":[{"name":"wp","href":"https:\/\/api.w.org\/{rel}","templated":true}]}}