{"id":149352,"date":"2021-01-15T10:59:26","date_gmt":"2021-01-15T10:59:26","guid":{"rendered":"https:\/\/codengine3.ch\/?product=import-placeholder-for-202681"},"modified":"2023-01-18T14:41:32","modified_gmt":"2023-01-18T13:41:32","slug":"57-escaladas-invernales-en-los-picos-de-europa","status":"publish","type":"product","link":"https:\/\/pizbube.ch\/en\/shop\/57-escaladas-invernales-en-los-picos-de-europa\/","title":{"rendered":"57 escaladas invernales en los Picos de Europa"},"content":{"rendered":"<p>Los Picos de Europa constituyen un escenario ideal para la pr\u00e1ctica de<br \/>\nescaladas invernales al m\u00e1s puro estilo; un terreno de juego muy interesante,<br \/>\npero a la vez poco conocido, hasta ahora.<\/p>\n<p>Para llenar este imperdonable hueco, Francisco Alarc\u00f3n y Salvador Mu\u00f1oz nos<br \/>\npresentan 42 propuestas con las principales v\u00edas y los corredores m\u00e1s<br \/>\ncl\u00e1sicos.<\/p>\n<p>Adem\u00e1s Miguel \u00c1ngel Garc\u00eda Crespo propone 15 itinerarios en la<br \/>\nCordillera Cant\u00e1brica, otro espacio poco conocido pero que esconde cumbres con<br \/>\nenormes posibilidades.<\/p>\n<p>160 paginas<\/p>","protected":false},"excerpt":{"rendered":"<p>Los Picos de Europa constituyen un escenario ideal para la pr\u00e1ctica de escaladas invernales al m\u00e1s puro estilo; un terreno de juego muy interesante, pero a la vez poco conocido, hasta ahora. Para llenar este imperdonable hueco, Francisco Alarc\u00f3n y Salvador Mu\u00f1oz nos presentan 42 propuestas con las principales v\u00edas y los corredores m\u00e1s cl\u00e1sicos. [&#8230;]\n","protected":false},"featured_media":165687,"template":"","meta":[],"product_brand":[],"product_cat":[21540],"product_tag":[],"class_list":{"0":"post-149352","1":"product","2":"type-product","3":"status-publish","4":"has-post-thumbnail","6":"product_cat-fuehrerliteratur-alpin-winter","7":"pa_autor-alarcon","8":"pa_erscheinungsjahr-22292","9":"pa_region-spanien","10":"pa_sprache-sp","12":"first","13":"instock","14":"taxable","15":"shipping-taxable","16":"purchasable","17":"product-type-simple"},"_links":{"self":[{"href":"https:\/\/pizbube.ch\/en\/wp-json\/wp\/v2\/product\/149352","targetHints":{"allow":["GET"]}}],"collection":[{"href":"https:\/\/pizbube.ch\/en\/wp-json\/wp\/v2\/product"}],"about":[{"href":"https:\/\/pizbube.ch\/en\/wp-json\/wp\/v2\/types\/product"}],"wp:featuredmedia":[{"embeddable":true,"href":"https:\/\/pizbube.ch\/en\/wp-json\/wp\/v2\/media\/165687"}],"wp:attachment":[{"href":"https:\/\/pizbube.ch\/en\/wp-json\/wp\/v2\/media?parent=149352"}],"wp:term":[{"taxonomy":"product_brand","embeddable":true,"href":"https:\/\/pizbube.ch\/en\/wp-json\/wp\/v2\/product_brand?post=149352"},{"taxonomy":"product_cat","embeddable":true,"href":"https:\/\/pizbube.ch\/en\/wp-json\/wp\/v2\/product_cat?post=149352"},{"taxonomy":"product_tag","embeddable":true,"href":"https:\/\/pizbube.ch\/en\/wp-json\/wp\/v2\/product_tag?post=149352"}],"curies":[{"name":"wp","href":"https:\/\/api.w.org\/{rel}","templated":true}]}}