{"id":149353,"date":"2021-01-15T10:59:26","date_gmt":"2021-01-15T10:59:26","guid":{"rendered":"https:\/\/codengine3.ch\/?product=import-placeholder-for-202722"},"modified":"2021-01-15T12:38:47","modified_gmt":"2021-01-15T12:38:47","slug":"esqui-de-montana-en-la-cordillera-cantabrica-y-picos-de-europa","status":"publish","type":"product","link":"https:\/\/pizbube.ch\/en\/shop\/esqui-de-montana-en-la-cordillera-cantabrica-y-picos-de-europa\/","title":{"rendered":"Esqu\u00ed de monta\u00f1a en la Cordillera Cant\u00e1brica y Picos de Europa"},"content":{"rendered":"<p>La Cordillera Cant\u00e1brica es una de las grandes arterias monta\u00f1osas de la<br \/>\nPen\u00ednsula. Su compleja estructura de intrincados macizos ha sido la<br \/>\nresponsable de que sus monta\u00f1as sean grandes desconocidas dentro de la<br \/>\npr\u00e1ctica del esqu\u00ed de monta\u00f1a. Por ello, esta gu\u00eda contribuye al<br \/>\ndescubrimiento de uno de los sectores monta\u00f1osos m\u00e1s bellos de Europa, y una<br \/>\nde las zonas con m\u00e1s posibilidades para la pr\u00e1ctica de esta actividad<br \/>\ndeportiva. Especial menci\u00f3n merece la inclusi\u00f3n de algunos itinerarios en los<br \/>\nPicos de Europa, terreno este especialmente duro, abrupto y comprometido. Los<br \/>\nautores han seleccionado 35 itinerarios que destacan, principalmente, por<br \/>\nascender a cumbres emblem\u00e1ticas y otras menos conocidas, pero no por ello<br \/>\nexentas de inter\u00e9s. Casi todas tienen en com\u00fan que son f\u00e1cilmente accesibles<br \/>\nen una jornada, algo que te permitir\u00e1 sin duda aligerar tu mochila y disfrutar<br \/>\nmucho m\u00e1s de tus salidas. Cada itinerario se acompa\u00f1a de una descripci\u00f3n<br \/>\npormenorizada con su correspondiente ficha t\u00e9cnica, mapa y perfil de ruta, as\u00ed<br \/>\ncomo todos los datos pr\u00e1cticos necesarios para que planifiques f\u00e1cilmente tus<br \/>\nincursiones invernales. Adem\u00e1s, la gu\u00eda se completa con \u00fatiles consejos que<br \/>\nsin duda contribuir\u00e1n a la pr\u00e1ctica segura del esqu\u00ed de monta\u00f1a.<\/p>","protected":false},"excerpt":{"rendered":"<p>La Cordillera Cant\u00e1brica es una de las grandes arterias monta\u00f1osas de la Pen\u00ednsula. Su compleja estructura de intrincados macizos ha sido la responsable de que sus monta\u00f1as sean grandes desconocidas dentro de la pr\u00e1ctica del esqu\u00ed de monta\u00f1a. Por ello, esta gu\u00eda contribuye al descubrimiento de uno de los sectores monta\u00f1osos m\u00e1s bellos de Europa, [&#8230;]\n","protected":false},"featured_media":30160,"template":"","meta":[],"product_brand":[],"product_cat":[21540],"product_tag":[],"class_list":{"0":"post-149353","1":"product","2":"type-product","3":"status-publish","4":"has-post-thumbnail","6":"product_cat-fuehrerliteratur-alpin-winter","7":"pa_autor-rodriguez","8":"pa_erscheinungsjahr-22292","9":"pa_region-spanien","10":"pa_sprache-sp","12":"first","13":"instock","14":"taxable","15":"shipping-taxable","16":"purchasable","17":"product-type-simple"},"_links":{"self":[{"href":"https:\/\/pizbube.ch\/en\/wp-json\/wp\/v2\/product\/149353","targetHints":{"allow":["GET"]}}],"collection":[{"href":"https:\/\/pizbube.ch\/en\/wp-json\/wp\/v2\/product"}],"about":[{"href":"https:\/\/pizbube.ch\/en\/wp-json\/wp\/v2\/types\/product"}],"wp:featuredmedia":[{"embeddable":true,"href":"https:\/\/pizbube.ch\/en\/wp-json\/wp\/v2\/media\/30160"}],"wp:attachment":[{"href":"https:\/\/pizbube.ch\/en\/wp-json\/wp\/v2\/media?parent=149353"}],"wp:term":[{"taxonomy":"product_brand","embeddable":true,"href":"https:\/\/pizbube.ch\/en\/wp-json\/wp\/v2\/product_brand?post=149353"},{"taxonomy":"product_cat","embeddable":true,"href":"https:\/\/pizbube.ch\/en\/wp-json\/wp\/v2\/product_cat?post=149353"},{"taxonomy":"product_tag","embeddable":true,"href":"https:\/\/pizbube.ch\/en\/wp-json\/wp\/v2\/product_tag?post=149353"}],"curies":[{"name":"wp","href":"https:\/\/api.w.org\/{rel}","templated":true}]}}