{"id":149355,"date":"2021-01-15T10:59:26","date_gmt":"2021-01-15T10:59:26","guid":{"rendered":"https:\/\/codengine3.ch\/?product=import-placeholder-for-206244"},"modified":"2021-06-03T08:48:41","modified_gmt":"2021-06-03T06:48:41","slug":"tessin-lago-maggiore-luganer-see-und-comer-see","status":"publish","type":"product","link":"https:\/\/pizbube.ch\/en\/shop\/tessin-lago-maggiore-luganer-see-und-comer-see\/","title":{"rendered":"Tessin &#8211; Lago Maggiore, Luganer See und Comer See"},"content":{"rendered":"<p>Rother Wanderbuch mit 52 Touren<\/p>\n<p>Als &#8218;Sonnenstube der Schweiz&#8216; ist das Tessin bekannt &#8211; wenn anderswo Winter<br \/>\nist, genie\u00dft man hier w\u00e4rmende Sonnenstrahlen. Hohe Berge, reichlich Sonne,<br \/>\nein wenig Dolce Vita, mond\u00e4ne St\u00e4dte und viel Kultur &#8211; wo findet man dies so<br \/>\nvereint wie im s\u00fcdlichsten Kanton der Schweiz und den angrenzenden Regionen?<\/p>\n<p>Die Berge um die gro\u00dfartige Seenlandschaft von Lago Maggiore, Luganer See und<br \/>\nComer See bieten fast unendliche Wanderm\u00f6glichkeiten: genussreiche H\u00f6henwege<br \/>\n\u00fcber den Seen mit Abstechern zu alten Kl\u00f6stern und aussichtsreichen<br \/>\nWallfahrtskirchen, Gipfeltouren mit Blick auf den Monte Rosa und die Walliser<br \/>\nViertausender, Wanderungen auf alten Almwegen und den Verbindungssteigen<br \/>\nzwischen den Tessiner Bergsiedlungen sowie ausgedehnte Streifz\u00fcge entlang der<br \/>\nFlussl\u00e4ufe von Maggia, Verzasca und Ticino vorbei an urspr\u00fcnglichen D\u00f6rfern,<br \/>\ngeschwungenen Steinbr\u00fccken und alten Kastanienb\u00e4umen.<\/p>\n<p>Insgesamt 52 Touren unterschiedlicher Schwierigkeitsgrade haben Andrea und<br \/>\nAndreas Strau\u00df f\u00fcr dieses Rother Wanderbuch ausgesucht. Das Kerngebiet bilden<br \/>\ndabei die Berge der Tessiner Alpen hoch \u00fcber Maggiatal, Verzascatal und Valle<br \/>\nLeventina, abgerundet wird die Auswahl durch Touren im Calancatal, im Valle<br \/>\nMesolcina, hoch \u00fcber dem Veltlin und in der bizarren Felslandschaft der Grigne<br \/>\n\u00fcber Lecco. Mit der Via dei Monti Lariani \u00fcber dem Comer See und dem Sentiero<br \/>\nRoma im S\u00fcdbergell werden zwei mehrt\u00e4gige Durchquerungen vorgestellt.<\/p>\n<p>Eine kompakte Kurzinfo zu jeder Tour, klare Wegbeschreibungen,<br \/>\nKartenausschnitte mit eingetragenem Routenverlauf, aussagekr\u00e4ftige<br \/>\nH\u00f6henprofile sowie die praktischen Umschlagklappen mit einem \u00dcberblick \u00fcber<br \/>\nalle 52 Touren und einer \u00dcbersichtskarte machen dieses Wanderbuch \u00e4u\u00dferst<br \/>\nbenutzerfreundlich und erlauben eine einfache Auswahl und genussvolle<br \/>\nDurchf\u00fchrung der Wanderungen. Exzellente Farbbilder machen Lust auf die<br \/>\nTourenplanung und noch viel mehr aufs Losgehen.<\/p>\n<p>3. Auflage 2021<br \/>\n208 Seiten mit 154 Farbabbildungen<br \/>\n55 Wanderk\u00e4rtchen im Ma\u00dfstab 1:1:50.000, 1:75.000, 1:100.000 und 1:125.000, 57 H\u00f6henprofile, eine \u00dcbersichtskarte<br \/>\nFormat 12,5 x 20 cm<br \/>\nkartoniert<\/p>","protected":false},"excerpt":{"rendered":"<ul>\n<li><a href=\"https:\/\/pizbube.ch\/wp-content\/uploads\/attachments\/a_004\/32C515BC0DA1CEEB922FF06078803953.pdf\" target=\"_blank\" rel=\"noopener\">PDF: inhalt_tessin_52 touren<\/a><\/li>\n<\/ul>","protected":false},"featured_media":157445,"template":"","meta":[],"product_brand":[],"product_cat":[21605],"product_tag":[],"class_list":{"0":"post-149355","1":"product","2":"type-product","3":"status-publish","4":"has-post-thumbnail","6":"product_cat-wanderfuehrer-trekking","7":"pa_autor-strauss","8":"pa_erscheinungsjahr-25440","9":"pa_region-schweiz","10":"pa_sprache-de","12":"first","13":"instock","14":"taxable","15":"shipping-taxable","16":"purchasable","17":"product-type-simple"},"_links":{"self":[{"href":"https:\/\/pizbube.ch\/en\/wp-json\/wp\/v2\/product\/149355","targetHints":{"allow":["GET"]}}],"collection":[{"href":"https:\/\/pizbube.ch\/en\/wp-json\/wp\/v2\/product"}],"about":[{"href":"https:\/\/pizbube.ch\/en\/wp-json\/wp\/v2\/types\/product"}],"wp:featuredmedia":[{"embeddable":true,"href":"https:\/\/pizbube.ch\/en\/wp-json\/wp\/v2\/media\/157445"}],"wp:attachment":[{"href":"https:\/\/pizbube.ch\/en\/wp-json\/wp\/v2\/media?parent=149355"}],"wp:term":[{"taxonomy":"product_brand","embeddable":true,"href":"https:\/\/pizbube.ch\/en\/wp-json\/wp\/v2\/product_brand?post=149355"},{"taxonomy":"product_cat","embeddable":true,"href":"https:\/\/pizbube.ch\/en\/wp-json\/wp\/v2\/product_cat?post=149355"},{"taxonomy":"product_tag","embeddable":true,"href":"https:\/\/pizbube.ch\/en\/wp-json\/wp\/v2\/product_tag?post=149355"}],"curies":[{"name":"wp","href":"https:\/\/api.w.org\/{rel}","templated":true}]}}