{"id":149359,"date":"2021-01-15T10:59:26","date_gmt":"2021-01-15T10:59:26","guid":{"rendered":"https:\/\/codengine3.ch\/?product=import-placeholder-for-205402"},"modified":"2021-01-15T14:40:56","modified_gmt":"2021-01-15T14:40:56","slug":"safiental-ruinaulta","status":"publish","type":"product","link":"https:\/\/pizbube.ch\/en\/shop\/safiental-ruinaulta\/","title":{"rendered":"Safiental &#8211; Ruinaulta"},"content":{"rendered":"<p>Eine Untersuchung von Avenir Suisse hat die schwach besiedelten alpinen<br \/>\nSeitent\u00e4ler als &#8218;Brache&#8216; bezeichnet. Zu einem solchen &#8218;potenzialarmen&#8216; Raum<br \/>\ngeh\u00f6rt auch das von der Abwanderung bedrohte Safiental. Der Verein Pro<br \/>\nSafiental will mit zahlreichen Massnahmen beweisen, dass es sich durchaus<br \/>\nlohnt, in diesem sch\u00f6nen Seitental des Rheins zu leben. Heute leben hier etwa<br \/>\n1000 Menschen. Sie arbeiten in der Landwirtschaft, im Gewerbe, im Tourismus<br \/>\noder ausw\u00e4rts. Wanderer und Toureng\u00e4nger sch\u00e4tzen die Ruhe und die sch\u00f6ne<br \/>\nLandschaft mit den typischen Walserh\u00e4usern.  <\/p>\n<p>Die hier vorgestellte Publikation portr\u00e4tiert das Tal mit seinen vielen<br \/>\nFacetten: Das Leben in den Gemeinden, die Geschichte der Walser, die<br \/>\nArchitektur der H\u00e4user und die Geologie der Landschaft sind nur ein paar<br \/>\nBeispiele. Einen breiten Raum nehmen Wander-, Bike- und Tourenvorschl\u00e4ge ein.<br \/>\nDazwischen werden Safier Pers\u00f6nlichkeiten von Elisabeth Bardill portr\u00e4tiert.  <\/p>\n<p>Mit Walserkultur auf Sommer- und Winterspuren. 210 Seiten. 100 Farbbilder und<br \/>\nRoutenkarten. Broschur mit Fadenheftung.<\/p>","protected":false},"excerpt":{"rendered":"<p>Eine Untersuchung von Avenir Suisse hat die schwach besiedelten alpinen Seitent\u00e4ler als &#8218;Brache&#8216; bezeichnet. Zu einem solchen &#8218;potenzialarmen&#8216; Raum geh\u00f6rt auch das von der Abwanderung bedrohte Safiental. Der Verein Pro Safiental will mit zahlreichen Massnahmen beweisen, dass es sich durchaus lohnt, in diesem sch\u00f6nen Seitental des Rheins zu leben. Heute leben hier etwa 1000 Menschen. [&#8230;]\n","protected":false},"featured_media":34096,"template":"","meta":[],"product_brand":[],"product_cat":[21605],"product_tag":[],"class_list":{"0":"post-149359","1":"product","2":"type-product","3":"status-publish","4":"has-post-thumbnail","6":"product_cat-wanderfuehrer-trekking","7":"pa_autor-pro-safiental-hrsg","8":"pa_erscheinungsjahr-21591","9":"pa_region-schweiz","10":"pa_sprache-de","12":"first","13":"instock","14":"taxable","15":"shipping-taxable","16":"purchasable","17":"product-type-simple"},"_links":{"self":[{"href":"https:\/\/pizbube.ch\/en\/wp-json\/wp\/v2\/product\/149359","targetHints":{"allow":["GET"]}}],"collection":[{"href":"https:\/\/pizbube.ch\/en\/wp-json\/wp\/v2\/product"}],"about":[{"href":"https:\/\/pizbube.ch\/en\/wp-json\/wp\/v2\/types\/product"}],"wp:featuredmedia":[{"embeddable":true,"href":"https:\/\/pizbube.ch\/en\/wp-json\/wp\/v2\/media\/34096"}],"wp:attachment":[{"href":"https:\/\/pizbube.ch\/en\/wp-json\/wp\/v2\/media?parent=149359"}],"wp:term":[{"taxonomy":"product_brand","embeddable":true,"href":"https:\/\/pizbube.ch\/en\/wp-json\/wp\/v2\/product_brand?post=149359"},{"taxonomy":"product_cat","embeddable":true,"href":"https:\/\/pizbube.ch\/en\/wp-json\/wp\/v2\/product_cat?post=149359"},{"taxonomy":"product_tag","embeddable":true,"href":"https:\/\/pizbube.ch\/en\/wp-json\/wp\/v2\/product_tag?post=149359"}],"curies":[{"name":"wp","href":"https:\/\/api.w.org\/{rel}","templated":true}]}}