{"id":149360,"date":"2021-01-15T10:59:26","date_gmt":"2021-01-15T10:59:26","guid":{"rendered":"https:\/\/codengine3.ch\/?product=import-placeholder-for-206935"},"modified":"2026-02-04T18:16:40","modified_gmt":"2026-02-04T17:16:40","slug":"orts-und-flurnamen-von-safien-und-tenna","status":"publish","type":"product","link":"https:\/\/pizbube.ch\/en\/shop\/orts-und-flurnamen-von-safien-und-tenna\/","title":{"rendered":"Orts- und Flurnamen von Safien und Tenna"},"content":{"rendered":"<p>Umfassende Sammlung und Erkl\u00e4rung der Safier Flurnamen.<br \/>\nMit Fotos, Panoramabildern und Karten.<\/p>\n<p>Safien und Tenna \u2013 gut 11 000 Hektar gross ist die Fl\u00e4che der einst<br \/>\nselbst\u00e4ndigen Gemeinden, sie reicht vom Aclatobel auf 795 Metern \u00fcber Meer bis<br \/>\nhinauf zum \u00abBruschghoora\u00bb auf 3056 Metern. Und einer hat die Orts- und<br \/>\nFlurnamen dazu gesammelt: Mattli Hunger. Sein neues Buch, illustriert mit<br \/>\naussagekr\u00e4ftigen historischen Fotos und 338 Seiten stark, beschreibt 2236<br \/>\nToponyme im Detail. Und erlaubt dem Leser mit einer Unmenge von<br \/>\nZusatzinformationen, in die Vergangenheit des Tals einzutauchen.<\/p>\n<p>K\u00e4seh\u00fctte, \u00abStupli\u00bb und Stall<br \/>\nSo lernt man beispielsweise zur \u00abGgam\u00f2\u00f2neralpa\u00bb, der Camaner Alp, wie die<br \/>\nfr\u00fcher \u00fcbliche Einzelsennerei funktionierte: Jeder Bauer hatte auf der Alp<br \/>\neine H\u00fctte zum K\u00e4sen, ein Wohn-\u00abStupli\u00bb, einen Stall \u2013 und einen \u00abSannhirt\u00bb<br \/>\nf\u00fcr das H\u00fcten der K\u00fche. Dieser wurde mit einer Steigerung von Spottw\u00f6rtern<br \/>\nbedacht, wenn Tiere fehlten \u2013 von \u00abZuntelmutsch\u00bb bis \u00abCh\u00fceschwanzgeischt\u00bb und,<br \/>\nganz zuletzt, \u00abSannhirts\u00e4lig\u00bb.<\/p>\n<p>Nachdruck des 2013 erstmals erschienenen Werks;<br \/>\nSoftcover<\/p>","protected":false},"excerpt":{"rendered":"<p>Umfassende Sammlung und Erkl\u00e4rung der Safier Flurnamen. Mit Fotos, Panoramabildern und Karten. Safien und Tenna \u2013 gut 11 000 Hektar gross ist die Fl\u00e4che der einst selbst\u00e4ndigen Gemeinden, sie reicht vom Aclatobel auf 795 Metern \u00fcber Meer bis hinauf zum \u00abBruschghoora\u00bb auf 3056 Metern. Und einer hat die Orts- und Flurnamen dazu gesammelt: Mattli Hunger. [&#8230;]\n","protected":false},"featured_media":164418,"template":"","meta":[],"product_brand":[],"product_cat":[21580,21542],"product_tag":[],"class_list":{"0":"post-149360","1":"product","2":"type-product","3":"status-publish","4":"has-post-thumbnail","6":"product_cat-kunst-kultur","7":"product_cat-sachbuecher-dokumentationen","8":"pa_autor-hunger","9":"pa_erscheinungsjahr-27013","10":"pa_region-schweiz","11":"pa_sprache-de","13":"first","14":"instock","15":"taxable","16":"shipping-taxable","17":"purchasable","18":"product-type-simple"},"_links":{"self":[{"href":"https:\/\/pizbube.ch\/en\/wp-json\/wp\/v2\/product\/149360","targetHints":{"allow":["GET"]}}],"collection":[{"href":"https:\/\/pizbube.ch\/en\/wp-json\/wp\/v2\/product"}],"about":[{"href":"https:\/\/pizbube.ch\/en\/wp-json\/wp\/v2\/types\/product"}],"wp:featuredmedia":[{"embeddable":true,"href":"https:\/\/pizbube.ch\/en\/wp-json\/wp\/v2\/media\/164418"}],"wp:attachment":[{"href":"https:\/\/pizbube.ch\/en\/wp-json\/wp\/v2\/media?parent=149360"}],"wp:term":[{"taxonomy":"product_brand","embeddable":true,"href":"https:\/\/pizbube.ch\/en\/wp-json\/wp\/v2\/product_brand?post=149360"},{"taxonomy":"product_cat","embeddable":true,"href":"https:\/\/pizbube.ch\/en\/wp-json\/wp\/v2\/product_cat?post=149360"},{"taxonomy":"product_tag","embeddable":true,"href":"https:\/\/pizbube.ch\/en\/wp-json\/wp\/v2\/product_tag?post=149360"}],"curies":[{"name":"wp","href":"https:\/\/api.w.org\/{rel}","templated":true}]}}