{"id":149368,"date":"2021-01-15T10:59:26","date_gmt":"2021-01-15T10:59:26","guid":{"rendered":"https:\/\/codengine3.ch\/?product=import-placeholder-for-206070"},"modified":"2021-01-15T14:46:07","modified_gmt":"2021-01-15T14:46:07","slug":"die-alpen-sherpas","status":"publish","type":"product","link":"https:\/\/pizbube.ch\/en\/shop\/die-alpen-sherpas\/","title":{"rendered":"Die Alpen-Sherpas"},"content":{"rendered":"<p>Geschichten vom H\u00fcttentragen im oberen Iseltal  <\/p>\n<p>Wie kam einst der Kn\u00f6del auf die H\u00fctte, als es weder Seilbahn noch<br \/>\nHubschrauber gab? Wer sich als Bergtourist diese Frage stellt, st\u00f6\u00dft auf die<br \/>\nH\u00fcttentr\u00e4ger, wahre Alpen-Sherpas. Sie, Frauen und M\u00e4nner, vermochten es,<br \/>\nLasten zwischen 50 und \u00fcber 100 Kilogramm auf ihrem R\u00fccken vom Tal bis in die<br \/>\nFels- und Eisregion hinaufzutragen. Sie sind die Hauptpersonen dieses Buches.<br \/>\nVon ihren Werkzeugen und F\u00e4higkeiten ist die Rede, von ihrem Alltag wird<br \/>\nerz\u00e4hlt. Ein St\u00fcck Sozial- und Kulturgeschichte der Alpen und des Alpinismus<br \/>\nam Beispiel eines ber\u00fchmten Tales.  <\/p>\n<p>Weder in der Geschichte des Alpinismus noch in der Sozial- oder<br \/>\nAlltagsgeschichte haben die Tr\u00e4gerinnen und Tr\u00e4ger bislang angemessene<br \/>\nBer\u00fccksichtigung gefunden. Diese Darstellungsl\u00fccke k\u00f6nnen und wollen wir nicht<br \/>\nschlie\u00dfen. Uns gen\u00fcgt es, am Beispiel eines Tales und einiger dort gelegener<br \/>\nH\u00fctten den H\u00fcttentr\u00e4gerinnen und H\u00fcttentr\u00e4gern ein schriftliches Denkmal zu<br \/>\nsetzen. Wir protokollieren, was wir von alten Leuten erfuhren, die selbst noch<br \/>\nals Tr\u00e4ger ihren Lebensunterhalt verdient oder aufgebessert haben. Wer andere<br \/>\nAlpent\u00e4ler besser kennt als eben dieses, wird jedoch feststellen, dass die<br \/>\nGeschichten vom H\u00fcttentragen dort, bei aller lokaler Besonderheit, doch auf<br \/>\nvergleichbare Weise erz\u00e4hlt werden k\u00f6nnten. (Aus dem Vorwort der Autoren)  <\/p>\n<p>Das Autorenehepaar sammelte nicht nur Interviews mit Zeitzeugen, sondern auch<br \/>\nschriftliche Zeugnisse (Rechnungen, Karten, etc.) und vor allem Fotografien,<br \/>\ndie das H\u00fcttentr\u00e4gerwesen anschaulich dokumentieren.  <\/p>","protected":false},"excerpt":{"rendered":"<p>Geschichten vom H\u00fcttentragen im oberen Iseltal Wie kam einst der Kn\u00f6del auf die H\u00fctte, als es weder Seilbahn noch Hubschrauber gab? Wer sich als Bergtourist diese Frage stellt, st\u00f6\u00dft auf die H\u00fcttentr\u00e4ger, wahre Alpen-Sherpas. Sie, Frauen und M\u00e4nner, vermochten es, Lasten zwischen 50 und \u00fcber 100 Kilogramm auf ihrem R\u00fccken vom Tal bis in die [&#8230;]\n","protected":false},"featured_media":34969,"template":"","meta":[],"product_brand":[],"product_cat":[21542],"product_tag":[],"class_list":{"0":"post-149368","1":"product","2":"type-product","3":"status-publish","4":"has-post-thumbnail","6":"product_cat-sachbuecher-dokumentationen","7":"pa_autor-buenz-elfferding-elfferding","8":"pa_erscheinungsjahr-21830","9":"pa_region-oesterreich","10":"pa_sprache-de","12":"first","13":"instock","14":"taxable","15":"shipping-taxable","16":"purchasable","17":"product-type-simple"},"_links":{"self":[{"href":"https:\/\/pizbube.ch\/en\/wp-json\/wp\/v2\/product\/149368","targetHints":{"allow":["GET"]}}],"collection":[{"href":"https:\/\/pizbube.ch\/en\/wp-json\/wp\/v2\/product"}],"about":[{"href":"https:\/\/pizbube.ch\/en\/wp-json\/wp\/v2\/types\/product"}],"wp:featuredmedia":[{"embeddable":true,"href":"https:\/\/pizbube.ch\/en\/wp-json\/wp\/v2\/media\/34969"}],"wp:attachment":[{"href":"https:\/\/pizbube.ch\/en\/wp-json\/wp\/v2\/media?parent=149368"}],"wp:term":[{"taxonomy":"product_brand","embeddable":true,"href":"https:\/\/pizbube.ch\/en\/wp-json\/wp\/v2\/product_brand?post=149368"},{"taxonomy":"product_cat","embeddable":true,"href":"https:\/\/pizbube.ch\/en\/wp-json\/wp\/v2\/product_cat?post=149368"},{"taxonomy":"product_tag","embeddable":true,"href":"https:\/\/pizbube.ch\/en\/wp-json\/wp\/v2\/product_tag?post=149368"}],"curies":[{"name":"wp","href":"https:\/\/api.w.org\/{rel}","templated":true}]}}