{"id":149370,"date":"2021-01-15T10:59:27","date_gmt":"2021-01-15T10:59:27","guid":{"rendered":"https:\/\/codengine3.ch\/?product=import-placeholder-for-202100"},"modified":"2021-01-15T12:33:22","modified_gmt":"2021-01-15T12:33:22","slug":"annapurna-une-affaire-de-cordee","status":"publish","type":"product","link":"https:\/\/pizbube.ch\/en\/shop\/annapurna-une-affaire-de-cordee\/","title":{"rendered":"Annapurna, une affaire de cord\u00e9e"},"content":{"rendered":"<p>\nCe qu\u2019il s\u2019est r\u00e9ellement pass\u00e9 lors de l\u2019ascension l\u00e9gendaire de l\u2019Annapurna.<\/p>\n<p>Le premier 8000, l` Annapurna: Lachenal, Terray, R\u00e9buffat- les meilleures<br \/>\nalpinistes du si\u00e8cle, bl\u00e9ss\u00e9s, aveugles sont accueillis \u00e0 leur retour comme<br \/>\ndes h\u00e9ros. Aujourd` hui, un \u00e9crivain , alpiniste am\u00e9ricain se penche sur les<br \/>\ndessous de l` Annapurna&#8230;  <\/p>\n<p>50 ans apr\u00e8s, David Roberts porte un regard critique sur la controverse autour<br \/>\ndu c\u00e9l\u00e8bre livre de montagne de Maurice Herzog : ANNAPURNA premier 8000. Apr\u00e8s<br \/>\n3 ans d\u2019enqu\u00eate, il d\u00e9couvre une histoire encore plus riche et dramatique sur<br \/>\nla premi\u00e8re ascension mondiale d\u2019un pic de plus de 8000 m\u00e8tres.<\/p>\n<p>\u00ab Ce soir-l\u00e0, \u00e0 Morzine, pendant que refroidissait le caf\u00e9 dans nos tasses, je<br \/>\ncompris que je venais de tomber sur une histoire qui, quelle que soit la<br \/>\ndifficult\u00e9 qu&#8217;il y ait \u00e0 d\u00e9gager la v\u00e9rit\u00e9 de la gangue d&#8217;ambigu\u00eft\u00e9s o\u00f9 elle<br \/>\ngisait enfouie, r\u00e9clamait d\u00e9sesp\u00e9r\u00e9ment qu&#8217;on la couch\u00e2t sur le papier. \u00bb  <\/p>\n<p>Trois ans d&#8217;enqu\u00eate ont \u00e9t\u00e9 n\u00e9cessaires pour \u00e9clairer les principaux myst\u00e8res<br \/>\nde l&#8217;Annapurna. David Roberts a traqu\u00e9 la v\u00e9rit\u00e9 de la plus c\u00e9l\u00e8bre des<br \/>\nhistoires d&#8217;alpinisme.<\/p>","protected":false},"excerpt":{"rendered":"<p>Ce qu\u2019il s\u2019est r\u00e9ellement pass\u00e9 lors de l\u2019ascension l\u00e9gendaire de l\u2019Annapurna. Le premier 8000, l` Annapurna: Lachenal, Terray, R\u00e9buffat- les meilleures alpinistes du si\u00e8cle, bl\u00e9ss\u00e9s, aveugles sont accueillis \u00e0 leur retour comme des h\u00e9ros. Aujourd` hui, un \u00e9crivain , alpiniste am\u00e9ricain se penche sur les dessous de l` Annapurna&#8230; 50 ans apr\u00e8s, David Roberts porte [&#8230;]\n","protected":false},"featured_media":29489,"template":"","meta":[],"product_brand":[],"product_cat":[21542],"product_tag":[],"class_list":{"0":"post-149370","1":"product","2":"type-product","3":"status-publish","4":"has-post-thumbnail","6":"product_cat-sachbuecher-dokumentationen","7":"pa_autor-roberts","8":"pa_erscheinungsjahr-21763","9":"pa_region-asien","10":"pa_sprache-fr","12":"first","13":"instock","14":"taxable","15":"shipping-taxable","16":"purchasable","17":"product-type-simple"},"_links":{"self":[{"href":"https:\/\/pizbube.ch\/en\/wp-json\/wp\/v2\/product\/149370","targetHints":{"allow":["GET"]}}],"collection":[{"href":"https:\/\/pizbube.ch\/en\/wp-json\/wp\/v2\/product"}],"about":[{"href":"https:\/\/pizbube.ch\/en\/wp-json\/wp\/v2\/types\/product"}],"wp:featuredmedia":[{"embeddable":true,"href":"https:\/\/pizbube.ch\/en\/wp-json\/wp\/v2\/media\/29489"}],"wp:attachment":[{"href":"https:\/\/pizbube.ch\/en\/wp-json\/wp\/v2\/media?parent=149370"}],"wp:term":[{"taxonomy":"product_brand","embeddable":true,"href":"https:\/\/pizbube.ch\/en\/wp-json\/wp\/v2\/product_brand?post=149370"},{"taxonomy":"product_cat","embeddable":true,"href":"https:\/\/pizbube.ch\/en\/wp-json\/wp\/v2\/product_cat?post=149370"},{"taxonomy":"product_tag","embeddable":true,"href":"https:\/\/pizbube.ch\/en\/wp-json\/wp\/v2\/product_tag?post=149370"}],"curies":[{"name":"wp","href":"https:\/\/api.w.org\/{rel}","templated":true}]}}