{"id":149372,"date":"2021-01-15T10:59:27","date_gmt":"2021-01-15T10:59:27","guid":{"rendered":"https:\/\/codengine3.ch\/?product=import-placeholder-for-202901"},"modified":"2022-07-01T09:10:31","modified_gmt":"2022-07-01T07:10:31","slug":"singletrail-map-nid-obwalden-nr-10","status":"publish","type":"product","link":"https:\/\/pizbube.ch\/en\/shop\/singletrail-map-nid-obwalden-nr-10\/","title":{"rendered":"Singletrail Map 010 Meiringen. 1:50&#8217;000"},"content":{"rendered":"<p><span class=\"value\">Das Kartenblatt Meiringen umfasst Teile der Kantone Nidwalden und Obwalden, sowie Bern. Es enth\u00e4lt Singletrail-Highlights wie den den Jochpass, die Engstlenalp, die Melchsee-Frutt, den Hasliberg bei Meiringen oder die \u00c4lggi-Alp &#8211; Englisch \/ Deutsch<\/span><\/p>\n<p>Das detailliert aufbereitete Routennetz f\u00fcr Mountainbiker ist eingeteilt in vier Schwierigkeitsgrade (einfach; mittel; schwierig; extrem), zudem ist die Wegbeschaffenheit erkennbar (Singletrail, Kiesweg, Asphaltstrasse). Damit sind die Karten f\u00fcr Anf\u00e4nger wie auch f\u00fcr versierte Freerider geeignet. Alle Singletrail Maps sind auf ein reiss- und wasserfestes Spezialpapier gedruckt und basieren auf dem Kartenmassstab 1:50&#8217;000. Auf der R\u00fcckseite sind die jeweils zehn attraktivsten Routen der Region ausf\u00fchrlich beschrieben.<\/p>\n<p><strong>Abdeckung:<\/strong> Brienz, Giswil, Br\u00fcnigpass, Meiringen, Brienz, Engelberg, S\u00f6renberg<br \/>\n<strong>Inhalt:<\/strong> Routennetz f\u00fcr Mountainbiker, Bikeshops, Bahnh\u00f6fe, Spit\u00e4ler, Highlights<br \/>\n<strong>Routenbeschriebe:<\/strong> Kemmeriboden, Schibeng\u00fctsch, Sewenseeli, \u00c4lggi, Melchsee-Hasliberg, Hasliberg-Rundtour, Engelberg-Meiringen, Wandelalp, Brienzer Alpentour, Bachsee<br \/>\n<strong><br \/>\nAktuelle Auflage:<\/strong> 2017<br \/>\n<strong>Sprache:<\/strong> deutsch\/englisch<\/p>","protected":false},"excerpt":{"rendered":"<p>Das Kartenblatt Meiringen umfasst Teile der Kantone Nidwalden und Obwalden, sowie Bern. Es enth\u00e4lt Singletrail-Highlights wie den den Jochpass, die Engstlenalp, die Melchsee-Frutt, den Hasliberg bei Meiringen oder die \u00c4lggi-Alp &#8211; Englisch \/ Deutsch Das detailliert aufbereitete Routennetz f\u00fcr Mountainbiker ist eingeteilt in vier Schwierigkeitsgrade (einfach; mittel; schwierig; extrem), zudem ist die Wegbeschaffenheit erkennbar (Singletrail, [&#8230;]\n","protected":false},"featured_media":157506,"template":"","meta":[],"product_brand":[],"product_cat":[21543],"product_tag":[26868],"class_list":{"0":"post-149372","1":"product","2":"type-product","3":"status-publish","4":"has-post-thumbnail","6":"product_cat-landkarten","7":"product_tag-singletrail-map-nid-obwalden-nr-10","8":"pa_autor-ssp","9":"pa_erscheinungsjahr-21574","10":"pa_region-schweiz","11":"pa_sprache-de","13":"first","14":"outofstock","15":"taxable","16":"shipping-taxable","17":"purchasable","18":"product-type-simple"},"_links":{"self":[{"href":"https:\/\/pizbube.ch\/en\/wp-json\/wp\/v2\/product\/149372","targetHints":{"allow":["GET"]}}],"collection":[{"href":"https:\/\/pizbube.ch\/en\/wp-json\/wp\/v2\/product"}],"about":[{"href":"https:\/\/pizbube.ch\/en\/wp-json\/wp\/v2\/types\/product"}],"wp:featuredmedia":[{"embeddable":true,"href":"https:\/\/pizbube.ch\/en\/wp-json\/wp\/v2\/media\/157506"}],"wp:attachment":[{"href":"https:\/\/pizbube.ch\/en\/wp-json\/wp\/v2\/media?parent=149372"}],"wp:term":[{"taxonomy":"product_brand","embeddable":true,"href":"https:\/\/pizbube.ch\/en\/wp-json\/wp\/v2\/product_brand?post=149372"},{"taxonomy":"product_cat","embeddable":true,"href":"https:\/\/pizbube.ch\/en\/wp-json\/wp\/v2\/product_cat?post=149372"},{"taxonomy":"product_tag","embeddable":true,"href":"https:\/\/pizbube.ch\/en\/wp-json\/wp\/v2\/product_tag?post=149372"}],"curies":[{"name":"wp","href":"https:\/\/api.w.org\/{rel}","templated":true}]}}