{"id":149373,"date":"2021-01-15T10:59:27","date_gmt":"2021-01-15T10:59:27","guid":{"rendered":"https:\/\/codengine3.ch\/?product=import-placeholder-for-205988"},"modified":"2021-01-15T14:45:28","modified_gmt":"2021-01-15T14:45:28","slug":"snow-trail-map-16-meiringen","status":"publish","type":"product","link":"https:\/\/pizbube.ch\/en\/shop\/snow-trail-map-16-meiringen\/","title":{"rendered":"Snow Trail Map 16: Meiringen"},"content":{"rendered":"<p>Snow Trail Map 16: Meiringen  <\/p>\n<p>Reiss- und wasserfeste Schneeschuhkarte f\u00fcr das Bernbiet. Die Karte enth\u00e4lt<br \/>\ndie besten Schneeschuh-Routen, abgestuft in einfache und alpine Strecken. Als<br \/>\nKartenbasis dienen die Originalkarten von Siwsstopo im Massstab 1:50&#8217;000.<br \/>\nNeben den Routen sind alle Wildruhezonen (Betretungsverbot, ausser auf<br \/>\nKorridoren) und Wildschutzzonen (Betretung sollte vermieden werden)<br \/>\neingezeichnet.  <\/p>\n<p>R\u00fcckseite:  <\/p>\n<p>* F\u00fcnf ausf\u00fchrlich beschriebene Touren, visualisert mit einem H\u00f6henprofil und Angaben zu L\u00e4nge und Wanderzeit.<br \/>\n* Ausf\u00fchrliche Lawinen-Informationen<br \/>\n* Wichtige Adressen der Region (\u00dcbernachtungsm\u00f6glichkeiten, Schneeschuh-Vermietungen, Touren-Anbieter und Tourismusb\u00fcros)  <\/p>\n<p>Gebiet:<br \/>\nDie Karte umfasst das Gebiet um S\u00f6renberg und Grindelwald bis in die Region<br \/>\nMeiringen- Hasliberg.  <\/p>","protected":false},"excerpt":{"rendered":"<p>Snow Trail Map 16: Meiringen Reiss- und wasserfeste Schneeschuhkarte f\u00fcr das Bernbiet. Die Karte enth\u00e4lt die besten Schneeschuh-Routen, abgestuft in einfache und alpine Strecken. Als Kartenbasis dienen die Originalkarten von Siwsstopo im Massstab 1:50&#8217;000. Neben den Routen sind alle Wildruhezonen (Betretungsverbot, ausser auf Korridoren) und Wildschutzzonen (Betretung sollte vermieden werden) eingezeichnet. R\u00fcckseite: * F\u00fcnf ausf\u00fchrlich [&#8230;]\n","protected":false},"featured_media":34866,"template":"","meta":[],"product_brand":[],"product_cat":[21543],"product_tag":[],"class_list":{"0":"post-149373","1":"product","2":"type-product","3":"status-publish","4":"has-post-thumbnail","6":"product_cat-landkarten","7":"pa_autor-ssp","8":"pa_erscheinungsjahr-21693","9":"pa_region-schweiz","10":"pa_sprache-de","12":"first","13":"instock","14":"taxable","15":"shipping-taxable","16":"purchasable","17":"product-type-simple"},"_links":{"self":[{"href":"https:\/\/pizbube.ch\/en\/wp-json\/wp\/v2\/product\/149373","targetHints":{"allow":["GET"]}}],"collection":[{"href":"https:\/\/pizbube.ch\/en\/wp-json\/wp\/v2\/product"}],"about":[{"href":"https:\/\/pizbube.ch\/en\/wp-json\/wp\/v2\/types\/product"}],"wp:featuredmedia":[{"embeddable":true,"href":"https:\/\/pizbube.ch\/en\/wp-json\/wp\/v2\/media\/34866"}],"wp:attachment":[{"href":"https:\/\/pizbube.ch\/en\/wp-json\/wp\/v2\/media?parent=149373"}],"wp:term":[{"taxonomy":"product_brand","embeddable":true,"href":"https:\/\/pizbube.ch\/en\/wp-json\/wp\/v2\/product_brand?post=149373"},{"taxonomy":"product_cat","embeddable":true,"href":"https:\/\/pizbube.ch\/en\/wp-json\/wp\/v2\/product_cat?post=149373"},{"taxonomy":"product_tag","embeddable":true,"href":"https:\/\/pizbube.ch\/en\/wp-json\/wp\/v2\/product_tag?post=149373"}],"curies":[{"name":"wp","href":"https:\/\/api.w.org\/{rel}","templated":true}]}}