{"id":149374,"date":"2021-01-15T10:59:27","date_gmt":"2021-01-15T10:59:27","guid":{"rendered":"https:\/\/codengine3.ch\/?product=import-placeholder-for-200686"},"modified":"2021-01-15T10:59:56","modified_gmt":"2021-01-15T10:59:56","slug":"erlebnisskitouren-im-lagorai","status":"publish","type":"product","link":"https:\/\/pizbube.ch\/en\/shop\/erlebnisskitouren-im-lagorai\/","title":{"rendered":"Erlebnisskitouren im Lagorai"},"content":{"rendered":"<p>Die sch\u00f6nsten Rundtouren und \u00dcberschreitungen<\/p>\n<p>Dieser monografische F\u00fchrer ist dem bedeutendsten Skitourengebiet der Region<br \/>\nTrentino gewidmet. Es handelt sich um ein innovatives Werk: Neben den<br \/>\nspektakul\u00e4ren Luftaufnahmen, die seit jeher unser Aush\u00e4ngeschild sind, haben<br \/>\nwir aktuelle Karten mit den GPS-Koordinaten der wichtigsten Wegpunkte<br \/>\neingef\u00fcgt. Weiters finden sich im F\u00fchrer genaue technische Angaben zu<br \/>\nSchwierigkeitsgrad, Aufstiegsdauer, empfohlenem Zeitraum usw. Auch die<br \/>\nTypologie der vorgeschlagenen Routen ist eine absolute Neuheit und umfasst<br \/>\natemberaubende Rundg\u00e4nge wie auch ausgedehnte Touren, die jedes Sportlerherz<br \/>\nh\u00f6her schlagen lassen!<\/p>","protected":false},"excerpt":{"rendered":"<p>Die sch\u00f6nsten Rundtouren und \u00dcberschreitungen Dieser monografische F\u00fchrer ist dem bedeutendsten Skitourengebiet der Region Trentino gewidmet. Es handelt sich um ein innovatives Werk: Neben den spektakul\u00e4ren Luftaufnahmen, die seit jeher unser Aush\u00e4ngeschild sind, haben wir aktuelle Karten mit den GPS-Koordinaten der wichtigsten Wegpunkte eingef\u00fcgt. Weiters finden sich im F\u00fchrer genaue technische Angaben zu Schwierigkeitsgrad, Aufstiegsdauer, [&#8230;]\n","protected":false},"featured_media":27614,"template":"","meta":[],"product_brand":[],"product_cat":[21540],"product_tag":[],"class_list":{"0":"post-149374","1":"product","2":"type-product","3":"status-publish","4":"has-post-thumbnail","6":"product_cat-fuehrerliteratur-alpin-winter","7":"pa_autor-beber","8":"pa_erscheinungsjahr-21621","9":"pa_region-italien","10":"pa_sprache-de","12":"first","13":"outofstock","14":"taxable","15":"shipping-taxable","16":"purchasable","17":"product-type-simple"},"_links":{"self":[{"href":"https:\/\/pizbube.ch\/en\/wp-json\/wp\/v2\/product\/149374","targetHints":{"allow":["GET"]}}],"collection":[{"href":"https:\/\/pizbube.ch\/en\/wp-json\/wp\/v2\/product"}],"about":[{"href":"https:\/\/pizbube.ch\/en\/wp-json\/wp\/v2\/types\/product"}],"wp:featuredmedia":[{"embeddable":true,"href":"https:\/\/pizbube.ch\/en\/wp-json\/wp\/v2\/media\/27614"}],"wp:attachment":[{"href":"https:\/\/pizbube.ch\/en\/wp-json\/wp\/v2\/media?parent=149374"}],"wp:term":[{"taxonomy":"product_brand","embeddable":true,"href":"https:\/\/pizbube.ch\/en\/wp-json\/wp\/v2\/product_brand?post=149374"},{"taxonomy":"product_cat","embeddable":true,"href":"https:\/\/pizbube.ch\/en\/wp-json\/wp\/v2\/product_cat?post=149374"},{"taxonomy":"product_tag","embeddable":true,"href":"https:\/\/pizbube.ch\/en\/wp-json\/wp\/v2\/product_tag?post=149374"}],"curies":[{"name":"wp","href":"https:\/\/api.w.org\/{rel}","templated":true}]}}