{"id":149375,"date":"2021-01-15T10:59:27","date_gmt":"2021-01-15T10:59:27","guid":{"rendered":"https:\/\/codengine3.ch\/?product=import-placeholder-for-205947"},"modified":"2024-01-16T09:24:13","modified_gmt":"2024-01-16T08:24:13","slug":"gipfelbuch","status":"publish","type":"product","link":"https:\/\/pizbube.ch\/en\/shop\/gipfelbuch\/","title":{"rendered":"Gipfelbuch"},"content":{"rendered":"<p>Passt in die \u00fcblichen Blechb\u00fcchsen auf dem Gipfel. Leere Seiten laden den<br \/>\nGipfelbest\u00fcrmer\/die Besteigerin ein, sich im Buch zu verewigen. Umschlag gr\u00fcn<br \/>\nmit SAC-Logo, Masse 13.2x17cm<\/p>","protected":false},"excerpt":{"rendered":"<p>Passt in die \u00fcblichen Blechb\u00fcchsen auf dem Gipfel. Leere Seiten laden den Gipfelbest\u00fcrmer\/die Besteigerin ein, sich im Buch zu verewigen. Umschlag gr\u00fcn mit SAC-Logo, Masse 13.2x17cm<\/p>","protected":false},"featured_media":45070,"template":"","meta":[],"product_brand":[],"product_cat":[21542],"product_tag":[],"class_list":{"0":"post-149375","1":"product","2":"type-product","3":"status-publish","4":"has-post-thumbnail","6":"product_cat-sachbuecher-dokumentationen","7":"pa_autor-sac","8":"pa_erscheinungsjahr-21591","9":"pa_region-schweiz","10":"pa_sprache-de","12":"first","13":"outofstock","14":"taxable","15":"shipping-taxable","16":"purchasable","17":"product-type-simple"},"_links":{"self":[{"href":"https:\/\/pizbube.ch\/en\/wp-json\/wp\/v2\/product\/149375","targetHints":{"allow":["GET"]}}],"collection":[{"href":"https:\/\/pizbube.ch\/en\/wp-json\/wp\/v2\/product"}],"about":[{"href":"https:\/\/pizbube.ch\/en\/wp-json\/wp\/v2\/types\/product"}],"wp:featuredmedia":[{"embeddable":true,"href":"https:\/\/pizbube.ch\/en\/wp-json\/wp\/v2\/media\/45070"}],"wp:attachment":[{"href":"https:\/\/pizbube.ch\/en\/wp-json\/wp\/v2\/media?parent=149375"}],"wp:term":[{"taxonomy":"product_brand","embeddable":true,"href":"https:\/\/pizbube.ch\/en\/wp-json\/wp\/v2\/product_brand?post=149375"},{"taxonomy":"product_cat","embeddable":true,"href":"https:\/\/pizbube.ch\/en\/wp-json\/wp\/v2\/product_cat?post=149375"},{"taxonomy":"product_tag","embeddable":true,"href":"https:\/\/pizbube.ch\/en\/wp-json\/wp\/v2\/product_tag?post=149375"}],"curies":[{"name":"wp","href":"https:\/\/api.w.org\/{rel}","templated":true}]}}