{"id":149378,"date":"2021-01-15T10:59:27","date_gmt":"2021-01-15T10:59:27","guid":{"rendered":"https:\/\/codengine3.ch\/?product=import-placeholder-for-200647"},"modified":"2021-01-15T10:59:32","modified_gmt":"2021-01-15T10:59:32","slug":"einkehren-mit-leichten-wanderungen-fuer-geniesser","status":"publish","type":"product","link":"https:\/\/pizbube.ch\/en\/shop\/einkehren-mit-leichten-wanderungen-fuer-geniesser\/","title":{"rendered":"Einkehren &#8211; Mit leichten Wanderungen f\u00fcr Geniesser"},"content":{"rendered":"<p>\nDie 50 besten Beizen in den Schweizer Alpen und im Jura<\/p>\n<p>Das Sch\u00f6nste am Wandern ist das Einkehren in der Beiz oder im Restaurant. In<br \/>\ndiesem Buch finden Sie die sch\u00f6nsten kulinarischen Wanderungen in den<br \/>\nSchweizer Bergen: in den Alpen und im Jura. Dieser Wanderf\u00fchrer stellt f\u00fcr<br \/>\neinmal ganz das leibliche Wohl ins Zentrum. Je nach Lust, Wetter und Kondition<br \/>\ndarf man das Wandern auch einmal ganz weglassen und gleich im Restaurant oder<br \/>\nin der Beiz einkehren.<\/p>\n<p>Wandern bis zum Restaurant oder der Beiz<br \/>\nDieses Buch zeigt Ihnen, wo es in den Schweizer Bergen die rassigste Wurst,<br \/>\ndie knusprigste R\u00f6sti und die beste K\u00e4seschnitte gibt. Auch wenn Sie es auf<br \/>\ns\u00fcsse K\u00f6stlichkeiten abgesehen haben, hat das Buch ein paar Tipps f\u00fcr Sie auf<br \/>\nLager: Beim Wandern darf auch der zarteste Schokoladenkuchen und die<br \/>\ng\u00f6ttlichste Cremeschnitte nicht fehlen.<\/p>\n<p>F\u00fcr die rustikalen Gaumenfreuden, regionalen Spezialit\u00e4ten und gekonnt<br \/>\nzubereiteten Gerichte in diesem Buch lohnt es sich immer, einen Umweg<br \/>\neinzuschlagen. Oder die n\u00e4chste Wanderung in den Schweizer Bergen mit diesem<br \/>\nBuch gleich so zu planen, dass am Schluss die kulinarische Verw\u00f6hnung im<br \/>\nRestaurant oder in der Beiz wartet. Und atemberaubende Berglandschaften gibt<br \/>\nes gleich gratis dazu.<\/p>\n<p>Kulinarische Wanderungen in den Schweizer Alpen und im Jura<br \/>\nMit unterhaltsamen Texten und sch\u00f6nen Bildern regt dieses Buch zur Einkehr in<br \/>\n50 herausragenden, oft historischen Beizen und Restaurants in den Schweizer<br \/>\nAlpen, Voralpen und im Jura ein. Zu jeder Adresse finden Sie im Buch<br \/>\nVorschl\u00e4ge f\u00fcr eine kleinere oder gr\u00f6ssere Wanderung. Mit den praktischen<br \/>\nInformationen zur Anreise per Auto oder \u00d6V, \u00d6ffnungszeiten und<br \/>\n\u00dcbersichtskarten ist die Planung ganz leicht, und es steht dem Wandern nichts<br \/>\nmehr im Weg.<\/p>\n<p>Mit diesem Buch machen Sie das Wandern zur Nebensache. Egal ob in den<br \/>\nSchweizer Alpen oder im Jura, am Schluss f\u00fchrt der Weg immer in ein tolles<br \/>\nRestaurant oder eine gute Beiz. So haben Sie schon etwas, worauf Sie sich<br \/>\nbestimmt freuen k\u00f6nnen, wenn Sie mit dem Wandern anfangen.<\/p>","protected":false},"excerpt":{"rendered":"<p>Die 50 besten Beizen in den Schweizer Alpen und im Jura Das Sch\u00f6nste am Wandern ist das Einkehren in der Beiz oder im Restaurant. In diesem Buch finden Sie die sch\u00f6nsten kulinarischen Wanderungen in den Schweizer Bergen: in den Alpen und im Jura. Dieser Wanderf\u00fchrer stellt f\u00fcr einmal ganz das leibliche Wohl ins Zentrum. Je [&#8230;]\n","protected":false},"featured_media":27491,"template":"","meta":[],"product_brand":[],"product_cat":[21605],"product_tag":[],"class_list":{"0":"post-149378","1":"product","2":"type-product","3":"status-publish","4":"has-post-thumbnail","6":"product_cat-wanderfuehrer-trekking","7":"pa_autor-hobmeier-fischer","8":"pa_erscheinungsjahr-21546","9":"pa_region-schweiz","10":"pa_sprache-de","12":"first","13":"instock","14":"taxable","15":"shipping-taxable","16":"purchasable","17":"product-type-simple"},"_links":{"self":[{"href":"https:\/\/pizbube.ch\/en\/wp-json\/wp\/v2\/product\/149378","targetHints":{"allow":["GET"]}}],"collection":[{"href":"https:\/\/pizbube.ch\/en\/wp-json\/wp\/v2\/product"}],"about":[{"href":"https:\/\/pizbube.ch\/en\/wp-json\/wp\/v2\/types\/product"}],"wp:featuredmedia":[{"embeddable":true,"href":"https:\/\/pizbube.ch\/en\/wp-json\/wp\/v2\/media\/27491"}],"wp:attachment":[{"href":"https:\/\/pizbube.ch\/en\/wp-json\/wp\/v2\/media?parent=149378"}],"wp:term":[{"taxonomy":"product_brand","embeddable":true,"href":"https:\/\/pizbube.ch\/en\/wp-json\/wp\/v2\/product_brand?post=149378"},{"taxonomy":"product_cat","embeddable":true,"href":"https:\/\/pizbube.ch\/en\/wp-json\/wp\/v2\/product_cat?post=149378"},{"taxonomy":"product_tag","embeddable":true,"href":"https:\/\/pizbube.ch\/en\/wp-json\/wp\/v2\/product_tag?post=149378"}],"curies":[{"name":"wp","href":"https:\/\/api.w.org\/{rel}","templated":true}]}}