{"id":149379,"date":"2021-01-15T10:59:27","date_gmt":"2021-01-15T10:59:27","guid":{"rendered":"https:\/\/codengine3.ch\/?product=import-placeholder-for-204030"},"modified":"2025-01-23T08:52:23","modified_gmt":"2025-01-23T07:52:23","slug":"wandern-und-geniessen-in-den-schweizer-alpen","status":"publish","type":"product","link":"https:\/\/pizbube.ch\/en\/shop\/wandern-und-geniessen-in-den-schweizer-alpen\/","title":{"rendered":"Wandern und Geniessen in den Schweizer Alpen"},"content":{"rendered":"<p>Die sch\u00f6nsten Wandertouren mit Berghotel-Komfort<\/p>\n<p>45 Genuss-Wochenenden schl\u00e4gt dieses Buch vor und er\u00f6ffnet damit eine ganz<br \/>\nneue Art des Wanderns. Jedes Kapitel beschreibt im Detail eine ausgew\u00e4hlte<br \/>\nzweit\u00e4gige Tour, mit Routenbeschreibung, H\u00f6henangaben, Hinweisen zur<br \/>\nSchwierigkeit und einer \u00dcbersichtskarte. Die sorgf\u00e4ltig ausgew\u00e4hlten Routen<br \/>\nsind dabei nicht nur speziell lohnend, sondern von allen machbar: Sie sind<br \/>\nnicht zu lang, nirgends besonders schwierig und durchwegs mit \u00f6ffentlichen<br \/>\nVerkehrsmitteln zu erreichen.<\/p>\n<p>Dazu kommt f\u00fcr jede Tour ein oder mehrere Berggasth\u00e4user oder Berghotels, die<br \/>\nabseits der gro\u00dfen Orte, aber stets bequem in etwa der Mitte der<br \/>\nZweitagesstrecke liegen.Viele H\u00e4user sind liebevoll renovierte rustikale<br \/>\nBergh\u00e4user, andere bieten Dreisterne-Komfort, alle aber haben ihren eigenen<br \/>\nCharme und Charakter. Die H\u00e4user verf\u00fcgen \u00fcber Doppelzimmer und Duschen,<br \/>\nfeines Essen und erstklassige Aussicht auf die Berge sind selbstverst\u00e4ndlich.<\/p>\n<p>Neuauflage 2017<\/p>","protected":false},"excerpt":{"rendered":"<p>Die sch\u00f6nsten Wandertouren mit Berghotel-Komfort 45 Genuss-Wochenenden schl\u00e4gt dieses Buch vor und er\u00f6ffnet damit eine ganz neue Art des Wanderns. Jedes Kapitel beschreibt im Detail eine ausgew\u00e4hlte zweit\u00e4gige Tour, mit Routenbeschreibung, H\u00f6henangaben, Hinweisen zur Schwierigkeit und einer \u00dcbersichtskarte. Die sorgf\u00e4ltig ausgew\u00e4hlten Routen sind dabei nicht nur speziell lohnend, sondern von allen machbar: Sie sind nicht [&#8230;]\n","protected":false},"featured_media":37257,"template":"","meta":[],"product_brand":[],"product_cat":[21542],"product_tag":[],"class_list":{"0":"post-149379","1":"product","2":"type-product","3":"status-publish","4":"has-post-thumbnail","6":"product_cat-sachbuecher-dokumentationen","7":"pa_autor-staffelbach","8":"pa_erscheinungsjahr-21574","9":"pa_region-schweiz","10":"pa_sprache-de","12":"first","13":"outofstock","14":"taxable","15":"shipping-taxable","16":"purchasable","17":"product-type-simple"},"_links":{"self":[{"href":"https:\/\/pizbube.ch\/en\/wp-json\/wp\/v2\/product\/149379","targetHints":{"allow":["GET"]}}],"collection":[{"href":"https:\/\/pizbube.ch\/en\/wp-json\/wp\/v2\/product"}],"about":[{"href":"https:\/\/pizbube.ch\/en\/wp-json\/wp\/v2\/types\/product"}],"wp:featuredmedia":[{"embeddable":true,"href":"https:\/\/pizbube.ch\/en\/wp-json\/wp\/v2\/media\/37257"}],"wp:attachment":[{"href":"https:\/\/pizbube.ch\/en\/wp-json\/wp\/v2\/media?parent=149379"}],"wp:term":[{"taxonomy":"product_brand","embeddable":true,"href":"https:\/\/pizbube.ch\/en\/wp-json\/wp\/v2\/product_brand?post=149379"},{"taxonomy":"product_cat","embeddable":true,"href":"https:\/\/pizbube.ch\/en\/wp-json\/wp\/v2\/product_cat?post=149379"},{"taxonomy":"product_tag","embeddable":true,"href":"https:\/\/pizbube.ch\/en\/wp-json\/wp\/v2\/product_tag?post=149379"}],"curies":[{"name":"wp","href":"https:\/\/api.w.org\/{rel}","templated":true}]}}