{"id":149381,"date":"2021-01-15T10:59:27","date_gmt":"2021-01-15T10:59:27","guid":{"rendered":"https:\/\/codengine3.ch\/?product=import-placeholder-for-201404"},"modified":"2022-04-07T09:39:04","modified_gmt":"2022-04-07T07:39:04","slug":"berg-beizli-fuehrer-guide-des-petites-auberges-de-montagne-2020-21","status":"publish","type":"product","link":"https:\/\/pizbube.ch\/en\/shop\/berg-beizli-fuehrer-guide-des-petites-auberges-de-montagne-2020-21\/","title":{"rendered":"Berg-Beizli-F\u00fchrer \/ Guide des petites auberges de montagne 2022\/23"},"content":{"rendered":"<p>Berg-Beizli-F\u00fchrer 2022 \/ 2023<br \/>\n1262 bewirtschaftete Lokalit\u00e4ten in den Schweizer Bergen.<\/p>\n<div class=\"et_pb_column et_pb_column_1_2 et_pb_column_1 et_pb_css_mix_blend_mode_passthrough\">\n<div class=\"et_pb_module et_pb_divider et_pb_divider_0 et_pb_divider_position_center et_pb_space et_had_animation\">\n<div class=\"et_pb_divider_internal\">Der Berg-Beizli-F\u00fchrer ist das einzige gesamtschweizerische Nachschlagwerk s\u00e4mtlicher bewirtschafteten Lokalit\u00e4ten in den Bergen: Bergrestaurants, Alp- und Bergwirtschaften, Buvettes (Welschland), M\u00e9tairies (Jura) und Grotti (Tessin und Misox). Alle sind zu Fuss erreichbar, meist auch mit dem Mountain-Bike.<\/div>\n<div>\n<p>In diesem handlichen Berg-Begleiter sind s\u00e4mtliche Bergrestaurants, Alp- und Bergwirtschaften, Buvettes, M\u00e9tairies und Grotti zusammengefasst.<\/p>\n<p>Jedes Lokal ist abgebildet und mit den wichtigsten Informationen versehen: Infrastruktur, \u00d6ffnungszeiten, \u00dcbernachtungsm\u00f6glichkeiten, n\u00e4chste \u00d6V- Station, Wandervorschlag, Wanderzeit, Koordinaten. Der unabh\u00e4ngige kulinarische Guide informiert \u00fcber K\u00fcche, Keller, lokale Produkte und Ambiance. Auf 28 Kartenseiten sind die Standorte der Berg-Beizli \u00fcbersichtlich bezeichnet.<\/p>\n<p>Es sind auch Winterbergbeizli aufgef\u00fchrt, die abseits von Skipisten gelegen und nur zu Fuss erreichbar sind.<\/p>\n<p>Aktuell:\u00a0\u00abRichi\u2019s kulinarischer Guide\u00bb mit Haus-Spezialit\u00e4ten und 1\u20133 Gabeln<br \/>\nTaschenbuch:\u00a0488 Seiten, (inkl. 29 Kartenseiten) alle farbig<\/p>\n<\/div>\n<div>F\u00fcr jedes Lokal sind Informationen wie \u00d6ffnungszeiten, Telefonnummer, Infrastruktur, Landeskoordinaten usw. aufgef\u00fchrt. Auf 28 Kartenseiten (ganze Schweiz) sind alle Beizli eingezeichnet, was die Suche erleichtet.<\/div>\n<\/div>\n<div class=\"et_pb_module et_pb_text et_pb_text_1 et_pb_text_align_left et_pb_bg_layout_light et_had_animation\">\n<div class=\"et_pb_text_inner\">\n<p>15. Auflage 2022<\/p>\n<\/div>\n<\/div>\n<\/div>","protected":false},"excerpt":{"rendered":"<p>Berg-Beizli-F\u00fchrer 2022 \/ 2023 1262 bewirtschaftete Lokalit\u00e4ten in den Schweizer Bergen. Der Berg-Beizli-F\u00fchrer ist das einzige gesamtschweizerische Nachschlagwerk s\u00e4mtlicher bewirtschafteten Lokalit\u00e4ten in den Bergen: Bergrestaurants, Alp- und Bergwirtschaften, Buvettes (Welschland), M\u00e9tairies (Jura) und Grotti (Tessin und Misox). Alle sind zu Fuss erreichbar, meist auch mit dem Mountain-Bike. In diesem handlichen Berg-Begleiter sind s\u00e4mtliche Bergrestaurants, Alp- [&#8230;]\n","protected":false},"featured_media":161388,"template":"","meta":[],"product_brand":[],"product_cat":[22143],"product_tag":[27081],"class_list":{"0":"post-149381","1":"product","2":"type-product","3":"status-publish","4":"has-post-thumbnail","6":"product_cat-huettenverzeichnisse-hotelfuehrer","7":"product_tag-bergbeizli","8":"pa_autor-spillmann","9":"pa_erscheinungsjahr-27013","10":"pa_region-schweiz","11":"pa_sprache-de-fr","13":"first","14":"instock","15":"taxable","16":"shipping-taxable","17":"purchasable","18":"product-type-simple"},"_links":{"self":[{"href":"https:\/\/pizbube.ch\/en\/wp-json\/wp\/v2\/product\/149381","targetHints":{"allow":["GET"]}}],"collection":[{"href":"https:\/\/pizbube.ch\/en\/wp-json\/wp\/v2\/product"}],"about":[{"href":"https:\/\/pizbube.ch\/en\/wp-json\/wp\/v2\/types\/product"}],"wp:featuredmedia":[{"embeddable":true,"href":"https:\/\/pizbube.ch\/en\/wp-json\/wp\/v2\/media\/161388"}],"wp:attachment":[{"href":"https:\/\/pizbube.ch\/en\/wp-json\/wp\/v2\/media?parent=149381"}],"wp:term":[{"taxonomy":"product_brand","embeddable":true,"href":"https:\/\/pizbube.ch\/en\/wp-json\/wp\/v2\/product_brand?post=149381"},{"taxonomy":"product_cat","embeddable":true,"href":"https:\/\/pizbube.ch\/en\/wp-json\/wp\/v2\/product_cat?post=149381"},{"taxonomy":"product_tag","embeddable":true,"href":"https:\/\/pizbube.ch\/en\/wp-json\/wp\/v2\/product_tag?post=149381"}],"curies":[{"name":"wp","href":"https:\/\/api.w.org\/{rel}","templated":true}]}}