{"id":149382,"date":"2021-01-15T10:59:27","date_gmt":"2021-01-15T10:59:27","guid":{"rendered":"https:\/\/codengine3.ch\/?product=import-placeholder-for-207589"},"modified":"2024-06-22T14:38:25","modified_gmt":"2024-06-22T12:38:25","slug":"weitwandern-mit-genuss","status":"publish","type":"product","link":"https:\/\/pizbube.ch\/en\/shop\/weitwandern-mit-genuss\/","title":{"rendered":"Weitwandern mit Genuss"},"content":{"rendered":"<p>Die sch\u00f6nsten mehrt\u00e4tigen Wanderungen in der Schweiz mit Berghotel-Komfort.<br \/>\n14 Wanderungen zwischen 4 und 7 Tagen L\u00e4nge, alle Wanderungen in<br \/>\nWochenendtouren aufteilbar.<br \/>\nMit detaillierten Angaben zu Anreise, Routenverlauf und -l\u00e4nge und Hotels.<\/p>\n<p>Weitwandern erfreut sich grosser Beliebtheit. Und am erholsamsten ist es, wenn<br \/>\nman statt in einfachen H\u00fctten in komfortablen Berghotels \u00fcbernachten kann.<br \/>\nErfolgsautor Heinz Staffelbach hat dazu vierzehn Routen von vier bis sieben<br \/>\nTagen L\u00e4nge zusammengestellt, die sich auch gut in Zweitagestouren f\u00fcr ein<br \/>\nWochenende aufteilen lassen. Die Touren sind f\u00fcr alle machbar, nirgends<br \/>\nschwierig und die Tagesetappen mit Genuss zu bew\u00e4ltigen. An vielen<br \/>\nEtappenorten stehen Berghotels f\u00fcr unterschiedliche Budgets zur Auswahl.<\/p>\n<p>Mit detaillierten Angaben zu Anreise, Routenverlauf, L\u00e4nge, Schwierigkeit und<br \/>\nCharakterisierung der Hotels. Unvergessliche Weitwanderungen &#8211; f\u00fcr alle, die<br \/>\ndas Erlebnis der Berge mit Genuss und Komfort verbinden wollen.<\/p>","protected":false},"excerpt":{"rendered":"<p>Die sch\u00f6nsten mehrt\u00e4tigen Wanderungen in der Schweiz mit Berghotel-Komfort. 14 Wanderungen zwischen 4 und 7 Tagen L\u00e4nge, alle Wanderungen in Wochenendtouren aufteilbar. Mit detaillierten Angaben zu Anreise, Routenverlauf und -l\u00e4nge und Hotels. Weitwandern erfreut sich grosser Beliebtheit. Und am erholsamsten ist es, wenn man statt in einfachen H\u00fctten in komfortablen Berghotels \u00fcbernachten kann. Erfolgsautor Heinz [&#8230;]\n","protected":false},"featured_media":37895,"template":"","meta":[],"product_brand":[],"product_cat":[21605],"product_tag":[],"class_list":{"0":"post-149382","1":"product","2":"type-product","3":"status-publish","4":"has-post-thumbnail","6":"product_cat-wanderfuehrer-trekking","7":"pa_autor-staffelbach","8":"pa_erscheinungsjahr-21546","9":"pa_region-schweiz","10":"pa_sprache-de","12":"first","13":"outofstock","14":"taxable","15":"shipping-taxable","16":"purchasable","17":"product-type-simple"},"_links":{"self":[{"href":"https:\/\/pizbube.ch\/en\/wp-json\/wp\/v2\/product\/149382","targetHints":{"allow":["GET"]}}],"collection":[{"href":"https:\/\/pizbube.ch\/en\/wp-json\/wp\/v2\/product"}],"about":[{"href":"https:\/\/pizbube.ch\/en\/wp-json\/wp\/v2\/types\/product"}],"wp:featuredmedia":[{"embeddable":true,"href":"https:\/\/pizbube.ch\/en\/wp-json\/wp\/v2\/media\/37895"}],"wp:attachment":[{"href":"https:\/\/pizbube.ch\/en\/wp-json\/wp\/v2\/media?parent=149382"}],"wp:term":[{"taxonomy":"product_brand","embeddable":true,"href":"https:\/\/pizbube.ch\/en\/wp-json\/wp\/v2\/product_brand?post=149382"},{"taxonomy":"product_cat","embeddable":true,"href":"https:\/\/pizbube.ch\/en\/wp-json\/wp\/v2\/product_cat?post=149382"},{"taxonomy":"product_tag","embeddable":true,"href":"https:\/\/pizbube.ch\/en\/wp-json\/wp\/v2\/product_tag?post=149382"}],"curies":[{"name":"wp","href":"https:\/\/api.w.org\/{rel}","templated":true}]}}