{"id":149385,"date":"2021-01-15T10:59:27","date_gmt":"2021-01-15T10:59:27","guid":{"rendered":"https:\/\/codengine3.ch\/?product=import-placeholder-for-203060"},"modified":"2023-07-29T09:50:27","modified_gmt":"2023-07-29T07:50:27","slug":"cinque-terre-ligurien-ost-genua-bis-la-spezia","status":"publish","type":"product","link":"https:\/\/pizbube.ch\/en\/shop\/cinque-terre-ligurien-ost-genua-bis-la-spezia\/","title":{"rendered":"Cinque Terre &#8211; Ligurien Ost, Genua bis La Spezia"},"content":{"rendered":"<p><span class=\"value\">Ein besonderes Schmuckst\u00fcck in Ligurien sind die Cinque Terre: f\u00fcnf terrassenf\u00f6rmig angeordnete D\u00f6rfer, eng an die steilen H\u00e4nge geschmiegt, mit leuchtendbunten Hausfassaden. In den H\u00e4fen liegen Fischerboote und hinter der felsigen K\u00fcste und den Sandstr\u00e4nden ragen die Berge steil auf. L\u00e4ngst geh\u00f6ren die jahrhundertealten K\u00fcstend\u00f6rfer, die im K\u00fcstenabschnitt zwischen Genua und La Spezia liegen, zum Weltkulturerbe. F\u00fcr Wanderer bietet sich im \u00f6stlichen Ligurien ein wahres Paradies. Der Rother Wanderf\u00fchrer \u00bbCinque Terre \u2013 Ligurien Ost\u00ab pr\u00e4sentiert 48 Touren, die das besondere Flair dieser Region erleben lassen.<\/span><\/p>\n<p>Die Wanderungen f\u00fchren entlang der Riviera di Levante sowie ins Hinterland, von wo sich \u00fcberall atemberaubende Panoramen bieten. Gem\u00fctlich sind die K\u00fcstenwanderungen, aussichtsreich die Gipfelanstiege. Es geht durch Olivenhaine und dichte W\u00e4lder, \u00fcber steingepflasterte Maultierpfade und zu verschwiegenen Buchten. Die abwechslungsreichen Wanderungen im Bereich der Cinque Terre eignen sich bestens f\u00fcr Genie\u00dfer. Und wer \u00fcber Bergerfahrung verf\u00fcgt und das Abenteuer liebt, findet seine Herausforderung auf dem Ligurischen H\u00f6henweg \u00bbAlta Via dei Monti\u00ab.<\/p>\n<p>Jede Tour wird mit allen wichtigen Angaben, exakter Wegbeschreibung, Kartenausschnitt mit Routenverlauf und H\u00f6henprofil vorgestellt. GPS-Tracks stehen zum Download bereit. Der Autor Martin Locher gibt zudem zahlreiche Tipps zu Einkehrm\u00f6glichkeiten und interessanten Varianten.<\/p>\n<p>184 Seiten;<br \/>\n48 H\u00f6henprofile, 48 Wanderk\u00e4rtchen im Ma\u00dfstab 1:50.000, zwei \u00dcbersichtskarten im Ma\u00dfstab 1:500.000 und 1:800.000<br \/>\n7., \u00fcberarbeitete Auflage 2022<\/p>","protected":false},"excerpt":{"rendered":"<p>Ein besonderes Schmuckst\u00fcck in Ligurien sind die Cinque Terre: f\u00fcnf terrassenf\u00f6rmig angeordnete D\u00f6rfer, eng an die steilen H\u00e4nge geschmiegt, mit leuchtendbunten Hausfassaden. In den H\u00e4fen liegen Fischerboote und hinter der felsigen K\u00fcste und den Sandstr\u00e4nden ragen die Berge steil auf. L\u00e4ngst geh\u00f6ren die jahrhundertealten K\u00fcstend\u00f6rfer, die im K\u00fcstenabschnitt zwischen Genua und La Spezia liegen, zum [&#8230;]\n","protected":false},"featured_media":163300,"template":"","meta":[],"product_brand":[],"product_cat":[21605],"product_tag":[],"class_list":{"0":"post-149385","1":"product","2":"type-product","3":"status-publish","4":"has-post-thumbnail","6":"product_cat-wanderfuehrer-trekking","7":"pa_autor-locher","8":"pa_erscheinungsjahr-27013","9":"pa_region-italien","10":"pa_sprache-de","12":"first","13":"instock","14":"taxable","15":"shipping-taxable","16":"purchasable","17":"product-type-simple"},"_links":{"self":[{"href":"https:\/\/pizbube.ch\/en\/wp-json\/wp\/v2\/product\/149385","targetHints":{"allow":["GET"]}}],"collection":[{"href":"https:\/\/pizbube.ch\/en\/wp-json\/wp\/v2\/product"}],"about":[{"href":"https:\/\/pizbube.ch\/en\/wp-json\/wp\/v2\/types\/product"}],"wp:featuredmedia":[{"embeddable":true,"href":"https:\/\/pizbube.ch\/en\/wp-json\/wp\/v2\/media\/163300"}],"wp:attachment":[{"href":"https:\/\/pizbube.ch\/en\/wp-json\/wp\/v2\/media?parent=149385"}],"wp:term":[{"taxonomy":"product_brand","embeddable":true,"href":"https:\/\/pizbube.ch\/en\/wp-json\/wp\/v2\/product_brand?post=149385"},{"taxonomy":"product_cat","embeddable":true,"href":"https:\/\/pizbube.ch\/en\/wp-json\/wp\/v2\/product_cat?post=149385"},{"taxonomy":"product_tag","embeddable":true,"href":"https:\/\/pizbube.ch\/en\/wp-json\/wp\/v2\/product_tag?post=149385"}],"curies":[{"name":"wp","href":"https:\/\/api.w.org\/{rel}","templated":true}]}}