{"id":149386,"date":"2021-01-15T10:59:27","date_gmt":"2021-01-15T10:59:27","guid":{"rendered":"https:\/\/codengine3.ch\/?product=import-placeholder-for-206341"},"modified":"2021-01-15T14:48:14","modified_gmt":"2021-01-15T14:48:14","slug":"sun-bike-itinerari-dal-beigua-al-levante-ligure","status":"publish","type":"product","link":"https:\/\/pizbube.ch\/en\/shop\/sun-bike-itinerari-dal-beigua-al-levante-ligure\/","title":{"rendered":"Sun Bike &#8211; Itinerari dal Beigua al Levante Ligure"},"content":{"rendered":"<p>Mountainbikef\u00fchrer von Ligurien&#8217;s K\u00fcste und Hinterland: von Savona \u00fcber Genua<br \/>\n&#8211; Sestri Levante bis nach La Spezia.<br \/>\nBeschrieben sind 41 Gebiete mit Angaben \u00fcber L\u00e4nge, H\u00f6hendifferenz,<br \/>\nSchwierigkeit usw. &#8211; 240 S. 33 Karten;<br \/>\nbeigelegte DVD mit allen GPS Daten  <\/p>\n<p>La nuova guida ai migliori percorsi per la Mountain Bike della Riviera Ligure<br \/>\ndi Levante; gli autore Andrea Codda e Carlo Ferrari esperti della zona, hanno<br \/>\nselezionato i pi\u00f9 bei sentieri per il Cross Country ed il Freeride di questa<br \/>\nbella parte della Riviera Ligure.<br \/>\nSono presenti all&#8217;interno della Guida41 itinerari XC e Freeridetutte le pi\u00f9<br \/>\nbelle varianti agli itinerari  <\/p>\n<p>Tutti gli itinerari Cross Country sono accompagnati da: cartine, altimetrie,<br \/>\nlunghezza, periodo ideale di percorrenza, peculiarit\u00e0 del percorso,<br \/>\ndifficolt\u00e0, percentuale di asfalto-sterrato-sentiero presenti sul percorso;<br \/>\nsono segnate anche le migliori varianti possibili, per accorciare, o<br \/>\nmodificare la difficolt\u00e0 dell&#8217;itinerario principale.<br \/>\nUn Cd allegato offre la possibilit\u00e0 di scaricare le tracce GPS degli itinerari<br \/>\nper poterli percorrere con un navigatore GPS.  <\/p>","protected":false},"excerpt":{"rendered":"<p>Mountainbikef\u00fchrer von Ligurien&#8217;s K\u00fcste und Hinterland: von Savona \u00fcber Genua &#8211; Sestri Levante bis nach La Spezia. Beschrieben sind 41 Gebiete mit Angaben \u00fcber L\u00e4nge, H\u00f6hendifferenz, Schwierigkeit usw. &#8211; 240 S. 33 Karten; beigelegte DVD mit allen GPS Daten La nuova guida ai migliori percorsi per la Mountain Bike della Riviera Ligure di Levante; gli [&#8230;]\n","protected":false},"featured_media":35345,"template":"","meta":[],"product_brand":[],"product_cat":[21606],"product_tag":[],"class_list":{"0":"post-149386","1":"product","2":"type-product","3":"status-publish","4":"has-post-thumbnail","6":"product_cat-mountainbikefuehrer","7":"pa_autor-codda-ferrari","8":"pa_erscheinungsjahr-21830","9":"pa_region-italien","10":"pa_sprache-de-it","12":"first","13":"instock","14":"taxable","15":"shipping-taxable","16":"purchasable","17":"product-type-simple"},"_links":{"self":[{"href":"https:\/\/pizbube.ch\/en\/wp-json\/wp\/v2\/product\/149386","targetHints":{"allow":["GET"]}}],"collection":[{"href":"https:\/\/pizbube.ch\/en\/wp-json\/wp\/v2\/product"}],"about":[{"href":"https:\/\/pizbube.ch\/en\/wp-json\/wp\/v2\/types\/product"}],"wp:featuredmedia":[{"embeddable":true,"href":"https:\/\/pizbube.ch\/en\/wp-json\/wp\/v2\/media\/35345"}],"wp:attachment":[{"href":"https:\/\/pizbube.ch\/en\/wp-json\/wp\/v2\/media?parent=149386"}],"wp:term":[{"taxonomy":"product_brand","embeddable":true,"href":"https:\/\/pizbube.ch\/en\/wp-json\/wp\/v2\/product_brand?post=149386"},{"taxonomy":"product_cat","embeddable":true,"href":"https:\/\/pizbube.ch\/en\/wp-json\/wp\/v2\/product_cat?post=149386"},{"taxonomy":"product_tag","embeddable":true,"href":"https:\/\/pizbube.ch\/en\/wp-json\/wp\/v2\/product_tag?post=149386"}],"curies":[{"name":"wp","href":"https:\/\/api.w.org\/{rel}","templated":true}]}}