{"id":149389,"date":"2021-01-15T10:59:33","date_gmt":"2021-01-15T10:59:33","guid":{"rendered":"https:\/\/codengine3.ch\/?product=import-placeholder-for-206386"},"modified":"2021-12-23T12:50:50","modified_gmt":"2021-12-23T11:50:50","slug":"kein-fall-in-disentis","status":"publish","type":"product","link":"https:\/\/pizbube.ch\/en\/shop\/kein-fall-in-disentis\/","title":{"rendered":"Kein Fall in Disentis?"},"content":{"rendered":"<p>Kriminalroman<\/p>\n<p>Es geht hoch zu und her an jenem Winterabend im Jahr 1955 in der &#8218;Krone&#8216; von<br \/>\nDisentis \u2013 und am anderen Morgen liegt der Erbe der Dorfs\u00e4gerei erschlagen<br \/>\nunter einem Wegkreuz. Der Dorfpolizist, Roc Caminada, verfolgt vorsichtig,<br \/>\ndoch unbeirrbar die sp\u00e4rlichen Spuren und die Ger\u00fcchte, die in der<br \/>\nDorfgemeinschaft umlaufen.<br \/>\nDabei lassen die Ermittlungen das unheimliche Geschehen dem Polizisten<br \/>\npers\u00f6nlich immer n\u00e4her r\u00fccken \u2013 und dann gibt es auf einmal Opfer in seiner<br \/>\nengsten Umgebung. Dieser atmosph\u00e4risch dichte Dorfkrimi, in dem der Autor die<br \/>\nLesenden auch in die Welt seiner Kindheit zur\u00fcckf\u00fchrt, l\u00e4sst die eindr\u00fcckliche<br \/>\nBergwelt Graub\u00fcndens lebendig werden und entfaltet subtil und nicht ohne<br \/>\nfeinen Humor das Geflecht aus Abh\u00e4ngigkeiten und kleinen L\u00fcgen, in das die<br \/>\nMenschen verstrickt sind.<\/p>","protected":false},"excerpt":{"rendered":"<p>Kriminalroman Es geht hoch zu und her an jenem Winterabend im Jahr 1955 in der &#8218;Krone&#8216; von Disentis \u2013 und am anderen Morgen liegt der Erbe der Dorfs\u00e4gerei erschlagen unter einem Wegkreuz. Der Dorfpolizist, Roc Caminada, verfolgt vorsichtig, doch unbeirrbar die sp\u00e4rlichen Spuren und die Ger\u00fcchte, die in der Dorfgemeinschaft umlaufen. Dabei lassen die Ermittlungen [&#8230;]\n","protected":false},"featured_media":35406,"template":"","meta":[],"product_brand":[],"product_cat":[21629],"product_tag":[],"class_list":{"0":"post-149389","1":"product","2":"type-product","3":"status-publish","4":"has-post-thumbnail","6":"product_cat-belletristik","7":"pa_autor-rungger","8":"pa_erscheinungsjahr-21830","9":"pa_region-schweiz","10":"pa_sprache-de","12":"first","13":"outofstock","14":"taxable","15":"shipping-taxable","16":"purchasable","17":"product-type-simple"},"_links":{"self":[{"href":"https:\/\/pizbube.ch\/en\/wp-json\/wp\/v2\/product\/149389","targetHints":{"allow":["GET"]}}],"collection":[{"href":"https:\/\/pizbube.ch\/en\/wp-json\/wp\/v2\/product"}],"about":[{"href":"https:\/\/pizbube.ch\/en\/wp-json\/wp\/v2\/types\/product"}],"wp:featuredmedia":[{"embeddable":true,"href":"https:\/\/pizbube.ch\/en\/wp-json\/wp\/v2\/media\/35406"}],"wp:attachment":[{"href":"https:\/\/pizbube.ch\/en\/wp-json\/wp\/v2\/media?parent=149389"}],"wp:term":[{"taxonomy":"product_brand","embeddable":true,"href":"https:\/\/pizbube.ch\/en\/wp-json\/wp\/v2\/product_brand?post=149389"},{"taxonomy":"product_cat","embeddable":true,"href":"https:\/\/pizbube.ch\/en\/wp-json\/wp\/v2\/product_cat?post=149389"},{"taxonomy":"product_tag","embeddable":true,"href":"https:\/\/pizbube.ch\/en\/wp-json\/wp\/v2\/product_tag?post=149389"}],"curies":[{"name":"wp","href":"https:\/\/api.w.org\/{rel}","templated":true}]}}