{"id":149391,"date":"2021-01-15T10:59:33","date_gmt":"2021-01-15T10:59:33","guid":{"rendered":"https:\/\/codengine3.ch\/?product=import-placeholder-for-207703"},"modified":"2021-01-15T16:06:11","modified_gmt":"2021-01-15T16:06:11","slug":"naturpark-beverin","status":"publish","type":"product","link":"https:\/\/pizbube.ch\/en\/shop\/naturpark-beverin\/","title":{"rendered":"Naturpark Beverin"},"content":{"rendered":"<p>Kultur- und Landschaftsf\u00fchrer Naturpark rund um den Piz Beverin<\/p>\n<p>Naturpark Beverin \u2013 wo der Capricorn zu Hause ist:Der 373 km2 umfassende<br \/>\nNaturpark Beverin erstreckt sich \u00fcber die vier B\u00fcndner T\u00e4ler Schams,<br \/>\nRheinwald, Domleschg und Safien. Gepr\u00e4gt wird er durch die beiden tiefen<br \/>\nSchluchten Viamala und Rofla, durch die Bergseen und die m\u00e4chtigen Gebirgsz\u00fcge<br \/>\nrund um den 2998 m hohen Piz Beverin. Hier oben ist das Reich des Steinbocks,<br \/>\ndes Capricorn.  <\/p>\n<p>Gepr\u00e4gt wird der Naturpark Beverin aber auch durch die Kultur der R\u00e4toromanen<br \/>\nund der Walser, die als Bergbauern sowohl der Landschaft als auch dem<br \/>\nErscheinungsbild ihrer D\u00f6rfer mit den kunsthistorisch wertvollen Kirchen<br \/>\nw\u00e4hrend Jahrhunderten grosse Sorge getragen haben. Touristisch verf\u00fcgt diese<br \/>\nRegion \u00fcber eine lange Tradition: Wichtige Transitrouten f\u00fchren hier seit der<br \/>\nR\u00f6merzeit von Norden nach S\u00fcden, und in Andeer wandelte sich die Heilquelle<br \/>\nseit dem Mittelalter zu einem modernen Mineralbad. Wasserkraft ist hier auch<br \/>\neine wichtige Energiequelle, genauso wie die Sonne \u2013 etwa beim Solarskilift in<br \/>\nTenna. Der Bergbau ist inzwischen eine historische Attraktion, dieweil der<br \/>\ngr\u00fcne Andeer Granit als ein europaweit gefragtes Mineral abgebaut wird. Der<br \/>\nNaturpark Beverin \u2013 eine Region, in der sich althergebrachte Lebensweise und<br \/>\nzukunftsweisende Perspektiven begegnen, wie sie seit 2004 im \u00abCenter da<br \/>\nCapricorns\u00bb in Wergenstein entworfen werden, eine Landschaft aber auch, die zu<br \/>\nausgedehnten Wanderungen einl\u00e4dt. Davon und \u00fcber manch anderes berichtet<br \/>\ndieses Buch.<\/p>\n<p>Herausgegeben von der Gesch\u00e4ftsstelle Naturpark Beverin Herr Kurt Wanner unter<br \/>\nMitarbeit von weiteren Autoren:<\/p>\n<p>Denise Dillier, Stefan Forster, Pius Furger, Hansj\u00fcrg Gredig, Remo<br \/>\nKellenberger, Peter Michael-Caflisch, Silvie M\u00f6sch, Marc Antoni Nay, Adrian<br \/>\nPfiffner, Barbara Riedhauser-Riesch, Reiner Schilling, Claudio Signer<\/p>","protected":false},"excerpt":{"rendered":"<p>Kultur- und Landschaftsf\u00fchrer Naturpark rund um den Piz Beverin Naturpark Beverin \u2013 wo der Capricorn zu Hause ist:Der 373 km2 umfassende Naturpark Beverin erstreckt sich \u00fcber die vier B\u00fcndner T\u00e4ler Schams, Rheinwald, Domleschg und Safien. Gepr\u00e4gt wird er durch die beiden tiefen Schluchten Viamala und Rofla, durch die Bergseen und die m\u00e4chtigen Gebirgsz\u00fcge rund um [&#8230;]\n","protected":false},"featured_media":38211,"template":"","meta":[],"product_brand":[],"product_cat":[21605],"product_tag":[],"class_list":{"0":"post-149391","1":"product","2":"type-product","3":"status-publish","4":"has-post-thumbnail","6":"product_cat-wanderfuehrer-trekking","7":"pa_autor-wanner-hrsg","8":"pa_erscheinungsjahr-21550","9":"pa_region-schweiz","10":"pa_sprache-de","12":"first","13":"instock","14":"taxable","15":"shipping-taxable","16":"purchasable","17":"product-type-simple"},"_links":{"self":[{"href":"https:\/\/pizbube.ch\/en\/wp-json\/wp\/v2\/product\/149391","targetHints":{"allow":["GET"]}}],"collection":[{"href":"https:\/\/pizbube.ch\/en\/wp-json\/wp\/v2\/product"}],"about":[{"href":"https:\/\/pizbube.ch\/en\/wp-json\/wp\/v2\/types\/product"}],"wp:featuredmedia":[{"embeddable":true,"href":"https:\/\/pizbube.ch\/en\/wp-json\/wp\/v2\/media\/38211"}],"wp:attachment":[{"href":"https:\/\/pizbube.ch\/en\/wp-json\/wp\/v2\/media?parent=149391"}],"wp:term":[{"taxonomy":"product_brand","embeddable":true,"href":"https:\/\/pizbube.ch\/en\/wp-json\/wp\/v2\/product_brand?post=149391"},{"taxonomy":"product_cat","embeddable":true,"href":"https:\/\/pizbube.ch\/en\/wp-json\/wp\/v2\/product_cat?post=149391"},{"taxonomy":"product_tag","embeddable":true,"href":"https:\/\/pizbube.ch\/en\/wp-json\/wp\/v2\/product_tag?post=149391"}],"curies":[{"name":"wp","href":"https:\/\/api.w.org\/{rel}","templated":true}]}}