{"id":149392,"date":"2021-01-15T10:59:33","date_gmt":"2021-01-15T10:59:33","guid":{"rendered":"https:\/\/codengine3.ch\/?product=import-placeholder-for-200651"},"modified":"2025-10-17T11:28:04","modified_gmt":"2025-10-17T09:28:04","slug":"kroatien-dalmatinische-kueste-1100000-wk-2900","status":"publish","type":"product","link":"https:\/\/pizbube.ch\/en\/shop\/kroatien-dalmatinische-kueste-1100000-wk-2900\/","title":{"rendered":"Kroatien &#8211; Dalmatinische K\u00fcste 1:100`000 WK 2900"},"content":{"rendered":"<p>Krk, Cres, Losinj, Rab, Pag, Zadar \/ Sibenik, Split, Brac, Hvar, Korcula \/<br \/>\nDubrovnik, Kotor, Ulcinj<br \/>\nWK 2900<\/p>\n<p>3 Karten im Set im Ma\u00dfstab 1:100000.<\/p>\n<p>Drei auf einen Streich \u2013 und ganz Dalmatien in einem Kartenwerk! Das bietet<br \/>\nnur KOMPASS, und zwar auf sechs Kartenseiten im \u00fcbersichtlichen Ma\u00dfstab<br \/>\n1:100000.<\/p>\n<p>Die KOMPASS Wanderkarten \u00fcberzeugen durch . eine GPS-genaue und aktuelle Karte<br \/>\nzur einfachen Orientierung &#8211; alles Wissenswerte f\u00fcr den Outdoor-Genie\u00dfer.<\/p>\n<p><span class=\"value\">3 Wanderkarten 1:100000 im Set<\/span><\/p>","protected":false},"excerpt":{"rendered":"<p>Krk, Cres, Losinj, Rab, Pag, Zadar \/ Sibenik, Split, Brac, Hvar, Korcula \/ Dubrovnik, Kotor, Ulcinj WK 2900 3 Karten im Set im Ma\u00dfstab 1:100000. Drei auf einen Streich \u2013 und ganz Dalmatien in einem Kartenwerk! Das bietet nur KOMPASS, und zwar auf sechs Kartenseiten im \u00fcbersichtlichen Ma\u00dfstab 1:100000. Die KOMPASS Wanderkarten \u00fcberzeugen durch . [&#8230;]\n","protected":false},"featured_media":157304,"template":"","meta":[],"product_brand":[],"product_cat":[21543],"product_tag":[27471,27470],"class_list":{"0":"post-149392","1":"product","2":"type-product","3":"status-publish","4":"has-post-thumbnail","6":"product_cat-landkarten","7":"product_tag-dalmatia","8":"product_tag-dalmazien","9":"pa_autor-kompass","10":"pa_erscheinungsjahr-21586","11":"pa_region-osteuropa","12":"pa_sprache-de","14":"first","15":"outofstock","16":"taxable","17":"shipping-taxable","18":"purchasable","19":"product-type-simple"},"_links":{"self":[{"href":"https:\/\/pizbube.ch\/en\/wp-json\/wp\/v2\/product\/149392","targetHints":{"allow":["GET"]}}],"collection":[{"href":"https:\/\/pizbube.ch\/en\/wp-json\/wp\/v2\/product"}],"about":[{"href":"https:\/\/pizbube.ch\/en\/wp-json\/wp\/v2\/types\/product"}],"wp:featuredmedia":[{"embeddable":true,"href":"https:\/\/pizbube.ch\/en\/wp-json\/wp\/v2\/media\/157304"}],"wp:attachment":[{"href":"https:\/\/pizbube.ch\/en\/wp-json\/wp\/v2\/media?parent=149392"}],"wp:term":[{"taxonomy":"product_brand","embeddable":true,"href":"https:\/\/pizbube.ch\/en\/wp-json\/wp\/v2\/product_brand?post=149392"},{"taxonomy":"product_cat","embeddable":true,"href":"https:\/\/pizbube.ch\/en\/wp-json\/wp\/v2\/product_cat?post=149392"},{"taxonomy":"product_tag","embeddable":true,"href":"https:\/\/pizbube.ch\/en\/wp-json\/wp\/v2\/product_tag?post=149392"}],"curies":[{"name":"wp","href":"https:\/\/api.w.org\/{rel}","templated":true}]}}