{"id":149393,"date":"2021-01-15T10:59:34","date_gmt":"2021-01-15T10:59:34","guid":{"rendered":"https:\/\/codengine3.ch\/?product=import-placeholder-for-202489"},"modified":"2021-01-15T12:36:42","modified_gmt":"2021-01-15T12:36:42","slug":"kroatien-croatia-1-300000-1-700000","status":"publish","type":"product","link":"https:\/\/pizbube.ch\/en\/shop\/kroatien-croatia-1-300000-1-700000\/","title":{"rendered":"kroatien croatia 1: 300`000 1: 700`000"},"content":{"rendered":"<p>H\u00f6henlinien mit H\u00f6henangaben, farbige H\u00f6henschichten, GPS-Tauglichkeit durch<br \/>\neingezeichnete L\u00e4ngen- und Breitengrade, klassifiziertes Stra\u00dfennetz mit<br \/>\nEntfernungsangaben. Ausf\u00fchrlicher Ortsindex. Wasserabsto\u00dfende Impr\u00e4gnierung.<br \/>\n(7. Auflage 2015)<\/p>","protected":false},"excerpt":{"rendered":"<p>H\u00f6henlinien mit H\u00f6henangaben, farbige H\u00f6henschichten, GPS-Tauglichkeit durch eingezeichnete L\u00e4ngen- und Breitengrade, klassifiziertes Stra\u00dfennetz mit Entfernungsangaben. Ausf\u00fchrlicher Ortsindex. Wasserabsto\u00dfende Impr\u00e4gnierung. (7. Auflage 2015)<\/p>","protected":false},"featured_media":29882,"template":"","meta":[],"product_brand":[],"product_cat":[21543],"product_tag":[],"class_list":{"0":"post-149393","1":"product","2":"type-product","3":"status-publish","4":"has-post-thumbnail","6":"product_cat-landkarten","7":"pa_autor-reise-know-how","8":"pa_erscheinungsjahr-21597","9":"pa_region-osteuropa","10":"pa_sprache-de","12":"first","13":"instock","14":"taxable","15":"shipping-taxable","16":"purchasable","17":"product-type-simple"},"_links":{"self":[{"href":"https:\/\/pizbube.ch\/en\/wp-json\/wp\/v2\/product\/149393","targetHints":{"allow":["GET"]}}],"collection":[{"href":"https:\/\/pizbube.ch\/en\/wp-json\/wp\/v2\/product"}],"about":[{"href":"https:\/\/pizbube.ch\/en\/wp-json\/wp\/v2\/types\/product"}],"wp:featuredmedia":[{"embeddable":true,"href":"https:\/\/pizbube.ch\/en\/wp-json\/wp\/v2\/media\/29882"}],"wp:attachment":[{"href":"https:\/\/pizbube.ch\/en\/wp-json\/wp\/v2\/media?parent=149393"}],"wp:term":[{"taxonomy":"product_brand","embeddable":true,"href":"https:\/\/pizbube.ch\/en\/wp-json\/wp\/v2\/product_brand?post=149393"},{"taxonomy":"product_cat","embeddable":true,"href":"https:\/\/pizbube.ch\/en\/wp-json\/wp\/v2\/product_cat?post=149393"},{"taxonomy":"product_tag","embeddable":true,"href":"https:\/\/pizbube.ch\/en\/wp-json\/wp\/v2\/product_tag?post=149393"}],"curies":[{"name":"wp","href":"https:\/\/api.w.org\/{rel}","templated":true}]}}