{"id":149395,"date":"2021-01-15T10:59:34","date_gmt":"2021-01-15T10:59:34","guid":{"rendered":"https:\/\/codengine3.ch\/?product=import-placeholder-for-200678"},"modified":"2025-10-15T13:59:09","modified_gmt":"2025-10-15T11:59:09","slug":"dalmatien-mit-inseln-velebit-gebirge-und-plitvicer-seen","status":"publish","type":"product","link":"https:\/\/pizbube.ch\/en\/shop\/dalmatien-mit-inseln-velebit-gebirge-und-plitvicer-seen\/","title":{"rendered":"Dalmatien mit Inseln, Velebit-Gebirge und Plitvicer Seen"},"content":{"rendered":"<p><span class=\"value\">Wandern in Dalmatien ist reinster Genuss: Die unvergleichliche Mischung aus Bergen und Meer, das mediterrane Klima und die unber\u00fchrte Natur machen den s\u00fcdlichsten Teil Kroatiens zu einem wunderbaren Wandergebiet. Wer hierher nur zum Baden kommt, hat definitiv etwas verpasst. Der Rother Wanderf\u00fchrer Dalmatien stellt 51 Wanderungen im Gebirge, an den Plitvicer Seen und am Meer vor.<\/span><\/p>\n<p>Berge und Meer \u2013 diese Kombination gibt es bei nahezu jeder Wanderung in Dalmatien. Imposante Fernblicke auf die Adria bieten die Touren, die ins Velebit-Gebirge f\u00fchren. Eine besondere Faszination geht von der vielgestaltigen kroatischen K\u00fcstenlandschaft mit ihren zahlreichen vorgelagerten Inseln aus. Rab, Pag, Hvar oder Korcula, um nur einige zu nennen, begeistern mit fantastischen Wanderungen, die sich mit Badevergn\u00fcgen an zauberhaften Str\u00e4nden verbinden lassen. Andere Wanderungen wiederum lassen sich mit Besuchen von Kirchen, Kl\u00f6stern und Festungsanlagen oder den Weltkulturerbe-St\u00e4dten Split und Dubrovnik kombinieren.Seit vielen Jahren bereist Reto Sol\u00e8r Kroatien und dessen Inseln. F\u00fcr diesen Rother Wanderf\u00fchrer hat er 51 Touren ausgew\u00e4hlt, die von gem\u00fctlichen, kinderfreundlichen Wanderungen bis hin zu anspruchsvollen Bergtouren reichen.<\/p>\n<p>Jede Wanderung im Rother Wanderf\u00fchrer Dalmatien wird mit allen wichtigen Angaben, exakter Wegbeschreibung, Kartenausschnitt mit Routenverlauf und H\u00f6henprofil vorgestellt. Zudem gibt es zahlreiche Tipps zu Einkehrm\u00f6glichkeiten und interessanten Varianten. So wird aus dem Urlaub in Dalmatien eine spannende Entdeckungsreise!<\/p>\n<p>4. Auflg. 2023<br \/>\n51 H\u00f6henprofile, 51 Wanderk\u00e4rtchen im Ma\u00dfstab 1:25.000, 1:50.000 und 1:100.000, zwei \u00dcbersichtskarten, GPS-Tracks zum Download<br \/>\n200 Seiten<\/p>","protected":false},"excerpt":{"rendered":"<p>Wandern in Dalmatien ist reinster Genuss: Die unvergleichliche Mischung aus Bergen und Meer, das mediterrane Klima und die unber\u00fchrte Natur machen den s\u00fcdlichsten Teil Kroatiens zu einem wunderbaren Wandergebiet. Wer hierher nur zum Baden kommt, hat definitiv etwas verpasst. Der Rother Wanderf\u00fchrer Dalmatien stellt 51 Wanderungen im Gebirge, an den Plitvicer Seen und am Meer [&#8230;]\n","protected":false},"featured_media":181763,"template":"","meta":[],"product_brand":[],"product_cat":[21605],"product_tag":[],"class_list":{"0":"post-149395","1":"product","2":"type-product","3":"status-publish","4":"has-post-thumbnail","6":"product_cat-wanderfuehrer-trekking","7":"pa_autor-soler","8":"pa_erscheinungsjahr-27129","9":"pa_region-osteuropa","10":"pa_sprache-de","12":"first","13":"instock","14":"taxable","15":"shipping-taxable","16":"purchasable","17":"product-type-simple"},"_links":{"self":[{"href":"https:\/\/pizbube.ch\/en\/wp-json\/wp\/v2\/product\/149395","targetHints":{"allow":["GET"]}}],"collection":[{"href":"https:\/\/pizbube.ch\/en\/wp-json\/wp\/v2\/product"}],"about":[{"href":"https:\/\/pizbube.ch\/en\/wp-json\/wp\/v2\/types\/product"}],"wp:featuredmedia":[{"embeddable":true,"href":"https:\/\/pizbube.ch\/en\/wp-json\/wp\/v2\/media\/181763"}],"wp:attachment":[{"href":"https:\/\/pizbube.ch\/en\/wp-json\/wp\/v2\/media?parent=149395"}],"wp:term":[{"taxonomy":"product_brand","embeddable":true,"href":"https:\/\/pizbube.ch\/en\/wp-json\/wp\/v2\/product_brand?post=149395"},{"taxonomy":"product_cat","embeddable":true,"href":"https:\/\/pizbube.ch\/en\/wp-json\/wp\/v2\/product_cat?post=149395"},{"taxonomy":"product_tag","embeddable":true,"href":"https:\/\/pizbube.ch\/en\/wp-json\/wp\/v2\/product_tag?post=149395"}],"curies":[{"name":"wp","href":"https:\/\/api.w.org\/{rel}","templated":true}]}}