{"id":149397,"date":"2021-01-15T10:59:34","date_gmt":"2021-01-15T10:59:34","guid":{"rendered":"https:\/\/codengine3.ch\/?product=import-placeholder-for-200652"},"modified":"2021-01-15T10:59:38","modified_gmt":"2021-01-15T10:59:38","slug":"liguria-trails-band-1","status":"publish","type":"product","link":"https:\/\/pizbube.ch\/en\/shop\/liguria-trails-band-1\/","title":{"rendered":"Liguria Trails Band 1"},"content":{"rendered":"<p>\nFinale Ligure<br \/>\nPietra Ligure, Calizzano, Colle di Nava  <\/p>\n<p>Nicht umsonst z\u00e4hlt Finale Ligure zu den beliebtesten Freeride-Revieren<br \/>\nEuropas. Dank renommierter Wettk\u00e4mpfe wie die &#171;24 Stunden von Finale&#187; oder<br \/>\ndie Enduro World Series ist der K\u00fcstenort an der italienischen Riviera<br \/>\nweltweit als Freeride-Mekka bekannt. Seinen guten Ruf verdankt Finale Ligure<br \/>\nder Qualit\u00e4t seiner Trails. Touren wie der &#171;Rollercoaster&#187; oder Sektoren wie<br \/>\ndie &#171;Base NATO&#187; sind echte Freeride-Klassiker. Das Know-How der Trailbuilder<br \/>\nist vorbildlich. Jeder Trail in Finale Ligure hat einen eigenen, originellen<br \/>\nCharakter.  <\/p>\n<p>Dank der hervorragenden Shuttle-Infrastruktur vor Ort l\u00e4sst sich dieses<br \/>\nAusnahmerevier unbeschwert genie\u00dfen.Das einzige was Finale Ligure bisher<br \/>\nfehlte, war ein guter Mountainbike-Guide. Nun schlie\u00dft der deutsche<br \/>\nTourenautor Ralf Glaser diese L\u00fccke. In seinem Bike-Guide &#171;Liguria Trails!&#187;<br \/>\nbeschreibt er die 40 besten Mountainbike-Touren rund um Finale Ligure, aber<br \/>\nauch in den Nachbarregionen Pietra Ligure, Calizzano und Colle di Nava.<br \/>\nTats\u00e4chlich bietet Ligurien viel mehr als &#171;nur Freeride&#187;. Ein Netz aus<br \/>\nuralten Wegen durchzieht das Hinterland und formt ein top Allmountain Revier<br \/>\nf\u00fcr abenteuerlustige Mountainbiker. So l\u00e4sst sich die bewegte Geschichte<br \/>\nLiguriens hautnah &#171;erfahren&#187; &#8211; von den Spuren pr\u00e4historischer Kulturen bis<br \/>\nhin zu den Milit\u00e4rwegen aus den napoleonischen Kriegen Ende des achtzehnten<br \/>\nJahrhunderts.  <\/p>\n<p>Der Bike-Guide &#171;Liguria Trails! #1 Finale Ligure&#187; beschreibt viele dieser<br \/>\nAbenteuertouren und lichtet gleichzeitig den Dschungel der gebauten Freeride-<br \/>\nTrails in allen Tourensektoren. Dabei ist der Bike-Guide brandaktuell.<br \/>\nS\u00e4mtliche bis Anfang 2016 neu gebaute Trails sind in dem Guide enthalten. Jede<br \/>\nder 40 Touren ist ausf\u00fchrlich beschrieben und mit einem detaillierten<br \/>\ntopografischen Kartenausschnitt im Ma\u00dfstab 1:50.000 versehen.  <\/p>\n<p>Als Download stehen die GPS-Tracks aller Touren in hohem Detailgrad zur<br \/>\nVerf\u00fcgung. Als Bonus liefert das Buch eine zoombare, offline-f\u00e4hige<br \/>\nDigitalkarte zur Navigation auf dem Smartphone. Au\u00dferdem wird eine 3D-f\u00e4hige<br \/>\nKarte mitgeliefert, mit der sich die Touren auf Google Earth &#171;abfliegen&#187;<br \/>\nlassen. Selbstverst\u00e4ndlich sind die Digitalkarten auch auf normalen GPS-<br \/>\nEmpf\u00e4ngern nutzbar.  <\/p>","protected":false},"excerpt":{"rendered":"<p>Finale Ligure Pietra Ligure, Calizzano, Colle di Nava Nicht umsonst z\u00e4hlt Finale Ligure zu den beliebtesten Freeride-Revieren Europas. Dank renommierter Wettk\u00e4mpfe wie die &#171;24 Stunden von Finale&#187; oder die Enduro World Series ist der K\u00fcstenort an der italienischen Riviera weltweit als Freeride-Mekka bekannt. Seinen guten Ruf verdankt Finale Ligure der Qualit\u00e4t seiner Trails. Touren wie [&#8230;]\n","protected":false},"featured_media":27505,"template":"","meta":[],"product_brand":[],"product_cat":[21606],"product_tag":[],"class_list":{"0":"post-149397","1":"product","2":"type-product","3":"status-publish","4":"has-post-thumbnail","6":"product_cat-mountainbikefuehrer","7":"pa_autor-glaser","8":"pa_erscheinungsjahr-21571","9":"pa_region-italien","10":"pa_sprache-de","12":"first","13":"instock","14":"taxable","15":"shipping-taxable","16":"purchasable","17":"product-type-simple"},"_links":{"self":[{"href":"https:\/\/pizbube.ch\/en\/wp-json\/wp\/v2\/product\/149397","targetHints":{"allow":["GET"]}}],"collection":[{"href":"https:\/\/pizbube.ch\/en\/wp-json\/wp\/v2\/product"}],"about":[{"href":"https:\/\/pizbube.ch\/en\/wp-json\/wp\/v2\/types\/product"}],"wp:featuredmedia":[{"embeddable":true,"href":"https:\/\/pizbube.ch\/en\/wp-json\/wp\/v2\/media\/27505"}],"wp:attachment":[{"href":"https:\/\/pizbube.ch\/en\/wp-json\/wp\/v2\/media?parent=149397"}],"wp:term":[{"taxonomy":"product_brand","embeddable":true,"href":"https:\/\/pizbube.ch\/en\/wp-json\/wp\/v2\/product_brand?post=149397"},{"taxonomy":"product_cat","embeddable":true,"href":"https:\/\/pizbube.ch\/en\/wp-json\/wp\/v2\/product_cat?post=149397"},{"taxonomy":"product_tag","embeddable":true,"href":"https:\/\/pizbube.ch\/en\/wp-json\/wp\/v2\/product_tag?post=149397"}],"curies":[{"name":"wp","href":"https:\/\/api.w.org\/{rel}","templated":true}]}}