{"id":149399,"date":"2021-01-15T10:59:34","date_gmt":"2021-01-15T10:59:34","guid":{"rendered":"https:\/\/codengine3.ch\/?product=import-placeholder-for-204147"},"modified":"2024-08-20T08:35:46","modified_gmt":"2024-08-20T06:35:46","slug":"blu-bike-free-biking-a-finale-ligure","status":"publish","type":"product","link":"https:\/\/pizbube.ch\/en\/shop\/blu-bike-free-biking-a-finale-ligure\/","title":{"rendered":"Blu Bike &#8211; Free Biking a Finale Ligure"},"content":{"rendered":"<p>Beschreibt detailliert die sch\u00f6nsten Trails und Moutainbike &#8211; Touren der<br \/>\nRegion Ligurien, die in den letzten 10 Jahren zum beliebten Ziel vieler<br \/>\nRadfahrer geworden ist.<br \/>\nMit Routenbeschreibungen in drei unterschiedlichen Schwierigkeitsstufen, mit<br \/>\nKarten, H\u00f6hendiagrammen, Tourl\u00e4ngen und Angaben \u00fcber den Anteil an<br \/>\nTeerstrassen, Schotterwegen und Singletrails bietet der Guide dem<br \/>\nnaturbegeisterten Radfahrer eine solide Basis, um die Region eigenst\u00e4ndig zu<br \/>\nerkunden. Nebenbei erh\u00e4lt er zus\u00e4tzliche Angaben \u00fcber die Sehensw\u00fcrdigkeiten<br \/>\nentlang seiner gew\u00e4hlten Route.<br \/>\nSprachen: Englisch\/ Italienisch, 192 Seiten, Karten, Road Books,<br \/>\nH\u00f6hendiagramme und Fotos.<br \/>\nDescribes very detailed the most beautiful trails and mountainbike tours of<br \/>\nthe region of Liguria. This area has become one of the cult destination for<br \/>\nbikers within the last ten years.<br \/>\nThe route descriptions contain three different levels of skills, maps,<br \/>\naltimetry, the lengths of the different tours as well as the amount of paved<br \/>\nroads, small stony and rocky paths and singletrails. On this basis every<br \/>\nnature loving biker will be able to explore this region on his own. Adittional<br \/>\ninformation on places of interest along the chosen path included.<\/p>","protected":false},"excerpt":{"rendered":"<ul>\n<li><a href=\"https:\/\/pizbube.ch\/wp-content\/uploads\/attachments\/a_026\/A4BEB935F5D0CBAA275CABDC1710E556.pdf\" target=\"_blank\" rel=\"noopener\">PDF: blu bike inhalt<\/a><\/li>\n<\/ul>","protected":false},"featured_media":31916,"template":"","meta":[],"product_brand":[],"product_cat":[21606],"product_tag":[],"class_list":{"0":"post-149399","1":"product","2":"type-product","3":"status-publish","4":"has-post-thumbnail","6":"product_cat-mountainbikefuehrer","7":"pa_autor-balbi-belmonte-gallo","8":"pa_erscheinungsjahr-21763","9":"pa_region-italien","10":"pa_sprache-e","11":"pa_sprache-i","13":"first","14":"onbackorder","15":"taxable","16":"shipping-taxable","17":"purchasable","18":"product-type-simple"},"_links":{"self":[{"href":"https:\/\/pizbube.ch\/en\/wp-json\/wp\/v2\/product\/149399","targetHints":{"allow":["GET"]}}],"collection":[{"href":"https:\/\/pizbube.ch\/en\/wp-json\/wp\/v2\/product"}],"about":[{"href":"https:\/\/pizbube.ch\/en\/wp-json\/wp\/v2\/types\/product"}],"wp:featuredmedia":[{"embeddable":true,"href":"https:\/\/pizbube.ch\/en\/wp-json\/wp\/v2\/media\/31916"}],"wp:attachment":[{"href":"https:\/\/pizbube.ch\/en\/wp-json\/wp\/v2\/media?parent=149399"}],"wp:term":[{"taxonomy":"product_brand","embeddable":true,"href":"https:\/\/pizbube.ch\/en\/wp-json\/wp\/v2\/product_brand?post=149399"},{"taxonomy":"product_cat","embeddable":true,"href":"https:\/\/pizbube.ch\/en\/wp-json\/wp\/v2\/product_cat?post=149399"},{"taxonomy":"product_tag","embeddable":true,"href":"https:\/\/pizbube.ch\/en\/wp-json\/wp\/v2\/product_tag?post=149399"}],"curies":[{"name":"wp","href":"https:\/\/api.w.org\/{rel}","templated":true}]}}