{"id":149400,"date":"2021-01-15T10:59:34","date_gmt":"2021-01-15T10:59:34","guid":{"rendered":"https:\/\/codengine3.ch\/?product=import-placeholder-for-201206"},"modified":"2023-04-12T12:45:00","modified_gmt":"2023-04-12T10:45:00","slug":"finale-ligure-150000-supertrail-map","status":"publish","type":"product","link":"https:\/\/pizbube.ch\/en\/shop\/finale-ligure-150000-supertrail-map\/","title":{"rendered":"Finale Ligure 1:50&#8217;000 Supertrail Map"},"content":{"rendered":"<p>Die Supertrail Map verzeichnet die besten Singletrails rund um Finale Ligure.<\/p>\n<p>Basierend auf dem Wissen von Locals und eigens recherchiert von daf\u00fcr<br \/>\nausgebildeten Kartenautoren enth\u00e4lt die Supertrail Map Singletrails in f\u00fcnf<br \/>\nverschiedenen Schwierigkeitsgraden.<\/p>\n<p>Die Karte im Ma\u00dfstab 1:50 000 ist auf rei\u00df- und wasserfeste Folie gedruckt und<br \/>\ndurch ihr praktisches Format von 10&#215;15 cm in jeder Tasche gut verstaubar.<\/p>","protected":false},"excerpt":{"rendered":"<p>Die Supertrail Map verzeichnet die besten Singletrails rund um Finale Ligure. Basierend auf dem Wissen von Locals und eigens recherchiert von daf\u00fcr ausgebildeten Kartenautoren enth\u00e4lt die Supertrail Map Singletrails in f\u00fcnf verschiedenen Schwierigkeitsgraden. Die Karte im Ma\u00dfstab 1:50 000 ist auf rei\u00df- und wasserfeste Folie gedruckt und durch ihr praktisches Format von 10&#215;15 cm in [&#8230;]\n","protected":false},"featured_media":28428,"template":"","meta":[],"product_brand":[],"product_cat":[21543],"product_tag":[],"class_list":{"0":"post-149400","1":"product","2":"type-product","3":"status-publish","4":"has-post-thumbnail","6":"product_cat-landkarten","7":"pa_autor-stm","8":"pa_erscheinungsjahr-21571","9":"pa_region-italien","10":"pa_sprache-de-en","12":"first","13":"outofstock","14":"taxable","15":"shipping-taxable","16":"purchasable","17":"product-type-simple"},"_links":{"self":[{"href":"https:\/\/pizbube.ch\/en\/wp-json\/wp\/v2\/product\/149400","targetHints":{"allow":["GET"]}}],"collection":[{"href":"https:\/\/pizbube.ch\/en\/wp-json\/wp\/v2\/product"}],"about":[{"href":"https:\/\/pizbube.ch\/en\/wp-json\/wp\/v2\/types\/product"}],"wp:featuredmedia":[{"embeddable":true,"href":"https:\/\/pizbube.ch\/en\/wp-json\/wp\/v2\/media\/28428"}],"wp:attachment":[{"href":"https:\/\/pizbube.ch\/en\/wp-json\/wp\/v2\/media?parent=149400"}],"wp:term":[{"taxonomy":"product_brand","embeddable":true,"href":"https:\/\/pizbube.ch\/en\/wp-json\/wp\/v2\/product_brand?post=149400"},{"taxonomy":"product_cat","embeddable":true,"href":"https:\/\/pizbube.ch\/en\/wp-json\/wp\/v2\/product_cat?post=149400"},{"taxonomy":"product_tag","embeddable":true,"href":"https:\/\/pizbube.ch\/en\/wp-json\/wp\/v2\/product_tag?post=149400"}],"curies":[{"name":"wp","href":"https:\/\/api.w.org\/{rel}","templated":true}]}}