{"id":149401,"date":"2021-01-15T10:59:34","date_gmt":"2021-01-15T10:59:34","guid":{"rendered":"https:\/\/codengine3.ch\/?product=import-placeholder-for-208614"},"modified":"2021-01-15T17:55:55","modified_gmt":"2021-01-15T17:55:55","slug":"mountainbiken-in-finale-ligure","status":"publish","type":"product","link":"https:\/\/pizbube.ch\/en\/shop\/mountainbiken-in-finale-ligure\/","title":{"rendered":"Mountainbiken in Finale Ligure"},"content":{"rendered":"<p>20 ausgew\u00e4hlte Touren. Mit Roadbooks und GPS-Daten. Mit 8 Freeride-Specials<\/p>\n<p>Vor allem Tourenfahrer und Freerider zieht es in das italienische<br \/>\nMountainbikeparadies Finale Ligure. Der kleine K\u00fcstenort ist umringt von<br \/>\nschroffen Bergen, deren Ausl\u00e4ufer direkt im tiefblauen ligurischen Meer enden.<br \/>\nEin schon aus antiker Zeit stammendes Wegenetz, das die gesamte Region<br \/>\ndurchzieht, macht die Region zu einem reizvollen Urlaubsziel f\u00fcr<br \/>\nMountainbiker. Auf fantastischen Trails aller Schwierigkeitsgrade toben sich<br \/>\ndie Freeride-Fans aus, w\u00e4hrend sich den Tourenliebhabern zahllose Routen in<br \/>\ndie einsamen Berge anbieten, die eine H\u00f6he von rund 1400 Metern erreichen.<\/p>\n<p>Autor und Sportfotograf Yoyo Marienfeld pr\u00e4sentiert zw\u00f6lf Cross-Country- und<br \/>\nacht Freeride-Routen. Er stellt Verlauf, Schwierigkeitsgrade und<br \/>\nBesonderheiten der einzelnen Touren vor; f\u00fcr jede von ihnen gibt es eine<br \/>\nRoutenkarte und ein herausnehmbares Roadbook. Dazu erhalten Sie kostenlos \u00fcber<br \/>\ndie Website des Magazins BIKE auch die entsprechenden GPS-Tracks.<\/p>\n<p>Au\u00dferdem bietet das Buch n\u00fctzliche allgemeine Informationen wie Hinweise zu<br \/>\nUnterk\u00fcnften und Servicem\u00f6glichkeiten f\u00fcr Mountainbiker \u2013 ideal f\u00fcr die<br \/>\nPlanung eines reibungslosen Mountainbike-Urlaubs.<\/p>\n<p>2., aktualisierte Auflage 2015, 128 Seiten, 55 Farbfotos, 20 H\u00f6henprofile und<br \/>\nRoutenkarten<\/p>","protected":false},"excerpt":{"rendered":"<ul>\n<li><a href=\"https:\/\/pizbube.ch\/wp-content\/uploads\/attachments\/a_031\/EC883218083E0BD2BB4082A237E4CA5D.pdf\" target=\"_blank\" rel=\"noopener\">PDF: Leseprobe Mountainbiken in Finale Ligure<\/a><\/li>\n<\/ul>","protected":false},"featured_media":40712,"template":"","meta":[],"product_brand":[],"product_cat":[21606],"product_tag":[],"class_list":{"0":"post-149401","1":"product","2":"type-product","3":"status-publish","4":"has-post-thumbnail","6":"product_cat-mountainbikefuehrer","7":"pa_autor-marienfeld","8":"pa_erscheinungsjahr-21597","9":"pa_region-italien","10":"pa_sprache-de","12":"first","13":"instock","14":"taxable","15":"shipping-taxable","16":"purchasable","17":"product-type-simple"},"_links":{"self":[{"href":"https:\/\/pizbube.ch\/en\/wp-json\/wp\/v2\/product\/149401","targetHints":{"allow":["GET"]}}],"collection":[{"href":"https:\/\/pizbube.ch\/en\/wp-json\/wp\/v2\/product"}],"about":[{"href":"https:\/\/pizbube.ch\/en\/wp-json\/wp\/v2\/types\/product"}],"wp:featuredmedia":[{"embeddable":true,"href":"https:\/\/pizbube.ch\/en\/wp-json\/wp\/v2\/media\/40712"}],"wp:attachment":[{"href":"https:\/\/pizbube.ch\/en\/wp-json\/wp\/v2\/media?parent=149401"}],"wp:term":[{"taxonomy":"product_brand","embeddable":true,"href":"https:\/\/pizbube.ch\/en\/wp-json\/wp\/v2\/product_brand?post=149401"},{"taxonomy":"product_cat","embeddable":true,"href":"https:\/\/pizbube.ch\/en\/wp-json\/wp\/v2\/product_cat?post=149401"},{"taxonomy":"product_tag","embeddable":true,"href":"https:\/\/pizbube.ch\/en\/wp-json\/wp\/v2\/product_tag?post=149401"}],"curies":[{"name":"wp","href":"https:\/\/api.w.org\/{rel}","templated":true}]}}