{"id":149402,"date":"2021-01-15T10:59:34","date_gmt":"2021-01-15T10:59:34","guid":{"rendered":"https:\/\/codengine3.ch\/?product=import-placeholder-for-200653"},"modified":"2021-01-15T10:59:38","modified_gmt":"2021-01-15T10:59:38","slug":"skitouren-im-wipptal","status":"publish","type":"product","link":"https:\/\/pizbube.ch\/en\/shop\/skitouren-im-wipptal\/","title":{"rendered":"Skitouren im Wipptal"},"content":{"rendered":"<p>\nDie sch\u00f6nsten Routen zwischen Matrei am Brenner und Sterzing<\/p>\n<p>Dieser Gebietsf\u00fchrer f\u00fcr das gesamte Wipptal umfasst 88 Touren von Sterzing<br \/>\nbis nach Matrei am Brenner und beeindruckt mit spektakul\u00e4ren und informativen<br \/>\nLuftbildern mit eingezeichneten Routen.<br \/>\nDer Skitourenf\u00fchrer umfasst dabei Touren in den Gebieten Gschnitztal,<br \/>\nNavistal, Schmirntal, Valsertal, Obernbergtal, Brenner, Pflerschtal,<br \/>\nPfitschtal, Ridnauntal, Ratschingstal und Jaufental.<\/p>\n<p>Jede der 88 Touren enth\u00e4lt die wichtigsten Daten wie Anfahrt, Ausgangspunkt,<br \/>\nParkm\u00f6glichkeiten, Aufstiegszeit, H\u00f6henunterschied, Kartenmaterial,<br \/>\nskitechnische und alpintechnische Schwierigkeiten sowie eine detaillierte<br \/>\nRoutenbeschreibung und wird von einem phantastischen Luftbild und anderen<br \/>\nBildern vervollst\u00e4ndigt.<\/p>","protected":false},"excerpt":{"rendered":"<p>Die sch\u00f6nsten Routen zwischen Matrei am Brenner und Sterzing Dieser Gebietsf\u00fchrer f\u00fcr das gesamte Wipptal umfasst 88 Touren von Sterzing bis nach Matrei am Brenner und beeindruckt mit spektakul\u00e4ren und informativen Luftbildern mit eingezeichneten Routen. Der Skitourenf\u00fchrer umfasst dabei Touren in den Gebieten Gschnitztal, Navistal, Schmirntal, Valsertal, Obernbergtal, Brenner, Pflerschtal, Pfitschtal, Ridnauntal, Ratschingstal und Jaufental. [&#8230;]\n","protected":false},"featured_media":27514,"template":"","meta":[],"product_brand":[],"product_cat":[21540],"product_tag":[],"class_list":{"0":"post-149402","1":"product","2":"type-product","3":"status-publish","4":"has-post-thumbnail","6":"product_cat-fuehrerliteratur-alpin-winter","7":"pa_autor-koessler","8":"pa_erscheinungsjahr-21621","9":"pa_region-italien","10":"pa_sprache-de","12":"first","13":"outofstock","14":"taxable","15":"shipping-taxable","16":"purchasable","17":"product-type-simple"},"_links":{"self":[{"href":"https:\/\/pizbube.ch\/en\/wp-json\/wp\/v2\/product\/149402","targetHints":{"allow":["GET"]}}],"collection":[{"href":"https:\/\/pizbube.ch\/en\/wp-json\/wp\/v2\/product"}],"about":[{"href":"https:\/\/pizbube.ch\/en\/wp-json\/wp\/v2\/types\/product"}],"wp:featuredmedia":[{"embeddable":true,"href":"https:\/\/pizbube.ch\/en\/wp-json\/wp\/v2\/media\/27514"}],"wp:attachment":[{"href":"https:\/\/pizbube.ch\/en\/wp-json\/wp\/v2\/media?parent=149402"}],"wp:term":[{"taxonomy":"product_brand","embeddable":true,"href":"https:\/\/pizbube.ch\/en\/wp-json\/wp\/v2\/product_brand?post=149402"},{"taxonomy":"product_cat","embeddable":true,"href":"https:\/\/pizbube.ch\/en\/wp-json\/wp\/v2\/product_cat?post=149402"},{"taxonomy":"product_tag","embeddable":true,"href":"https:\/\/pizbube.ch\/en\/wp-json\/wp\/v2\/product_tag?post=149402"}],"curies":[{"name":"wp","href":"https:\/\/api.w.org\/{rel}","templated":true}]}}