{"id":149403,"date":"2021-01-15T10:59:34","date_gmt":"2021-01-15T10:59:34","guid":{"rendered":"https:\/\/codengine3.ch\/?product=import-placeholder-for-202765"},"modified":"2022-01-04T15:33:16","modified_gmt":"2022-01-04T14:33:16","slug":"brenner-region","status":"publish","type":"product","link":"https:\/\/pizbube.ch\/en\/shop\/brenner-region\/","title":{"rendered":"Brenner-Region"},"content":{"rendered":"<p>60 Skitouren Innsbruck &#8211; Stubai &#8211; Wipptal &#8211; Sterzing<\/p>\n<p><span class=\"value\">Innsbruck, Stubai, Wipptal, Sterzing \u2013 die Bergwelt rund um den Brenner ist ein Paradies f\u00fcr Skitouren. Geboten sind Schneesicherheit, ein unvergleichliches Gipfelpanorama und eine Vielzahl an Tourenm\u00f6glichkeiten f\u00fcr K\u00f6nner und Anf\u00e4nger. Eine Auswahl der 60 sch\u00f6nsten Touren stellt der Rother Skitourenf\u00fchrer \u00bbBrenner-Region\u00ab vor.<\/span><\/p>\n<p>Die Touren f\u00fchren in das die Umgebung von Innsbruck, ins Stubaital und in das Wipptal auf Nordtiroler und S\u00fcdtiroler Seite, also in das Gebiet zwischen Matrei und Sterzing. In stillen Seitent\u00e4lern, abseits des Skizirkus, finden sich oftmals Pulverschnee und unverspurte H\u00e4nge. Von flacheren, kurzen Touren bis zu Unternehmungen auf vergletscherte Dreitausender ist f\u00fcr jeden Geschmack und f\u00fcr jedes K\u00f6nnen das Richtige dabei.<\/p>\n<p>Der Rother Skitourenf\u00fchrer stellt jede Tour mit einer genauen Anstiegsbeschreibung und einem Kartenausschnitt mit eingetragenem Routenverlauf vor. Essentiell ist die Touren\u00fcbersicht mit Infos zu Lawinengef\u00e4hrdung, Hangausrichtung, Anforderungen und g\u00fcnstigster Jahreszeit. F\u00fcr noch mehr Abwechslung werden Varianten vorgestellt. Au\u00dferdem gibt es viele Tipps f\u00fcr sicheres und naturvertr\u00e4gliches Verhalten auf Skitour sowie zu den Anreisem\u00f6glichkeiten mit Bahn und Bus.<\/p>\n<p>F\u00fcr die vierte Auflage wurde der Rother Skitourenf\u00fchrer Brenner-Region grundlegend erneuert: Er ist um zehn Touren erweitert und komplett mit GPS-Tracks versehen, au\u00dferdem wurde er mit neuen, Sehnsucht weckenden Bildern illustriert. Neu als Autor dabei ist Markus Stadler. Der renommierte Autor von Skitouren- und Klettersteigf\u00fchrern kennt \u2013 wie auch Rudolf und Siegrun Weiss \u2013 die Brenner-Region bestens.<\/p>\n<p>60 Tourenk\u00e4rtchen im Ma\u00dfstab 1:50.000 und 1:75.000, eine \u00dcbersichtskarte im Ma\u00dfstab 1:325.000. 60 GPS-Tracks<\/p>\n<p>4. Auflage 2021<\/p>","protected":false},"excerpt":{"rendered":"<p>60 Skitouren Innsbruck &#8211; Stubai &#8211; Wipptal &#8211; Sterzing Innsbruck, Stubai, Wipptal, Sterzing \u2013 die Bergwelt rund um den Brenner ist ein Paradies f\u00fcr Skitouren. Geboten sind Schneesicherheit, ein unvergleichliches Gipfelpanorama und eine Vielzahl an Tourenm\u00f6glichkeiten f\u00fcr K\u00f6nner und Anf\u00e4nger. Eine Auswahl der 60 sch\u00f6nsten Touren stellt der Rother Skitourenf\u00fchrer \u00bbBrenner-Region\u00ab vor. Die Touren f\u00fchren [&#8230;]\n","protected":false},"featured_media":159698,"template":"","meta":[],"product_brand":[],"product_cat":[21540],"product_tag":[26993],"class_list":{"0":"post-149403","1":"product","2":"type-product","3":"status-publish","4":"has-post-thumbnail","6":"product_cat-fuehrerliteratur-alpin-winter","7":"product_tag-brenner-region","8":"pa_autor-weiss","9":"pa_erscheinungsjahr-25440","10":"pa_region-oesterreich","11":"pa_sprache-de","13":"first","14":"instock","15":"taxable","16":"shipping-taxable","17":"purchasable","18":"product-type-simple"},"_links":{"self":[{"href":"https:\/\/pizbube.ch\/en\/wp-json\/wp\/v2\/product\/149403","targetHints":{"allow":["GET"]}}],"collection":[{"href":"https:\/\/pizbube.ch\/en\/wp-json\/wp\/v2\/product"}],"about":[{"href":"https:\/\/pizbube.ch\/en\/wp-json\/wp\/v2\/types\/product"}],"wp:featuredmedia":[{"embeddable":true,"href":"https:\/\/pizbube.ch\/en\/wp-json\/wp\/v2\/media\/159698"}],"wp:attachment":[{"href":"https:\/\/pizbube.ch\/en\/wp-json\/wp\/v2\/media?parent=149403"}],"wp:term":[{"taxonomy":"product_brand","embeddable":true,"href":"https:\/\/pizbube.ch\/en\/wp-json\/wp\/v2\/product_brand?post=149403"},{"taxonomy":"product_cat","embeddable":true,"href":"https:\/\/pizbube.ch\/en\/wp-json\/wp\/v2\/product_cat?post=149403"},{"taxonomy":"product_tag","embeddable":true,"href":"https:\/\/pizbube.ch\/en\/wp-json\/wp\/v2\/product_tag?post=149403"}],"curies":[{"name":"wp","href":"https:\/\/api.w.org\/{rel}","templated":true}]}}