{"id":149404,"date":"2021-01-15T10:59:34","date_gmt":"2021-01-15T10:59:34","guid":{"rendered":"https:\/\/codengine3.ch\/?product=import-placeholder-for-202363"},"modified":"2021-01-15T12:35:40","modified_gmt":"2021-01-15T12:35:40","slug":"durchs-wilde-wipptal","status":"publish","type":"product","link":"https:\/\/pizbube.ch\/en\/shop\/durchs-wilde-wipptal\/","title":{"rendered":"Durchs wilde Wipptal"},"content":{"rendered":"<p>Auf einer Talroute in 9 Wandertagen oder auf einer anspruchsvolleren Bergroute<br \/>\nin 15 Tagen Wandern zwischen Innsbruck und Mauls.  <\/p>\n<p>Im grenz\u00fcberschreitenden Wipptal befindet sich unten die wichtigste<br \/>\nTransitachse der Alpen; oben aber, und das wissen die wenigsten, gibt es<br \/>\nwilde, erlebnisreiche Landschaften zu entdecken. Zwischen Zillertaleralpen und<br \/>\nOetztaleralpen finden sich erstaunlich ruhige T\u00e4ler wie das Gschnitz- und das<br \/>\nPflerschtal. Daneben gibt es die beliebt-bekannten Regionen wie das Stubai-<br \/>\nund Ratschingstal.<br \/>\nDas Wipptal ist auch eine historisch sehr interessante Landschaft: Keltische<br \/>\nH\u00e4ndler, r\u00f6mische Krieger, mittelalterllche Kreuzritter, Johann Wolfgang<br \/>\nGoethe &#8211; sie alle haben das Land schon durchreist. Kennenlernen kann man unter<br \/>\nder kundigen F\u00fchrung Gerhard St\u00fcrzlingers die Eigenart und die Sch\u00f6nheit des<br \/>\nLandes sowie die Geschichte und aktuelle Lage dieses zentralen Teils des<br \/>\nTirols. Gewandert wird auf einer gem\u00fctlichen Talroute mit 9 Wandertagen und<br \/>\neiner anspruchsvolleren Bergroute mit 15 Wandertagen.<\/p>","protected":false},"excerpt":{"rendered":"<p>Auf einer Talroute in 9 Wandertagen oder auf einer anspruchsvolleren Bergroute in 15 Tagen Wandern zwischen Innsbruck und Mauls. Im grenz\u00fcberschreitenden Wipptal befindet sich unten die wichtigste Transitachse der Alpen; oben aber, und das wissen die wenigsten, gibt es wilde, erlebnisreiche Landschaften zu entdecken. Zwischen Zillertaleralpen und Oetztaleralpen finden sich erstaunlich ruhige T\u00e4ler wie das [&#8230;]\n","protected":false},"featured_media":29742,"template":"","meta":[],"product_brand":[],"product_cat":[21605],"product_tag":[],"class_list":{"0":"post-149404","1":"product","2":"type-product","3":"status-publish","4":"has-post-thumbnail","6":"product_cat-wanderfuehrer-trekking","7":"pa_autor-stuerzlinger","8":"pa_erscheinungsjahr-22242","9":"pa_region-oesterreich","10":"pa_sprache-de","12":"first","13":"instock","14":"taxable","15":"shipping-taxable","16":"purchasable","17":"product-type-simple"},"_links":{"self":[{"href":"https:\/\/pizbube.ch\/en\/wp-json\/wp\/v2\/product\/149404","targetHints":{"allow":["GET"]}}],"collection":[{"href":"https:\/\/pizbube.ch\/en\/wp-json\/wp\/v2\/product"}],"about":[{"href":"https:\/\/pizbube.ch\/en\/wp-json\/wp\/v2\/types\/product"}],"wp:featuredmedia":[{"embeddable":true,"href":"https:\/\/pizbube.ch\/en\/wp-json\/wp\/v2\/media\/29742"}],"wp:attachment":[{"href":"https:\/\/pizbube.ch\/en\/wp-json\/wp\/v2\/media?parent=149404"}],"wp:term":[{"taxonomy":"product_brand","embeddable":true,"href":"https:\/\/pizbube.ch\/en\/wp-json\/wp\/v2\/product_brand?post=149404"},{"taxonomy":"product_cat","embeddable":true,"href":"https:\/\/pizbube.ch\/en\/wp-json\/wp\/v2\/product_cat?post=149404"},{"taxonomy":"product_tag","embeddable":true,"href":"https:\/\/pizbube.ch\/en\/wp-json\/wp\/v2\/product_tag?post=149404"}],"curies":[{"name":"wp","href":"https:\/\/api.w.org\/{rel}","templated":true}]}}