{"id":149406,"date":"2021-01-15T10:59:34","date_gmt":"2021-01-15T10:59:34","guid":{"rendered":"https:\/\/codengine3.ch\/?product=import-placeholder-for-202127"},"modified":"2025-04-30T09:34:15","modified_gmt":"2025-04-30T07:34:15","slug":"berner-oberland-ost","status":"publish","type":"product","link":"https:\/\/pizbube.ch\/en\/shop\/berner-oberland-ost\/","title":{"rendered":"Berner Oberland Ost"},"content":{"rendered":"<p>\u00bbDer Spielplatz Europas\u00ab \u2013 diese Bezeichnung f\u00fcr die Alpen pr\u00e4gte der englische Literat und Bergsteiger Leslie Stephen mit seinem Buch \u00bbThe Playground of Europe\u00ab schon im Jahr 1871, und er meinte damit insbesondere das Berner Oberland mit seinen Eisriesen. Gekr\u00f6nt von Eiger, M\u00f6nch und Jungfrau war das Berner Oberland nicht nur Schauplatz zahlreicher alpinistischer Heldentaten und Dramen, sondern auch eine Wiege des Alpintourismus \u2013 vor allem der \u00f6stliche Teil mit den Regionen um Interlaken, Lauterbrunnen, Grindelwald und Meiringen. Denn auch wer nicht die Eiger-Nordwand erklimmen will, kommt hier auf seine Kosten: 56 der lohnendsten Touren aus dem breiten Wander-Angebot pr\u00e4sentiert der Rother Wanderf\u00fchrer \u00bbBerner Oberland Ost\u00ab in seiner 9. Auflage.<\/p>\n<p>Die Auswahl reicht vom Spaziergang durch das Freilichtmuseum Ballenberg \u00fcber die Promenade entlang des Brienzersees bis hin zu anspruchsvollen Pfaden auf herrliche Aussichtsgipfel wie Schilthorn oder Faulhorn. Besonders spektakul\u00e4r sind die Wege am Fu\u00df der weltber\u00fchmten Eiger-Nordwand. Auch H\u00fcttenziele und einige mehrt\u00e4gige Trekkingtouren wie die \u00bbHintere Gasse\u00ab finden sich im Repertoire dieses handlichen Wanderf\u00fchrers. Sowohl f\u00fcr Ausfl\u00fcge mit der ganzen Familie als auch f\u00fcr ambitionierte Unternehmungen im Hochgebirge ist das Buch also ein perfekter Begleiter!<\/p>\n<p>Die Autoren Bernd Jung und Daniel Anker liefern nicht nur exakte Routenbeschreibungen, mit ihren Texten und exzellenten Bildern vermitteln sie auch ein gutes St\u00fcck Begeisterung f\u00fcr ihre engere Heimat. Bei jeder Tour sind Busverbindungen, Einkehr- und \u00dcbernachtungsm\u00f6glichkeiten sowie Hinweise zu verschiedenen Varianten angegeben. Wanderk\u00e4rtchen mit eingezeichnetem Routenverlauf und H\u00f6henprofile erleichtern die Orientierung, zudem stehen GPS-Daten zum Download bereit.<\/p>\n<p>10. Auflage 2022<br \/>\n192 Seiten mit 147 Farbabbildungen<br \/>\n56 H\u00f6henprofile, 56 Wanderk\u00e4rtchen im Ma\u00dfstab 1:50.000, 1:75.000, 1:100.000 und 1:125.000, zwei \u00dcbersichtskarten im Ma\u00dfstab 1:400.000 und 1:600.000<br \/>\nFormat 11,5 x 16,5 cm<br \/>\nkartoniert mit Polytex-Laminierung<\/p>","protected":false},"excerpt":{"rendered":"<p>\u00bbDer Spielplatz Europas\u00ab \u2013 diese Bezeichnung f\u00fcr die Alpen pr\u00e4gte der englische Literat und Bergsteiger Leslie Stephen mit seinem Buch \u00bbThe Playground of Europe\u00ab schon im Jahr 1871, und er meinte damit insbesondere das Berner Oberland mit seinen Eisriesen. Gekr\u00f6nt von Eiger, M\u00f6nch und Jungfrau war das Berner Oberland nicht nur Schauplatz zahlreicher alpinistischer Heldentaten [&#8230;]\n","protected":false},"featured_media":158435,"template":"","meta":[],"product_brand":[],"product_cat":[21605],"product_tag":[],"class_list":{"0":"post-149406","1":"product","2":"type-product","3":"status-publish","4":"has-post-thumbnail","6":"product_cat-wanderfuehrer-trekking","7":"pa_autor-anker-jung","8":"pa_erscheinungsjahr-27013","9":"pa_region-schweiz","10":"pa_sprache-de","12":"first","13":"instock","14":"taxable","15":"shipping-taxable","16":"purchasable","17":"product-type-simple"},"_links":{"self":[{"href":"https:\/\/pizbube.ch\/en\/wp-json\/wp\/v2\/product\/149406","targetHints":{"allow":["GET"]}}],"collection":[{"href":"https:\/\/pizbube.ch\/en\/wp-json\/wp\/v2\/product"}],"about":[{"href":"https:\/\/pizbube.ch\/en\/wp-json\/wp\/v2\/types\/product"}],"wp:featuredmedia":[{"embeddable":true,"href":"https:\/\/pizbube.ch\/en\/wp-json\/wp\/v2\/media\/158435"}],"wp:attachment":[{"href":"https:\/\/pizbube.ch\/en\/wp-json\/wp\/v2\/media?parent=149406"}],"wp:term":[{"taxonomy":"product_brand","embeddable":true,"href":"https:\/\/pizbube.ch\/en\/wp-json\/wp\/v2\/product_brand?post=149406"},{"taxonomy":"product_cat","embeddable":true,"href":"https:\/\/pizbube.ch\/en\/wp-json\/wp\/v2\/product_cat?post=149406"},{"taxonomy":"product_tag","embeddable":true,"href":"https:\/\/pizbube.ch\/en\/wp-json\/wp\/v2\/product_tag?post=149406"}],"curies":[{"name":"wp","href":"https:\/\/api.w.org\/{rel}","templated":true}]}}