{"id":149407,"date":"2021-01-15T10:59:34","date_gmt":"2021-01-15T10:59:34","guid":{"rendered":"https:\/\/codengine3.ch\/?product=import-placeholder-for-202126"},"modified":"2025-12-17T11:36:28","modified_gmt":"2025-12-17T10:36:28","slug":"berner-oberland-west","status":"publish","type":"product","link":"https:\/\/pizbube.ch\/en\/shop\/berner-oberland-west\/","title":{"rendered":"Berner Oberland West"},"content":{"rendered":"<p>Thunersee &#8211; Gstaad &#8211; Lenk &#8211; Kandersteg<\/p>\n<p><span class=\"value\">Die beeindruckenden Panoramablicke auf die m\u00e4chtigen Gletscher von Balmhorn, Wildstrubel und Wildhorn machen das westliche Berner Oberland zu einer der beliebtesten Wanderregionen der Schweiz. Der Rother Wanderf\u00fchrer \u00bbBerner Oberland West\u00ab pr\u00e4sentiert 60 Wanderungen und Trekkingtouren um den Thunersee, um Gstaad, Lenk, Adelboden, Kandersteg und Beatenberg.<\/span><\/p>\n<p>Die herrlichen Aussichtsziele und atemberaubenden Panoramagipfel laden zu unvergesslichen Wandertagen ein. Ob die Aussichtstour \u00fcber dem Thunersee, der H\u00f6henweg auf das Stockhorn, die abwechslungsreiche Runde zur Geltenh\u00fctte oder Hochgebirge hautnah auf der Fr\u00fcndenh\u00fctte \u2013 dieser Wanderf\u00fchrer bietet f\u00fcr jeden Geschmack und jedes K\u00f6nnen das Richtige. Von leichten bis mittelschweren Wanderungen bis hin zu anspruchsvollen alpinen Touren f\u00fcr ambitionierte Wanderer ist alles dabei. Die Auswahl an Tagestouren wird durch wundersch\u00f6ne Mehrtagestouren von H\u00fctte zu H\u00fctte erg\u00e4nzt, darunter die beeindruckenden Umrundungen der Gebirgsmassive von Balmhorn, Wildstrubel und Wildhorn.<\/p>\n<p>Jede Wanderung ist mit einer zuverl\u00e4ssigen Tourenbeschreibung, einer Wanderkarte mit eingezeichnetem Wegverlauf und einem aussagekr\u00e4ftigen H\u00f6henprofil ausgestattet. Eine \u00fcbersichtliche Toureninfo liefert alle n\u00f6tigen Hinweise zu Busverbindungen, Einkehr- und \u00dcbernachtungsm\u00f6glichkeiten. Gepr\u00fcfte GPS-Tracks, die zum Download bereitstehen, machen die Orientierung unterwegs ganz einfach. Nahezu alle Wanderungen sind gut mit \u00f6ffentlichen Verkehrsmitteln zu erreichen.<\/p>\n<p>8. Auflage 2024<br \/>\n60 Wanderk\u00e4rtchen im Ma\u00dfstab 1:50.000, 60 H\u00f6henprofile, zwei \u00dcbersichtskarten, GPS-Tracks zum Download<\/p>","protected":false},"excerpt":{"rendered":"<p>Thunersee &#8211; Gstaad &#8211; Lenk &#8211; Kandersteg Die beeindruckenden Panoramablicke auf die m\u00e4chtigen Gletscher von Balmhorn, Wildstrubel und Wildhorn machen das westliche Berner Oberland zu einer der beliebtesten Wanderregionen der Schweiz. Der Rother Wanderf\u00fchrer \u00bbBerner Oberland West\u00ab pr\u00e4sentiert 60 Wanderungen und Trekkingtouren um den Thunersee, um Gstaad, Lenk, Adelboden, Kandersteg und Beatenberg. Die herrlichen Aussichtsziele [&#8230;]\n","protected":false},"featured_media":182577,"template":"","meta":[],"product_brand":[],"product_cat":[21605],"product_tag":[],"class_list":{"0":"post-149407","1":"product","2":"type-product","3":"status-publish","4":"has-post-thumbnail","6":"product_cat-wanderfuehrer-trekking","7":"pa_autor-anker-jung","8":"pa_erscheinungsjahr-27339","9":"pa_region-schweiz","10":"pa_sprache-de","12":"first","13":"instock","14":"taxable","15":"shipping-taxable","16":"purchasable","17":"product-type-simple"},"_links":{"self":[{"href":"https:\/\/pizbube.ch\/en\/wp-json\/wp\/v2\/product\/149407","targetHints":{"allow":["GET"]}}],"collection":[{"href":"https:\/\/pizbube.ch\/en\/wp-json\/wp\/v2\/product"}],"about":[{"href":"https:\/\/pizbube.ch\/en\/wp-json\/wp\/v2\/types\/product"}],"wp:featuredmedia":[{"embeddable":true,"href":"https:\/\/pizbube.ch\/en\/wp-json\/wp\/v2\/media\/182577"}],"wp:attachment":[{"href":"https:\/\/pizbube.ch\/en\/wp-json\/wp\/v2\/media?parent=149407"}],"wp:term":[{"taxonomy":"product_brand","embeddable":true,"href":"https:\/\/pizbube.ch\/en\/wp-json\/wp\/v2\/product_brand?post=149407"},{"taxonomy":"product_cat","embeddable":true,"href":"https:\/\/pizbube.ch\/en\/wp-json\/wp\/v2\/product_cat?post=149407"},{"taxonomy":"product_tag","embeddable":true,"href":"https:\/\/pizbube.ch\/en\/wp-json\/wp\/v2\/product_tag?post=149407"}],"curies":[{"name":"wp","href":"https:\/\/api.w.org\/{rel}","templated":true}]}}