{"id":149408,"date":"2021-01-15T10:59:34","date_gmt":"2021-01-15T10:59:34","guid":{"rendered":"https:\/\/codengine3.ch\/?product=import-placeholder-for-206268"},"modified":"2022-01-18T09:27:20","modified_gmt":"2022-01-18T08:27:20","slug":"wandern-wie-gemalt-auf-den-spuren-bekannter-gemaelde-im-berner-oberland","status":"publish","type":"product","link":"https:\/\/pizbube.ch\/en\/shop\/wandern-wie-gemalt-auf-den-spuren-bekannter-gemaelde-im-berner-oberland\/","title":{"rendered":"Wandern wie gemalt &#8211; Auf den Spuren bekannter Gem\u00e4lde im Berner Oberland"},"content":{"rendered":"<p>Kunstwandern ist wandern mit den Augen eines Malers \u2013 14 Ausfl\u00fcge zu den<br \/>\nVorlagen ber\u00fchmter Gem\u00e4lde im Berner Oberland.<\/p>\n<p>In 14 Wanderungen stellen die Autoren 22 Gem\u00e4lde, Stiche und Werbeplakate vor,<br \/>\ndie das Berner Oberland darstellen. In den letzten drei Jahrhunderten<br \/>\nverschmolzen Bilder von dramatischem Terrain, idyllischer Natur und vom Hort<br \/>\nstolzer Hirten zu einem bunten Kaleidoskop von Kunst, Kommerz und Werbung.<\/p>\n<p>Die Autoren schildern die Geschichte dieser Bilder und konfrontieren sie auf<br \/>\nWanderungen mit der aktuellen Landschaft: Wandern mit den Augen eines Malers!<br \/>\nDie Autoren gehen auch der Frage nach, warum der Maler damals genau diesen<br \/>\nStandort, diesen Ausschnitt gew\u00e4hlt hatte. Zu jedem Kapitel geh\u00f6ren<br \/>\nbiografische Informationen \u00fcber den jeweiligen K\u00fcnstler, kultur- und<br \/>\nkunsthistorische \u00dcberlegungen und Standortbestimmungen, Hin\u00adweise auf die<br \/>\nMuseen, wo die Bilder h\u00e4ngen, und genaue Informationen (Karten, Routenangaben,<br \/>\nErreichbarkeit) zu den Wanderungen.<\/p>\n<p>Die Autoren gehen auch der Frage nach, warum der Maler damals genau diesen<br \/>\nStandort, diesen Ausschnitt gew\u00e4hlt hatte. Zu jedem Kapitel geh\u00f6ren<br \/>\nbiografische Informationen \u00fcber den jeweiligen K\u00fcnstler, kultur- und<br \/>\nkunsthistorische \u00dcberlegungen und Standortbestimmungen, Hin\u00adweise auf die<br \/>\nMuseen, wo die Bilder h\u00e4ngen, und genaue Informationen (Karten, Routenangaben,<br \/>\nErreichbarkeit) zu den Wanderungen.<\/p>\n<p>2. Auflage 2011<\/p>","protected":false},"excerpt":{"rendered":"<p>Kunstwandern ist wandern mit den Augen eines Malers \u2013 14 Ausfl\u00fcge zu den Vorlagen ber\u00fchmter Gem\u00e4lde im Berner Oberland. In 14 Wanderungen stellen die Autoren 22 Gem\u00e4lde, Stiche und Werbeplakate vor, die das Berner Oberland darstellen. In den letzten drei Jahrhunderten verschmolzen Bilder von dramatischem Terrain, idyllischer Natur und vom Hort stolzer Hirten zu einem [&#8230;]\n","protected":false},"featured_media":35252,"template":"","meta":[],"product_brand":[],"product_cat":[21605],"product_tag":[],"class_list":{"0":"post-149408","1":"product","2":"type-product","3":"status-publish","4":"has-post-thumbnail","6":"product_cat-wanderfuehrer-trekking","7":"pa_autor-michel-richter","8":"pa_erscheinungsjahr-21610","9":"pa_region-schweiz","10":"pa_sprache-de","12":"first","13":"instock","14":"taxable","15":"shipping-taxable","16":"purchasable","17":"product-type-simple"},"_links":{"self":[{"href":"https:\/\/pizbube.ch\/en\/wp-json\/wp\/v2\/product\/149408","targetHints":{"allow":["GET"]}}],"collection":[{"href":"https:\/\/pizbube.ch\/en\/wp-json\/wp\/v2\/product"}],"about":[{"href":"https:\/\/pizbube.ch\/en\/wp-json\/wp\/v2\/types\/product"}],"wp:featuredmedia":[{"embeddable":true,"href":"https:\/\/pizbube.ch\/en\/wp-json\/wp\/v2\/media\/35252"}],"wp:attachment":[{"href":"https:\/\/pizbube.ch\/en\/wp-json\/wp\/v2\/media?parent=149408"}],"wp:term":[{"taxonomy":"product_brand","embeddable":true,"href":"https:\/\/pizbube.ch\/en\/wp-json\/wp\/v2\/product_brand?post=149408"},{"taxonomy":"product_cat","embeddable":true,"href":"https:\/\/pizbube.ch\/en\/wp-json\/wp\/v2\/product_cat?post=149408"},{"taxonomy":"product_tag","embeddable":true,"href":"https:\/\/pizbube.ch\/en\/wp-json\/wp\/v2\/product_tag?post=149408"}],"curies":[{"name":"wp","href":"https:\/\/api.w.org\/{rel}","templated":true}]}}