{"id":149409,"date":"2021-01-15T10:59:34","date_gmt":"2021-01-15T10:59:34","guid":{"rendered":"https:\/\/codengine3.ch\/?product=import-placeholder-for-202964"},"modified":"2021-01-15T12:52:51","modified_gmt":"2021-01-15T12:52:51","slug":"alpinwandern-rund-um-die-berner-alpen","status":"publish","type":"product","link":"https:\/\/pizbube.ch\/en\/shop\/alpinwandern-rund-um-die-berner-alpen\/","title":{"rendered":"Alpinwandern Rund um die Berner Alpen"},"content":{"rendered":"<p>Dieser neue F\u00fchrer aus der Reihe Alpinwandern im Verlag des SAC beschreibt<br \/>\neine Reihe von mittleren bis anspruchsvollen Bergwanderungen in den Berner<br \/>\nAlpen. Kernst\u00fcck dieser Auswahl ist eine Umrundung des ganzen Berner<br \/>\nAlpenkamms in 24 Tagesetappen von Gsteig \u00fcber das Berner Oberland bis zur<br \/>\nGrimsel und weiter der S\u00fcdabdachung entlang im Kanton Wallis bis zum<br \/>\nSanetschpass.<br \/>\nAusserdem enth\u00e4lt dieser F\u00fchrer eine ganze Reihe von zus\u00e4tzlichen<br \/>\nBeschreibungen und Vorschl\u00e4gen zu Verbindungsetappen zwischen dem Berner<br \/>\nOberland und dem Wallis, neuen und bisher unver\u00f6ffentlichten Varianten und<br \/>\nlohnende Gipfelziele in verschiedenen Schwierigkeitsgraden. Daraus ergibt sich<br \/>\neine Auswahl von 43 verschiedenen Bergwanderungen. Zusammen mit den<br \/>\nWegbeschreibungen enth\u00e4lt jede Etappe Routenkarten, Streckenprofile, Bilder<br \/>\nund detaillierte Angaben \u00fcber Anreise und \u00dcbernachtungsm\u00f6glichkeiten. Mit der<br \/>\nneuen SAC-Schwierigkeitsbewertung (SAC-Wanderskala) erkennen Sie, ob die<br \/>\ngew\u00e4hlte Tour Ihren F\u00e4higkeiten entspricht.<br \/>\n3. Auflage<\/p>","protected":false},"excerpt":{"rendered":"<p>Dieser neue F\u00fchrer aus der Reihe Alpinwandern im Verlag des SAC beschreibt eine Reihe von mittleren bis anspruchsvollen Bergwanderungen in den Berner Alpen. Kernst\u00fcck dieser Auswahl ist eine Umrundung des ganzen Berner Alpenkamms in 24 Tagesetappen von Gsteig \u00fcber das Berner Oberland bis zur Grimsel und weiter der S\u00fcdabdachung entlang im Kanton Wallis bis zum [&#8230;]\n","protected":false},"featured_media":38871,"template":"","meta":[],"product_brand":[],"product_cat":[21605],"product_tag":[],"class_list":{"0":"post-149409","1":"product","2":"type-product","3":"status-publish","4":"has-post-thumbnail","6":"product_cat-wanderfuehrer-trekking","7":"pa_autor-mosimann","8":"pa_erscheinungsjahr-21621","9":"pa_region-schweiz","10":"pa_sprache-de","12":"first","13":"instock","14":"taxable","15":"shipping-taxable","16":"purchasable","17":"product-type-simple"},"_links":{"self":[{"href":"https:\/\/pizbube.ch\/en\/wp-json\/wp\/v2\/product\/149409","targetHints":{"allow":["GET"]}}],"collection":[{"href":"https:\/\/pizbube.ch\/en\/wp-json\/wp\/v2\/product"}],"about":[{"href":"https:\/\/pizbube.ch\/en\/wp-json\/wp\/v2\/types\/product"}],"wp:featuredmedia":[{"embeddable":true,"href":"https:\/\/pizbube.ch\/en\/wp-json\/wp\/v2\/media\/38871"}],"wp:attachment":[{"href":"https:\/\/pizbube.ch\/en\/wp-json\/wp\/v2\/media?parent=149409"}],"wp:term":[{"taxonomy":"product_brand","embeddable":true,"href":"https:\/\/pizbube.ch\/en\/wp-json\/wp\/v2\/product_brand?post=149409"},{"taxonomy":"product_cat","embeddable":true,"href":"https:\/\/pizbube.ch\/en\/wp-json\/wp\/v2\/product_cat?post=149409"},{"taxonomy":"product_tag","embeddable":true,"href":"https:\/\/pizbube.ch\/en\/wp-json\/wp\/v2\/product_tag?post=149409"}],"curies":[{"name":"wp","href":"https:\/\/api.w.org\/{rel}","templated":true}]}}