{"id":149411,"date":"2021-01-15T10:59:34","date_gmt":"2021-01-15T10:59:34","guid":{"rendered":"https:\/\/codengine3.ch\/?product=import-placeholder-for-206877"},"modified":"2021-01-15T14:52:55","modified_gmt":"2021-01-15T14:52:55","slug":"freiburg-alpinwandern-gipfelziele","status":"publish","type":"product","link":"https:\/\/pizbube.ch\/en\/shop\/freiburg-alpinwandern-gipfelziele\/","title":{"rendered":"Freiburg &#8211; Alpinwandern \/ Gipfelziele"},"content":{"rendered":"<p>Le Mol\u00e9son bis Kaiseregg &#8211; Vanil Noir bis Mont Vully  <\/p>\n<p>Mittelpunkt der Freiburger Alpen ist die Region Gruy\u00e8re, die dem K\u00e4se den<br \/>\nNamen gegeben hat. Hier stehen sich der ber\u00fchmteste und der h\u00f6chste Gipfel<br \/>\ngegen\u00fcber: der Mol\u00e9son und der Vanil Noir (2389 m). Hier lockt auch das<br \/>\nFreiburger Matterhorn mit atemberaubenden und blumenreichen Routen. Grasig-<br \/>\nfelsig sind \u00fcberhaupt viele der Zinnen, die sich \u00fcber den saftigen Weiden<br \/>\nerheben: die Gastlosen am Rande des Saanenlandes und die M\u00e4re in der<br \/>\nKaiseregg-Gantrisch-Kette, die Cape au Moine unweit des Genfersees und die<br \/>\nSpitzfluh am Schwarzsee.<\/p>\n<p>Aber es warten auch locker erreichbare Ziele auf Gipfelst\u00fcrmer, wie La Berra<br \/>\nund der K\u00e4senberg am R\u00f6stigraben. Dieser F\u00fchrer stellt mit pr\u00e4zisen<br \/>\nRoutenbeschreibungen und ch\u00fcschtigen Hintergrundtexten alle wanderbaren Gipfel<br \/>\nder Freiburger Alpen vor &#8211; und ein paar markante und wichtige Berge an ihrem<br \/>\nRande bis hin zum Mont Vully (653 m), der vor allem f\u00fcr seine Weine bekannt<br \/>\nist. Anders gesagt: Die 49 Gipfelziel-Touren im Kanton Freiburg bedeuten auch<br \/>\nK\u00e4se und Wein. Wenn das nicht zusammengeh\u00f6rt!<\/p>","protected":false},"excerpt":{"rendered":"<p>Le Mol\u00e9son bis Kaiseregg &#8211; Vanil Noir bis Mont Vully Mittelpunkt der Freiburger Alpen ist die Region Gruy\u00e8re, die dem K\u00e4se den Namen gegeben hat. Hier stehen sich der ber\u00fchmteste und der h\u00f6chste Gipfel gegen\u00fcber: der Mol\u00e9son und der Vanil Noir (2389 m). Hier lockt auch das Freiburger Matterhorn mit atemberaubenden und blumenreichen Routen. Grasig- [&#8230;]\n","protected":false},"featured_media":36333,"template":"","meta":[],"product_brand":[],"product_cat":[21605],"product_tag":[],"class_list":{"0":"post-149411","1":"product","2":"type-product","3":"status-publish","4":"has-post-thumbnail","6":"product_cat-wanderfuehrer-trekking","7":"pa_autor-anker-haas","8":"pa_erscheinungsjahr-21550","9":"pa_region-schweiz","10":"pa_sprache-de","12":"first","13":"instock","14":"taxable","15":"shipping-taxable","16":"purchasable","17":"product-type-simple"},"_links":{"self":[{"href":"https:\/\/pizbube.ch\/en\/wp-json\/wp\/v2\/product\/149411","targetHints":{"allow":["GET"]}}],"collection":[{"href":"https:\/\/pizbube.ch\/en\/wp-json\/wp\/v2\/product"}],"about":[{"href":"https:\/\/pizbube.ch\/en\/wp-json\/wp\/v2\/types\/product"}],"wp:featuredmedia":[{"embeddable":true,"href":"https:\/\/pizbube.ch\/en\/wp-json\/wp\/v2\/media\/36333"}],"wp:attachment":[{"href":"https:\/\/pizbube.ch\/en\/wp-json\/wp\/v2\/media?parent=149411"}],"wp:term":[{"taxonomy":"product_brand","embeddable":true,"href":"https:\/\/pizbube.ch\/en\/wp-json\/wp\/v2\/product_brand?post=149411"},{"taxonomy":"product_cat","embeddable":true,"href":"https:\/\/pizbube.ch\/en\/wp-json\/wp\/v2\/product_cat?post=149411"},{"taxonomy":"product_tag","embeddable":true,"href":"https:\/\/pizbube.ch\/en\/wp-json\/wp\/v2\/product_tag?post=149411"}],"curies":[{"name":"wp","href":"https:\/\/api.w.org\/{rel}","templated":true}]}}