{"id":149412,"date":"2021-01-15T10:59:34","date_gmt":"2021-01-15T10:59:34","guid":{"rendered":"https:\/\/codengine3.ch\/?product=import-placeholder-for-203825"},"modified":"2021-01-15T14:26:57","modified_gmt":"2021-01-15T14:26:57","slug":"berner-hausberge","status":"publish","type":"product","link":"https:\/\/pizbube.ch\/en\/shop\/berner-hausberge\/","title":{"rendered":"Berner Hausberge"},"content":{"rendered":"<p>Die sch\u00f6nsten Wandergipfel zwischen Chasseron und Sidelhorn.<br \/>\nVom Chasseral im Jura bis zum Hockenhorn am L\u00f6tschenpass, von den Rochers de<br \/>\nNaye am Genfersee bis zum Sidelhorn an der Grimsel sind alle Gipfel in diesem<br \/>\nBuch als Tagestouren von Bern aus erreichbar, und dies mit \u00f6ffentlichen<br \/>\nVerkehrsmitteln. Eine Einladung nicht nur an Berner, sondern an alle Wanderer,<br \/>\ndas weite Einzugsgebiet der Berner Hausberge zu entdecken.<br \/>\nAuf je einer Doppelseite werden insgesamt 50 Bergwanderungen beschrieben, die<br \/>\nauf \u00fcber 60 Gipfel f\u00fchren, vom Mittelland \u00fcber den Jura und die Voralpen bis<br \/>\nins Hochgebirge. Pr\u00e4zise Routenbeschreibungen mit Kartenausschnitten und<br \/>\nAngaben zu Schwierigkeit, Zeitbedarf, Unterk\u00fcnften und Gastwirtschaften am Weg<br \/>\nerleichtern die Tourenplanung. Informative Texte sowie pr\u00e4chtige Farbfotos<br \/>\nverlocken, gleich in die Wanderschuhe zu steigen und bekanntere und<br \/>\nunbekanntere Gipfel (wieder) zu entdecken.<br \/>\nUnter den beschriebenen Bergen befinden sich einige Klassiker, die aber auf<br \/>\nneuen Pfaden erschlossen werden.Viele der vorgestellten Berge sind jedoch<br \/>\nwenig bekannt, und einer der Gipfel erscheint zum ersten Mal \u00fcberhaupt in<br \/>\neinem F\u00fchrerwerk.<\/p>","protected":false},"excerpt":{"rendered":"<p>Die sch\u00f6nsten Wandergipfel zwischen Chasseron und Sidelhorn. Vom Chasseral im Jura bis zum Hockenhorn am L\u00f6tschenpass, von den Rochers de Naye am Genfersee bis zum Sidelhorn an der Grimsel sind alle Gipfel in diesem Buch als Tagestouren von Bern aus erreichbar, und dies mit \u00f6ffentlichen Verkehrsmitteln. Eine Einladung nicht nur an Berner, sondern an alle [&#8230;]\n","protected":false},"featured_media":31518,"template":"","meta":[],"product_brand":[],"product_cat":[21605],"product_tag":[],"class_list":{"0":"post-149412","1":"product","2":"type-product","3":"status-publish","4":"has-post-thumbnail","6":"product_cat-wanderfuehrer-trekking","7":"pa_autor-joss","8":"pa_erscheinungsjahr-21776","9":"pa_region-schweiz","10":"pa_sprache-de","12":"first","13":"outofstock","14":"taxable","15":"shipping-taxable","16":"purchasable","17":"product-type-simple"},"_links":{"self":[{"href":"https:\/\/pizbube.ch\/en\/wp-json\/wp\/v2\/product\/149412","targetHints":{"allow":["GET"]}}],"collection":[{"href":"https:\/\/pizbube.ch\/en\/wp-json\/wp\/v2\/product"}],"about":[{"href":"https:\/\/pizbube.ch\/en\/wp-json\/wp\/v2\/types\/product"}],"wp:featuredmedia":[{"embeddable":true,"href":"https:\/\/pizbube.ch\/en\/wp-json\/wp\/v2\/media\/31518"}],"wp:attachment":[{"href":"https:\/\/pizbube.ch\/en\/wp-json\/wp\/v2\/media?parent=149412"}],"wp:term":[{"taxonomy":"product_brand","embeddable":true,"href":"https:\/\/pizbube.ch\/en\/wp-json\/wp\/v2\/product_brand?post=149412"},{"taxonomy":"product_cat","embeddable":true,"href":"https:\/\/pizbube.ch\/en\/wp-json\/wp\/v2\/product_cat?post=149412"},{"taxonomy":"product_tag","embeddable":true,"href":"https:\/\/pizbube.ch\/en\/wp-json\/wp\/v2\/product_tag?post=149412"}],"curies":[{"name":"wp","href":"https:\/\/api.w.org\/{rel}","templated":true}]}}