{"id":149414,"date":"2021-01-15T10:59:35","date_gmt":"2021-01-15T10:59:35","guid":{"rendered":"https:\/\/codengine3.ch\/?product=import-placeholder-for-200656"},"modified":"2021-01-15T10:59:39","modified_gmt":"2021-01-15T10:59:39","slug":"trentino-trails","status":"publish","type":"product","link":"https:\/\/pizbube.ch\/en\/shop\/trentino-trails\/","title":{"rendered":"Trentino Trails!"},"content":{"rendered":"<p>38 Mountainbike Touren im Norden des Gardasees, Paganella, Comano Terme,<br \/>\nRovereto, Terlago, Trento  <\/p>\n<p>Der Gardasee bietet eines der beliebtesten Mountainbike-Reviere Europas. F\u00fcr<br \/>\nviele ist &#171;der Lago&#187; der Bike-Klassiker schlechthin. Doch \u00fcber die<br \/>\nKlassiker-Touren hinaus bietet dieser Teil des Trentino auch unz\u00e4hlige<br \/>\nSingletrails aller Schwierigkeitsgrade. Viele davon sind noch relativ<br \/>\nunbekannt und versprechen Trail-Spa\u00df abseits des hektischen Trubels auf den<br \/>\nseit Jahren bekannten Strecken. Auf dem Men\u00fc stehen abenteuerliche<br \/>\nAllmountain-Touren, Runden im Enduro-Style oder wilde Freerides mit Seilbahn-<br \/>\nUnterst\u00fctzung.  <\/p>\n<p>Dieser Mountainbike-Guide beschreibt die 38 besten Trail-Touren im Norden des<br \/>\nGardasees, an der Paganella, um Comano Terme sowie rund um Rovereto, Terlago<br \/>\nund Trento. Neben einer Handvoll &#171;Klassikertouren&#187; werden in dem Buch<br \/>\nhaupts\u00e4chlich Trails beschrieben, die noch weitgehend unbekannt sind. Hier<br \/>\nfinden mit Sicherheit auch langj\u00e4hrige Fans des Gardasees noch Neuland!Teil<br \/>\ndes Guides ist ein umfangreiches Download Package:Enthalten sind nicht nur die<br \/>\nGPS-Daten zu allen Touren, sondern auch zoombare Offline-Digitalkarten, die<br \/>\nsich auf dem PC, mit Smartphone und GPS-Empf\u00e4nger nutzen lassen.  <\/p>\n<p>Mountainbike-Reglementierungen im Trentino:Im Trentino gibt es seit 2015 eine<br \/>\nneue Gesetzeslage zum Fahren auf Wanderwegen mit Mountainbikes. Diese<br \/>\nRegelungen werden ab 2018 im gesamten Trentino umgesetzt. In diesem<br \/>\nZusammenhang gibt es im Trentino leider viele Trailsperrungen. Dieser<br \/>\nMountainbike-F\u00fchrer ist auf dem aktuellen Stand und zeigt s\u00e4mtliche gesperrten<br \/>\nTrails in \u00fcbersichtlichen Karten an. S\u00e4mtliche Touren sind nach der aktuellen<br \/>\nRechtslage legal zu befahren!  <\/p>","protected":false},"excerpt":{"rendered":"<p>38 Mountainbike Touren im Norden des Gardasees, Paganella, Comano Terme, Rovereto, Terlago, Trento Der Gardasee bietet eines der beliebtesten Mountainbike-Reviere Europas. F\u00fcr viele ist &#171;der Lago&#187; der Bike-Klassiker schlechthin. Doch \u00fcber die Klassiker-Touren hinaus bietet dieser Teil des Trentino auch unz\u00e4hlige Singletrails aller Schwierigkeitsgrade. Viele davon sind noch relativ unbekannt und versprechen Trail-Spa\u00df abseits des [&#8230;]\n","protected":false},"featured_media":27520,"template":"","meta":[],"product_brand":[],"product_cat":[21606],"product_tag":[],"class_list":{"0":"post-149414","1":"product","2":"type-product","3":"status-publish","4":"has-post-thumbnail","6":"product_cat-mountainbikefuehrer","7":"pa_autor-glaser","8":"pa_erscheinungsjahr-21546","9":"pa_region-italien","10":"pa_sprache-de","12":"first","13":"instock","14":"taxable","15":"shipping-taxable","16":"purchasable","17":"product-type-simple"},"_links":{"self":[{"href":"https:\/\/pizbube.ch\/en\/wp-json\/wp\/v2\/product\/149414","targetHints":{"allow":["GET"]}}],"collection":[{"href":"https:\/\/pizbube.ch\/en\/wp-json\/wp\/v2\/product"}],"about":[{"href":"https:\/\/pizbube.ch\/en\/wp-json\/wp\/v2\/types\/product"}],"wp:featuredmedia":[{"embeddable":true,"href":"https:\/\/pizbube.ch\/en\/wp-json\/wp\/v2\/media\/27520"}],"wp:attachment":[{"href":"https:\/\/pizbube.ch\/en\/wp-json\/wp\/v2\/media?parent=149414"}],"wp:term":[{"taxonomy":"product_brand","embeddable":true,"href":"https:\/\/pizbube.ch\/en\/wp-json\/wp\/v2\/product_brand?post=149414"},{"taxonomy":"product_cat","embeddable":true,"href":"https:\/\/pizbube.ch\/en\/wp-json\/wp\/v2\/product_cat?post=149414"},{"taxonomy":"product_tag","embeddable":true,"href":"https:\/\/pizbube.ch\/en\/wp-json\/wp\/v2\/product_tag?post=149414"}],"curies":[{"name":"wp","href":"https:\/\/api.w.org\/{rel}","templated":true}]}}