{"id":149416,"date":"2021-01-15T10:59:35","date_gmt":"2021-01-15T10:59:35","guid":{"rendered":"https:\/\/codengine3.ch\/?product=import-placeholder-for-208370"},"modified":"2025-10-10T17:01:22","modified_gmt":"2025-10-10T15:01:22","slug":"trento-rock","status":"publish","type":"product","link":"https:\/\/pizbube.ch\/en\/shop\/trento-rock\/","title":{"rendered":"Trento Rock"},"content":{"rendered":"<p>49 KLETTERG\u00c4RTEN in TRIENT: Paganella &#8211; Sarche<\/p>\n<p>Die gro\u00dfe Vielfalt an Kletterw\u00e4nden in diesem F\u00fchrer zeigt,<br \/>\nwieviele Gelegenheiten zum Klettern es in n\u00e4chster Umgebung von Trient gibt.<\/p>\n<p>1. Aufl. 2019; 176 Seiten<\/p>","protected":false},"excerpt":{"rendered":"<p>49 KLETTERG\u00c4RTEN in TRIENT: Paganella &#8211; Sarche Die gro\u00dfe Vielfalt an Kletterw\u00e4nden in diesem F\u00fchrer zeigt, wieviele Gelegenheiten zum Klettern es in n\u00e4chster Umgebung von Trient gibt. 1. Aufl. 2019; 176 Seiten<\/p>","protected":false},"featured_media":181712,"template":"","meta":[],"product_brand":[],"product_cat":[21539],"product_tag":[],"class_list":{"0":"post-149416","1":"product","2":"type-product","3":"status-publish","4":"has-post-thumbnail","6":"product_cat-fuehrerliteratur-sportklettern-bouldern","7":"pa_autor-conz","8":"pa_erscheinungsjahr-21586","9":"pa_region-italien","10":"pa_sprache-de","12":"first","13":"instock","14":"taxable","15":"shipping-taxable","16":"purchasable","17":"product-type-simple"},"_links":{"self":[{"href":"https:\/\/pizbube.ch\/en\/wp-json\/wp\/v2\/product\/149416","targetHints":{"allow":["GET"]}}],"collection":[{"href":"https:\/\/pizbube.ch\/en\/wp-json\/wp\/v2\/product"}],"about":[{"href":"https:\/\/pizbube.ch\/en\/wp-json\/wp\/v2\/types\/product"}],"wp:featuredmedia":[{"embeddable":true,"href":"https:\/\/pizbube.ch\/en\/wp-json\/wp\/v2\/media\/181712"}],"wp:attachment":[{"href":"https:\/\/pizbube.ch\/en\/wp-json\/wp\/v2\/media?parent=149416"}],"wp:term":[{"taxonomy":"product_brand","embeddable":true,"href":"https:\/\/pizbube.ch\/en\/wp-json\/wp\/v2\/product_brand?post=149416"},{"taxonomy":"product_cat","embeddable":true,"href":"https:\/\/pizbube.ch\/en\/wp-json\/wp\/v2\/product_cat?post=149416"},{"taxonomy":"product_tag","embeddable":true,"href":"https:\/\/pizbube.ch\/en\/wp-json\/wp\/v2\/product_tag?post=149416"}],"curies":[{"name":"wp","href":"https:\/\/api.w.org\/{rel}","templated":true}]}}