{"id":149417,"date":"2021-01-15T10:59:35","date_gmt":"2021-01-15T10:59:35","guid":{"rendered":"https:\/\/codengine3.ch\/?product=import-placeholder-for-203416"},"modified":"2021-01-15T14:23:04","modified_gmt":"2021-01-15T14:23:04","slug":"von-huette-zu-huette-in-den-schweizer-alpen","status":"publish","type":"product","link":"https:\/\/pizbube.ch\/en\/shop\/von-huette-zu-huette-in-den-schweizer-alpen\/","title":{"rendered":"Von H\u00fctte zu H\u00fctte in den Schweizer Alpen"},"content":{"rendered":"<p>H\u00fcttenwandern ist im Trend: Hier werden nicht in erster Linie die H\u00fctten<br \/>\nbeschrieben, sondern 20 Weitwanderungen, die H\u00fctten und Berggasth\u00e4user<br \/>\nmiteinander verbinden.<br \/>\nDie H\u00f6hen- und Weitwanderwege sind als mehrt\u00e4gige Routen beschrieben. Darunter<br \/>\nsind sehr bekannte, aber auch unbekanntere Routen und eigentliche Geheimtipps.  <\/p>\n<p>Die L\u00e4nge der jeweiligen Tour l\u00e4sst sich individuell &#8211; von zwei Tagen bis zu<br \/>\neiner Woche &#8211; planen. Detaillierte Informationen \u00fcber Zustiege,Wanderzeit,<br \/>\nSchwierigkeiten, Charakter der Route sowie Zu- und Abstiegsvarianten<br \/>\nerleichtern die Vorbereitung.<\/p>\n<p>Zahlreiche kompetente Mitautoren haben mit ihrem profunden Fachwissen<br \/>\nmitgeholfen, dieses Wander- und Fotobuch der Extraklasse zu schaffen: Bernhard<br \/>\nRudolf Banzhaf, Ruedi H\u00e4hlen,This Isler, Fredy Joss, Felix Ortlieb, Fran\u00e7ois<br \/>\nPerraudin und Philipp Werlen.<br \/>\n2. aktual. Auflg.  <\/p>","protected":false},"excerpt":{"rendered":"<p>H\u00fcttenwandern ist im Trend: Hier werden nicht in erster Linie die H\u00fctten beschrieben, sondern 20 Weitwanderungen, die H\u00fctten und Berggasth\u00e4user miteinander verbinden. Die H\u00f6hen- und Weitwanderwege sind als mehrt\u00e4gige Routen beschrieben. Darunter sind sehr bekannte, aber auch unbekanntere Routen und eigentliche Geheimtipps. Die L\u00e4nge der jeweiligen Tour l\u00e4sst sich individuell &#8211; von zwei Tagen bis [&#8230;]\n","protected":false},"featured_media":31021,"template":"","meta":[],"product_brand":[],"product_cat":[21542],"product_tag":[],"class_list":{"0":"post-149417","1":"product","2":"type-product","3":"status-publish","4":"has-post-thumbnail","6":"product_cat-sachbuecher-dokumentationen","7":"pa_autor-donatsch","8":"pa_erscheinungsjahr-21591","9":"pa_region-schweiz","10":"pa_sprache-de","12":"first","13":"instock","14":"taxable","15":"shipping-taxable","16":"purchasable","17":"product-type-simple"},"_links":{"self":[{"href":"https:\/\/pizbube.ch\/en\/wp-json\/wp\/v2\/product\/149417","targetHints":{"allow":["GET"]}}],"collection":[{"href":"https:\/\/pizbube.ch\/en\/wp-json\/wp\/v2\/product"}],"about":[{"href":"https:\/\/pizbube.ch\/en\/wp-json\/wp\/v2\/types\/product"}],"wp:featuredmedia":[{"embeddable":true,"href":"https:\/\/pizbube.ch\/en\/wp-json\/wp\/v2\/media\/31021"}],"wp:attachment":[{"href":"https:\/\/pizbube.ch\/en\/wp-json\/wp\/v2\/media?parent=149417"}],"wp:term":[{"taxonomy":"product_brand","embeddable":true,"href":"https:\/\/pizbube.ch\/en\/wp-json\/wp\/v2\/product_brand?post=149417"},{"taxonomy":"product_cat","embeddable":true,"href":"https:\/\/pizbube.ch\/en\/wp-json\/wp\/v2\/product_cat?post=149417"},{"taxonomy":"product_tag","embeddable":true,"href":"https:\/\/pizbube.ch\/en\/wp-json\/wp\/v2\/product_tag?post=149417"}],"curies":[{"name":"wp","href":"https:\/\/api.w.org\/{rel}","templated":true}]}}