{"id":149418,"date":"2021-01-15T10:59:35","date_gmt":"2021-01-15T10:59:35","guid":{"rendered":"https:\/\/codengine3.ch\/?product=import-placeholder-for-204795"},"modified":"2021-01-15T14:36:20","modified_gmt":"2021-01-15T14:36:20","slug":"almagellerhuette-ausflugsziel-und-tourengebiet","status":"publish","type":"product","link":"https:\/\/pizbube.ch\/en\/shop\/almagellerhuette-ausflugsziel-und-tourengebiet\/","title":{"rendered":"Almagellerh\u00fctte &#8211; Ausflugsziel und Tourengebiet"},"content":{"rendered":"<p>30 Jahre Almagellerh\u00fctte 1984-2014<\/p>\n<p>Es erstaunt nicht, dass die Berge die Menschen immer schon faszinierten, sei<br \/>\nes in der G\u00f6tter-Mythologie, in M\u00e4rchen und Sagen, in Furcht und Angst vor dem<br \/>\nGeheimnisvollen, vor Gefahren und Bedrohung. Die Berge zu besteigen, ihre<br \/>\nGeheimnisse zu l\u00fcften, Wege und Routen zu finden trieb Menschen seit geraumer<br \/>\nZeit dazu an. Der Bau von SAC H\u00fctten und Bergunterk\u00fcnften machte es ihnen<br \/>\nleichter und als Ausgangspunkt angenehmer.<\/p>\n<p>Der Bau der Almagellerh\u00fctte auf fast 3000 Meter H\u00f6he zeugt davon. Dieser<br \/>\nBildband berichtet von ihrer Geschichte und von einer herrlichen Bergwelt in<br \/>\neinem wundersch\u00f6nen Hochouren- und Wandergebiet.<br \/>\n104 Seiten<\/p>","protected":false},"excerpt":{"rendered":"<p>30 Jahre Almagellerh\u00fctte 1984-2014 Es erstaunt nicht, dass die Berge die Menschen immer schon faszinierten, sei es in der G\u00f6tter-Mythologie, in M\u00e4rchen und Sagen, in Furcht und Angst vor dem Geheimnisvollen, vor Gefahren und Bedrohung. Die Berge zu besteigen, ihre Geheimnisse zu l\u00fcften, Wege und Routen zu finden trieb Menschen seit geraumer Zeit dazu an. [&#8230;]\n","protected":false},"featured_media":33285,"template":"","meta":[],"product_brand":[],"product_cat":[21542],"product_tag":[],"class_list":{"0":"post-149418","1":"product","2":"type-product","3":"status-publish","4":"has-post-thumbnail","6":"product_cat-sachbuecher-dokumentationen","7":"pa_autor-jaeger","8":"pa_erscheinungsjahr-21597","9":"pa_region-schweiz","10":"pa_sprache-de","12":"first","13":"instock","14":"taxable","15":"shipping-taxable","16":"purchasable","17":"product-type-simple"},"_links":{"self":[{"href":"https:\/\/pizbube.ch\/en\/wp-json\/wp\/v2\/product\/149418","targetHints":{"allow":["GET"]}}],"collection":[{"href":"https:\/\/pizbube.ch\/en\/wp-json\/wp\/v2\/product"}],"about":[{"href":"https:\/\/pizbube.ch\/en\/wp-json\/wp\/v2\/types\/product"}],"wp:featuredmedia":[{"embeddable":true,"href":"https:\/\/pizbube.ch\/en\/wp-json\/wp\/v2\/media\/33285"}],"wp:attachment":[{"href":"https:\/\/pizbube.ch\/en\/wp-json\/wp\/v2\/media?parent=149418"}],"wp:term":[{"taxonomy":"product_brand","embeddable":true,"href":"https:\/\/pizbube.ch\/en\/wp-json\/wp\/v2\/product_brand?post=149418"},{"taxonomy":"product_cat","embeddable":true,"href":"https:\/\/pizbube.ch\/en\/wp-json\/wp\/v2\/product_cat?post=149418"},{"taxonomy":"product_tag","embeddable":true,"href":"https:\/\/pizbube.ch\/en\/wp-json\/wp\/v2\/product_tag?post=149418"}],"curies":[{"name":"wp","href":"https:\/\/api.w.org\/{rel}","templated":true}]}}